{"id":8122,"date":"2022-06-29T17:46:50","date_gmt":"2022-06-29T09:46:50","guid":{"rendered":"https:\/\/sellersunionagent.com\/?post_type=product&#038;p=8122"},"modified":"2022-06-29T17:46:50","modified_gmt":"2022-06-29T09:46:50","slug":"bolsa-de-cosmeticos-com-novo-design-no-atacado-bolsa-de-maquiagem-para-mulheres","status":"publish","type":"product","link":"https:\/\/www.sellersunionagent.com\/pt\/wholesale-new-design-cosmetic-bag-makeup-bag-for-women\/","title":{"rendered":"Bolsa de cosm\u00e9ticos com novo design e atacado Bolsa de maquiagem para mulheres"},"content":{"rendered":"<h2 id=\"title\" class=\"a-size-large a-spacing-none\"><span id=\"productTitle\" class=\"a-size-large product-title-word-break\">Bolsa de cosm\u00e9ticos e maquiagem, bolsa de maquiagem com z\u00edper para mulheres e meninas, organizador de viagem bonito adequado para bolsa<\/span><\/h2>\n<p>&nbsp;<\/p>\n<p>&nbsp;<\/p>\n<ul>\n<li>A bolsa de cosm\u00e9ticos definitiva! Esta pequena bolsa para maquiagem est\u00e1 pronta para proteger seus itens durante as viagens.<\/li>\n<\/ul>\n<p>&nbsp;<\/p>\n<p>&nbsp;<\/p>\n<ul>\n<li>Caracter\u00edsticas e design perfeitos! Se estiver procurando por uma bolsa pr\u00e1tica e port\u00e1til com fecho de z\u00edper, voc\u00ea vai adorar a nossa bolsa para cosm\u00e9ticos! Ela tem v\u00e1rios compartimentos para facilitar a organiza\u00e7\u00e3o.<\/li>\n<\/ul>\n<p>&nbsp;<\/p>\n<p>&nbsp;<\/p>\n<ul>\n<li>Resistente \u00e0 \u00e1gua e \u00e0 lavagem! Al\u00e9m disso, nossa bolsa robusta apresenta um puxador de z\u00edper de metal, que desliza suavemente mesmo quando a bolsa est\u00e1 cheia, para que voc\u00ea possa ter acesso r\u00e1pido aos seus itens essenciais. O design elegante \u00e9 perfeito para uso dom\u00e9stico ou em viagens, mas tamb\u00e9m pode ser colocado em sua bolsa.<\/li>\n<\/ul>\n<p>&nbsp;<\/p>\n<p>&nbsp;<\/p>\n<ul>\n<li>Embalagens e viagens curtas, e est\u00e1 dispon\u00edvel em v\u00e1rias cores para voc\u00ea escolher. Foi especialmente projetada para se adequar a diferentes ocasi\u00f5es, como viagens de neg\u00f3cios, academia, viagens em fam\u00edlia, escola ou uso di\u00e1rio, e \u00e9 apropriada tanto para mulheres quanto para meninas. - Use-a como quiser!<\/li>\n<\/ul>\n<p>&nbsp;<\/p>\n<p>&nbsp;<\/p>\n<ul>\n<li>Ideia requintada para presente! Quer impressionar algu\u00e9m com um presente inovador? Esta bolsa de maquiagem para viagem \u00e9 a ideia perfeita para presente. Modernas e elegantes, as bolsas para cosm\u00e9ticos fazem parte de uma nova cole\u00e7\u00e3o dedicada a mulheres de todas as idades que querem estar em dia com a moda.<\/li>\n<\/ul>\n<p>&nbsp;<\/p>\n<p><img fetchpriority=\"high\" decoding=\"async\" class=\"aligncenter wp-image-8142\" src=\"https:\/\/www.sellersunionagent.com\/wp-content\/uploads\/2022\/06\/wholesale-new-design-cosmetic-bag.jpg\" alt=\"\" width=\"500\" height=\"500\" \/><\/p>\n<p><img decoding=\"async\" class=\"aligncenter wp-image-8145\" src=\"https:\/\/www.sellersunionagent.com\/wp-content\/uploads\/2022\/06\/wholesale-new-design-cosmetic-bag-2.jpg\" alt=\"\" width=\"500\" height=\"499\" \/><\/p>\n<p><img decoding=\"async\" class=\"aligncenter wp-image-8147\" src=\"https:\/\/www.sellersunionagent.com\/wp-content\/uploads\/2022\/06\/wholesale-new-design-cosmetic-bag-3.jpg\" alt=\"\" width=\"500\" height=\"500\" \/><\/p>\n<p><img loading=\"lazy\" decoding=\"async\" class=\"aligncenter wp-image-8153\" src=\"https:\/\/www.sellersunionagent.com\/wp-content\/uploads\/2022\/06\/wholesale-new-design-cosmetic-bag-6.jpg\" alt=\"\" width=\"500\" height=\"500\" \/><\/p>\n<p><img loading=\"lazy\" decoding=\"async\" class=\"aligncenter wp-image-8155\" src=\"https:\/\/www.sellersunionagent.com\/wp-content\/uploads\/2022\/06\/wholesale-new-design-cosmetic-bag-7.jpg\" alt=\"\" width=\"500\" height=\"496\" \/><\/p>\n<p>&nbsp;<\/p>","protected":false},"excerpt":{"rendered":"<p><strong>\u00a0<\/strong><strong>Tipo<\/strong>: Bolsa de maquiagem<\/p>\n<p><strong>N\u00famero do item:<\/strong> GN018<\/p>\n<p><strong>Tamanho do item<\/strong>: 19*10*14CM<\/p>\n<p><strong>Material: <\/strong>tecido oxford<\/p>","protected":false},"featured_media":8178,"comment_status":"open","ping_status":"closed","template":"","meta":{"_acf_changed":false},"product_brand":[],"product_cat":[30],"product_tag":[80,78,94],"class_list":{"0":"post-8122","1":"product","2":"type-product","3":"status-publish","4":"has-post-thumbnail","6":"product_cat-makeup-bag","7":"product_tag-hot-sales","8":"product_tag-makeup-bag","9":"product_tag-organizer","11":"first","12":"instock","13":"shipping-taxable","14":"product-type-simple","15":"swiper-slide"},"acf":[],"_links":{"self":[{"href":"https:\/\/www.sellersunionagent.com\/pt\/wp-json\/wp\/v2\/product\/8122","targetHints":{"allow":["GET"]}}],"collection":[{"href":"https:\/\/www.sellersunionagent.com\/pt\/wp-json\/wp\/v2\/product"}],"about":[{"href":"https:\/\/www.sellersunionagent.com\/pt\/wp-json\/wp\/v2\/types\/product"}],"replies":[{"embeddable":true,"href":"https:\/\/www.sellersunionagent.com\/pt\/wp-json\/wp\/v2\/comments?post=8122"}],"wp:featuredmedia":[{"embeddable":true,"href":"https:\/\/www.sellersunionagent.com\/pt\/wp-json\/wp\/v2\/media\/8178"}],"wp:attachment":[{"href":"https:\/\/www.sellersunionagent.com\/pt\/wp-json\/wp\/v2\/media?parent=8122"}],"wp:term":[{"taxonomy":"product_brand","embeddable":true,"href":"https:\/\/www.sellersunionagent.com\/pt\/wp-json\/wp\/v2\/product_brand?post=8122"},{"taxonomy":"product_cat","embeddable":true,"href":"https:\/\/www.sellersunionagent.com\/pt\/wp-json\/wp\/v2\/product_cat?post=8122"},{"taxonomy":"product_tag","embeddable":true,"href":"https:\/\/www.sellersunionagent.com\/pt\/wp-json\/wp\/v2\/product_tag?post=8122"}],"curies":[{"name":"wp","href":"https:\/\/api.w.org\/{rel}","templated":true}]}}