{"id":8118,"date":"2022-06-29T17:40:12","date_gmt":"2022-06-29T09:40:12","guid":{"rendered":"https:\/\/sellersunionagent.com\/?post_type=product&#038;p=8118"},"modified":"2026-01-06T14:29:24","modified_gmt":"2026-01-06T06:29:24","slug":"lancheira-isolada-personalizada-em-formato-redondo","status":"publish","type":"product","link":"https:\/\/www.sellersunionagent.com\/pt\/custom-round-shape-insulated-lunch-bag\/","title":{"rendered":"Bolsa t\u00e9rmica isolada personalizada em formato redondo"},"content":{"rendered":"<h2>Bolsa t\u00e9rmica isolada personalizada em formato redondo<\/h2>\n<p><strong>Tipo<\/strong>: Bolsa t\u00e9rmica<\/p>\n<p><strong>N\u00famero do item:<\/strong> JF002<\/p>\n<p><strong>Tamanho do item<\/strong>: S: 17*19cm, cerca de 4,3L\/ M: 17*25cm, cerca de 5,6L\/ L: 19*25cm, cerca de 7L<\/p>\n<p><strong>Cores<\/strong>: Azul escuro\/ cinza\/ preto\/ vermelho escuro<\/p>\n<p><strong>Material:<\/strong><span id=\"w_199\" class=\"\">Oxford\u00a0<\/span><span id=\"w_200\" class=\"\">tecido\u00a0<\/span><\/p>\n<p>&nbsp;<\/p>\n<p>&nbsp;<\/p>\n<ul>\n<li>A caixa \u00e9 feita de tecido oxford espesso, que \u00e9 resistente a rasgos e dur\u00e1vel.<\/li>\n<li>O forro feito de folha de alum\u00ednio faz com que este produto se orgulhe da excelente preserva\u00e7\u00e3o do calor. E f\u00e1cil de limpar a sujeira, f\u00e1cil de limpar. O forro interno \u00e9 de algod\u00e3o perolado, macio e resistente a choques.<\/li>\n<li>Design com isolamento t\u00e9rmico para manter os alimentos frescos por mais tempo.<\/li>\n<li>O z\u00edper de duas vias, a al\u00e7a macia e as al\u00e7as remov\u00edveis facilitam o transporte.<\/li>\n<li>Bolso frontal, conveniente para armazenar pequenos itens di\u00e1rios<\/li>\n<li>Adequado para uso no trabalho, na escola, em viagens, em acampamentos, etc.<\/li>\n<\/ul>\n<p><img fetchpriority=\"high\" decoding=\"async\" class=\"aligncenter wp-image-8119\" src=\"https:\/\/www.sellersunionagent.com\/wp-content\/uploads\/2022\/06\/custom-round-shape-insulated-thermal-bag.jpg\" alt=\"Personalizado\" width=\"500\" height=\"500\" \/><img decoding=\"async\" class=\"aligncenter wp-image-8157\" src=\"https:\/\/www.sellersunionagent.com\/wp-content\/uploads\/2022\/06\/custom-round-shape-insulated-thermal-bag-5.jpg\" alt=\"Personalizado\" width=\"600\" height=\"341\" \/><img decoding=\"async\" class=\"aligncenter wp-image-8158\" src=\"https:\/\/www.sellersunionagent.com\/wp-content\/uploads\/2022\/06\/custom-round-shape-insulated-thermal-bag-4.jpg\" alt=\"Personalizado\" width=\"600\" height=\"336\" \/><img loading=\"lazy\" decoding=\"async\" class=\"aligncenter wp-image-8159\" src=\"https:\/\/www.sellersunionagent.com\/wp-content\/uploads\/2022\/06\/custom-round-shape-insulated-thermal-bag-3.jpg\" alt=\"Personalizado\" width=\"600\" height=\"333\" \/><img loading=\"lazy\" decoding=\"async\" class=\"aligncenter wp-image-8120\" src=\"https:\/\/www.sellersunionagent.com\/wp-content\/uploads\/2022\/06\/custom-round-shape-insulated-thermal-bag-1.jpg\" alt=\"Personalizado\" width=\"600\" height=\"600\" \/><img loading=\"lazy\" decoding=\"async\" class=\"aligncenter wp-image-8156\" src=\"https:\/\/www.sellersunionagent.com\/wp-content\/uploads\/2022\/06\/custom-round-shape-insulated-thermal-bag-6.jpg\" alt=\"Personalizado\" width=\"600\" height=\"600\" \/> <img loading=\"lazy\" decoding=\"async\" class=\"aligncenter wp-image-8161\" src=\"https:\/\/www.sellersunionagent.com\/wp-content\/uploads\/2022\/06\/custom-round-shape-insulated-thermal-bag-7.jpg\" alt=\"Personalizado\" width=\"600\" height=\"400\" \/> <img loading=\"lazy\" decoding=\"async\" class=\"aligncenter wp-image-8164\" src=\"https:\/\/www.sellersunionagent.com\/wp-content\/uploads\/2022\/06\/custom-round-shape-insulated-thermal-bag-9.png\" alt=\"Personalizado\" width=\"600\" height=\"402\" \/> <img loading=\"lazy\" decoding=\"async\" class=\"aligncenter wp-image-8163\" src=\"https:\/\/www.sellersunionagent.com\/wp-content\/uploads\/2022\/06\/custom-round-shape-insulated-thermal-bag-10.png\" alt=\"Personalizado\" width=\"600\" height=\"400\" \/><img loading=\"lazy\" decoding=\"async\" class=\"aligncenter wp-image-8121 size-full\" src=\"https:\/\/www.sellersunionagent.com\/wp-content\/uploads\/2022\/06\/custom-round-shape-insulated-thermal-bag-2.jpg\" alt=\"Personalizado\" width=\"509\" height=\"1111\" \/><\/p>","protected":false},"excerpt":{"rendered":"<p><strong>MOQ<\/strong>: 500 ou Flex\u00edvel<\/p>\n<p><strong>Amostra gr\u00e1tis<\/strong>: Com suporte<\/p>\n<p><strong>Personaliza\u00e7\u00e3o<\/strong>: logotipo\/cor\/materiais\/embalagem<\/p>\n<p><strong>Desconto<\/strong>: 10% off em seu primeiro pedido<\/p>\n<p><strong>Taxa de entrega no prazo<\/strong>: 100%<\/p>\n<p><strong>Total de remessas<\/strong>: 106823 PCS<\/p>\n<p><strong>Remessa<\/strong>: Suporte expresso\/frete mar\u00edtimo\/frete terrestre<\/p>\n<p>&nbsp;<\/p>\n<p>&nbsp;<\/p>\n<p>Como um fornecedor de lancheiras de venda quente na China, temos mais de 20 anos de experi\u00eancia e estamos comprometidos em fornecer produtos de armazenamento com design personalizado a pre\u00e7os competitivos. Exportamos produtos da moda, de alta qualidade e bom pre\u00e7o, oferecemos suporte \u00e0 personaliza\u00e7\u00e3o OEM e ODM e fornecemos a voc\u00ea um servi\u00e7o profissional completo.<\/p>","protected":false},"featured_media":8119,"comment_status":"open","ping_status":"closed","template":"","meta":{"_acf_changed":false},"product_brand":[],"product_cat":[28],"product_tag":[121,138],"class_list":{"0":"post-8118","1":"product","2":"type-product","3":"status-publish","4":"has-post-thumbnail","6":"product_cat-lunch-bag","7":"product_tag-custom","8":"product_tag-insulated","10":"first","11":"instock","12":"shipping-taxable","13":"purchasable","14":"product-type-simple","15":"swiper-slide"},"acf":[],"_links":{"self":[{"href":"https:\/\/www.sellersunionagent.com\/pt\/wp-json\/wp\/v2\/product\/8118","targetHints":{"allow":["GET"]}}],"collection":[{"href":"https:\/\/www.sellersunionagent.com\/pt\/wp-json\/wp\/v2\/product"}],"about":[{"href":"https:\/\/www.sellersunionagent.com\/pt\/wp-json\/wp\/v2\/types\/product"}],"replies":[{"embeddable":true,"href":"https:\/\/www.sellersunionagent.com\/pt\/wp-json\/wp\/v2\/comments?post=8118"}],"wp:featuredmedia":[{"embeddable":true,"href":"https:\/\/www.sellersunionagent.com\/pt\/wp-json\/wp\/v2\/media\/8119"}],"wp:attachment":[{"href":"https:\/\/www.sellersunionagent.com\/pt\/wp-json\/wp\/v2\/media?parent=8118"}],"wp:term":[{"taxonomy":"product_brand","embeddable":true,"href":"https:\/\/www.sellersunionagent.com\/pt\/wp-json\/wp\/v2\/product_brand?post=8118"},{"taxonomy":"product_cat","embeddable":true,"href":"https:\/\/www.sellersunionagent.com\/pt\/wp-json\/wp\/v2\/product_cat?post=8118"},{"taxonomy":"product_tag","embeddable":true,"href":"https:\/\/www.sellersunionagent.com\/pt\/wp-json\/wp\/v2\/product_tag?post=8118"}],"curies":[{"name":"wp","href":"https:\/\/api.w.org\/{rel}","templated":true}]}}