{"id":8099,"date":"2022-06-29T16:13:46","date_gmt":"2022-06-29T08:13:46","guid":{"rendered":"https:\/\/sellersunionagent.com\/?post_type=product&#038;p=8099"},"modified":"2022-08-31T14:10:57","modified_gmt":"2022-08-31T06:10:57","slug":"saco-de-armazenamento-organizador-de-cobertores-para-roupas-de-cama-com-ziper-resistente-fornecedor-atacadista-a-granel","status":"publish","type":"product","link":"https:\/\/www.sellersunionagent.com\/pt\/clothes-quilt-bedding-blanket-organizer-storage-bag-with-sturdy-zipper-bulk-wholesale-supplier\/","title":{"rendered":"Saco de armazenamento organizador de cobertores para roupas e colchas com z\u00edper resistente Fornecedor atacadista a granel"},"content":{"rendered":"<h2>Saco de armazenamento organizador de cobertores para roupas e colchas com z\u00edper resistente Fornecedor atacadista a granel<\/h2>\n<ul>\n<li>Alta capacidade<\/li>\n<li>Multifuncional<\/li>\n<li>\u00c0 prova d'\u00e1gua, \u00e0 prova de arranh\u00f5es e resistente ao desgaste<\/li>\n<li>Al\u00e7a refor\u00e7ada com grande capacidade de carga<\/li>\n<li>Favor\u00e1vel ao meio ambiente e sem gosto<\/li>\n<li>Dobr\u00e1vel<\/li>\n<li>F\u00e1cil de mover<\/li>\n<li><img fetchpriority=\"high\" decoding=\"async\" class=\"aligncenter wp-image-8115\" src=\"https:\/\/www.sellersunionagent.com\/wp-content\/uploads\/2022\/06\/clothes-quilt-bedding-blanket-organizer-storage-bag-7.jpg\" alt=\"Fornecedor atacadista a granel\" width=\"600\" height=\"600\" \/><img decoding=\"async\" class=\"aligncenter wp-image-8113\" src=\"https:\/\/www.sellersunionagent.com\/wp-content\/uploads\/2022\/06\/clothes-quilt-bedding-blanket-organizer-storage-bag-5.jpg\" alt=\"Fornecedor atacadista a granel\" width=\"600\" height=\"857\" \/><img decoding=\"async\" class=\"aligncenter wp-image-8109\" src=\"https:\/\/www.sellersunionagent.com\/wp-content\/uploads\/2022\/06\/clothes-quilt-bedding-blanket-organizer-storage-bag-1.jpg\" alt=\"Fornecedor atacadista a granel\" width=\"600\" height=\"600\" \/> <img loading=\"lazy\" decoding=\"async\" class=\"aligncenter wp-image-8110\" src=\"https:\/\/www.sellersunionagent.com\/wp-content\/uploads\/2022\/06\/clothes-quilt-bedding-blanket-organizer-storage-bag-2.jpg\" alt=\"Fornecedor atacadista a granel\" width=\"600\" height=\"600\" \/><img loading=\"lazy\" decoding=\"async\" class=\"aligncenter wp-image-8114\" src=\"https:\/\/www.sellersunionagent.com\/wp-content\/uploads\/2022\/06\/clothes-quilt-bedding-blanket-organizer-storage-bag-6.jpg\" alt=\"Fornecedor atacadista a granel\" width=\"600\" height=\"977\" \/><\/li>\n<\/ul>","protected":false},"excerpt":{"rendered":"<p><strong>Tipo<\/strong>:<span id=\"productTitle\" class=\"a-size-large product-title-word-break\">\u00a0Saco de armazenamento organizador de cobertores para roupas de cama<\/span><\/p>\n<p><strong>N\u00famero do item:<\/strong> JF003<\/p>\n<p><strong>Tamanho do item<\/strong>: S: 47*32*54cm\/ M: 57*42*54cm<\/p>\n<p><strong>Cores<\/strong>: Azul\/cinza\/vermelho<\/p>\n<p><strong>Material:<\/strong><span id=\"w_199\" class=\"\">Oxford\u00a0<\/span><span id=\"w_200\" class=\"\">tecido\u00a0<\/span><\/p>\n<p>&nbsp;<\/p>\n<p>&nbsp;<\/p>\n<p>A Sullier vende sacos de armazenamento baratos no atacado. Materiais selecionados, acabamento superior, n\u00e3o o deixar\u00e3o decepcionado com a escolha!<\/p>","protected":false},"featured_media":8108,"comment_status":"open","ping_status":"closed","template":"","meta":{"_acf_changed":false},"product_brand":[],"product_cat":[31,187],"product_tag":[129],"class_list":{"0":"post-8099","1":"product","2":"type-product","3":"status-publish","4":"has-post-thumbnail","6":"product_cat-home-storage","7":"product_cat-bedroom","8":"product_tag-enlarged","10":"first","11":"instock","12":"shipping-taxable","13":"product-type-simple","14":"swiper-slide"},"acf":[],"_links":{"self":[{"href":"https:\/\/www.sellersunionagent.com\/pt\/wp-json\/wp\/v2\/product\/8099","targetHints":{"allow":["GET"]}}],"collection":[{"href":"https:\/\/www.sellersunionagent.com\/pt\/wp-json\/wp\/v2\/product"}],"about":[{"href":"https:\/\/www.sellersunionagent.com\/pt\/wp-json\/wp\/v2\/types\/product"}],"replies":[{"embeddable":true,"href":"https:\/\/www.sellersunionagent.com\/pt\/wp-json\/wp\/v2\/comments?post=8099"}],"wp:featuredmedia":[{"embeddable":true,"href":"https:\/\/www.sellersunionagent.com\/pt\/wp-json\/wp\/v2\/media\/8108"}],"wp:attachment":[{"href":"https:\/\/www.sellersunionagent.com\/pt\/wp-json\/wp\/v2\/media?parent=8099"}],"wp:term":[{"taxonomy":"product_brand","embeddable":true,"href":"https:\/\/www.sellersunionagent.com\/pt\/wp-json\/wp\/v2\/product_brand?post=8099"},{"taxonomy":"product_cat","embeddable":true,"href":"https:\/\/www.sellersunionagent.com\/pt\/wp-json\/wp\/v2\/product_cat?post=8099"},{"taxonomy":"product_tag","embeddable":true,"href":"https:\/\/www.sellersunionagent.com\/pt\/wp-json\/wp\/v2\/product_tag?post=8099"}],"curies":[{"name":"wp","href":"https:\/\/api.w.org\/{rel}","templated":true}]}}