{"id":8098,"date":"2022-06-29T16:07:26","date_gmt":"2022-06-29T08:07:26","guid":{"rendered":"https:\/\/sellersunionagent.com\/?post_type=product&#038;p=8098"},"modified":"2022-08-31T14:11:07","modified_gmt":"2022-08-31T06:11:07","slug":"organizador-de-armario-espesso-macio-e-respiravel-para-roupas-de-cama-edredons-travesseiros-cobertores-e-roupas","status":"publish","type":"product","link":"https:\/\/www.sellersunionagent.com\/pt\/thick-soft-breathable-closet-organizer-for-bedding-comforters-pillows-blankets-clothes\/","title":{"rendered":"Organizador de arm\u00e1rios espesso, macio e respir\u00e1vel para roupas de cama, edredons, travesseiros, cobertores e roupas"},"content":{"rendered":"<h2 id=\"title\" class=\"a-size-large a-spacing-none\"><span id=\"productTitle\" class=\"a-size-large product-title-word-break\">Organizador de arm\u00e1rios espesso, macio e respir\u00e1vel para roupas de cama, edredons, travesseiros, cobertores e roupas<\/span><\/h2>\n<p>&nbsp;<\/p>\n<p>Essa bolsa de armazenamento foi feita de PEVA e embalada em um saco de OPP. Ela \u00e9 respir\u00e1vel e espessa, sendo muito resistente e dur\u00e1vel.<\/p>\n<p>&nbsp;<\/p>\n<p>&nbsp;<\/p>\n<p>O peso desse produto \u00e9 de apenas 130g. Voc\u00ea pode us\u00e1-lo para guardar edredons ou qualquer outra roupa, como edredons, cobertores, roupas, travesseiros, su\u00e9teres e assim por diante. Quando n\u00e3o precisar dele, poder\u00e1 dobr\u00e1-lo facilmente e guard\u00e1-lo no arm\u00e1rio.<\/p>\n<p>&nbsp;<\/p>\n<p>&nbsp;<\/p>\n<p>Pode ser lavada e tem longa vida \u00fatil. No entanto, \u00e9 uma bolsa macia sem nenhuma estrutura de arma\u00e7\u00e3o.<\/p>\n<p>&nbsp;<\/p>\n<p>&nbsp;<\/p>\n<p><img fetchpriority=\"high\" decoding=\"async\" class=\"aligncenter wp-image-8799\" src=\"https:\/\/www.sellersunionagent.com\/wp-content\/uploads\/2022\/06\/thick-soft-breathable-closet-organizer-14.jpg\" alt=\"\" width=\"600\" height=\"600\" \/> <img decoding=\"async\" class=\"aligncenter wp-image-8800\" src=\"https:\/\/www.sellersunionagent.com\/wp-content\/uploads\/2022\/06\/thick-soft-breathable-closet-organizer-13.jpg\" alt=\"\" width=\"600\" height=\"600\" \/> <img decoding=\"async\" class=\"aligncenter wp-image-8801\" src=\"https:\/\/www.sellersunionagent.com\/wp-content\/uploads\/2022\/06\/thick-soft-breathable-closet-organizer-12.jpg\" alt=\"\" width=\"600\" height=\"600\" \/><\/p>","protected":false},"excerpt":{"rendered":"<p>Tipo:Armazenamento dom\u00e9stico<\/p>\n<p>N\u00ba do item:GN014<\/p>\n<p>Peso: 130g<\/p>\n<p>OEM\/ODM: aceito<\/p>","protected":false},"featured_media":8105,"comment_status":"open","ping_status":"closed","template":"","meta":{"_acf_changed":false},"product_brand":[],"product_cat":[31,187],"product_tag":[70,64],"class_list":{"0":"post-8098","1":"product","2":"type-product","3":"status-publish","4":"has-post-thumbnail","6":"product_cat-home-storage","7":"product_cat-bedroom","8":"product_tag-home-storage","9":"product_tag-travel","11":"first","12":"instock","13":"shipping-taxable","14":"product-type-simple","15":"swiper-slide"},"acf":[],"_links":{"self":[{"href":"https:\/\/www.sellersunionagent.com\/pt\/wp-json\/wp\/v2\/product\/8098","targetHints":{"allow":["GET"]}}],"collection":[{"href":"https:\/\/www.sellersunionagent.com\/pt\/wp-json\/wp\/v2\/product"}],"about":[{"href":"https:\/\/www.sellersunionagent.com\/pt\/wp-json\/wp\/v2\/types\/product"}],"replies":[{"embeddable":true,"href":"https:\/\/www.sellersunionagent.com\/pt\/wp-json\/wp\/v2\/comments?post=8098"}],"wp:featuredmedia":[{"embeddable":true,"href":"https:\/\/www.sellersunionagent.com\/pt\/wp-json\/wp\/v2\/media\/8105"}],"wp:attachment":[{"href":"https:\/\/www.sellersunionagent.com\/pt\/wp-json\/wp\/v2\/media?parent=8098"}],"wp:term":[{"taxonomy":"product_brand","embeddable":true,"href":"https:\/\/www.sellersunionagent.com\/pt\/wp-json\/wp\/v2\/product_brand?post=8098"},{"taxonomy":"product_cat","embeddable":true,"href":"https:\/\/www.sellersunionagent.com\/pt\/wp-json\/wp\/v2\/product_cat?post=8098"},{"taxonomy":"product_tag","embeddable":true,"href":"https:\/\/www.sellersunionagent.com\/pt\/wp-json\/wp\/v2\/product_tag?post=8098"}],"curies":[{"name":"wp","href":"https:\/\/api.w.org\/{rel}","templated":true}]}}