{"id":8075,"date":"2022-06-29T15:04:55","date_gmt":"2022-06-29T07:04:55","guid":{"rendered":"https:\/\/sellersunionagent.com\/?post_type=product&#038;p=8075"},"modified":"2022-06-29T15:04:56","modified_gmt":"2022-06-29T07:04:56","slug":"bolsa-de-maquiagem-de-viagem-com-estampa-de-desenho-animado","status":"publish","type":"product","link":"https:\/\/www.sellersunionagent.com\/pt\/cartoon-printed-travel-makeup-bag\/","title":{"rendered":"Bolsa de maquiagem para viagem com estampa de desenho animado"},"content":{"rendered":"<h2>Bolsa de maquiagem para viagem com estampa de desenho animado<\/h2>\n<ul>\n<li>Grande capacidade<\/li>\n<li>Z\u00edper duplo suave e dur\u00e1vel<\/li>\n<li>Impress\u00e3o requintada<\/li>\n<li>Tecido Oxford \u00e0 prova de umidade e mofo<\/li>\n<li>Al\u00e7a acoplada para f\u00e1cil acesso\n<p>&nbsp;<\/p>\n<p><img fetchpriority=\"high\" decoding=\"async\" class=\"aligncenter wp-image-8078\" src=\"https:\/\/www.sellersunionagent.com\/wp-content\/uploads\/2022\/06\/cartoon-printed-travel-makeup-bag-2.jpg\" alt=\"Bolsa de maquiagem para viagem \" width=\"600\" height=\"600\" \/><img decoding=\"async\" class=\"aligncenter wp-image-8081\" src=\"https:\/\/www.sellersunionagent.com\/wp-content\/uploads\/2022\/06\/cartoon-printed-travel-makeup-bag-5.jpg\" alt=\"Bolsa de maquiagem para viagem \" width=\"600\" height=\"600\" \/>\u00a0<img decoding=\"async\" class=\"aligncenter wp-image-8077\" src=\"https:\/\/www.sellersunionagent.com\/wp-content\/uploads\/2022\/06\/cartoon-printed-travel-makeup-bag-1.jpg\" alt=\"Bolsa de maquiagem para viagem \" width=\"600\" height=\"600\" \/> \u00a0<img loading=\"lazy\" decoding=\"async\" class=\"aligncenter wp-image-8079\" src=\"https:\/\/www.sellersunionagent.com\/wp-content\/uploads\/2022\/06\/cartoon-printed-travel-makeup-bag-3.jpg\" alt=\"Bolsa de maquiagem para viagem \" width=\"600\" height=\"600\" \/><\/p>\n<p><img loading=\"lazy\" decoding=\"async\" class=\"aligncenter wp-image-8083\" src=\"https:\/\/www.sellersunionagent.com\/wp-content\/uploads\/2022\/06\/cartoon-printed-travel-makeup-bag-7.jpg\" alt=\"Bolsa de maquiagem para viagem \" width=\"600\" height=\"600\" \/> \u00a0<img loading=\"lazy\" decoding=\"async\" class=\"aligncenter wp-image-8082\" src=\"https:\/\/www.sellersunionagent.com\/wp-content\/uploads\/2022\/06\/cartoon-printed-travel-makeup-bag-6.jpg\" alt=\"Bolsa de maquiagem para viagem \" width=\"600\" height=\"600\" \/><\/li>\n<\/ul>","protected":false},"excerpt":{"rendered":"<p><strong>Tipo<\/strong>: Bolsa para cosm\u00e9ticos<\/p>\n<p><strong>N\u00famero do item:<\/strong> JF004<\/p>\n<p><strong>Tamanho do item<\/strong>: 22*16*8cm<\/p>\n<p><strong>Cores<\/strong>: Rosa\/ preto\/ azul\/ branco\/ cinza<\/p>\n<p><strong>Material: <\/strong>Couro artificial + tecido Oxford<\/p>\n<p>&nbsp;<\/p>\n<p>&nbsp;<\/p>\n<p>Produzimos excelentes bolsas de cosm\u00e9ticos para viagem. Raz\u00f5es para nos escolher:<br \/>\nProdutos certificados por institui\u00e7\u00f5es profissionais, com fornecimento suficiente e est\u00e1vel<br \/>\nMais de vinte anos de experi\u00eancia, com dep\u00f3sitos de tecnologia e qualidade.<br \/>\nPersonaliza\u00e7\u00e3o bem-vinda para atender a diferentes necessidades<br \/>\nProdu\u00e7\u00e3o e envio na velocidade mais r\u00e1pida<br \/>\nServi\u00e7o completo e atencioso, incluindo pr\u00e9-vendas, vendas e p\u00f3s-vendas<\/p>","protected":false},"featured_media":8076,"comment_status":"open","ping_status":"closed","template":"","meta":{"_acf_changed":false},"product_brand":[],"product_cat":[30],"product_tag":[48,78],"class_list":{"0":"post-8075","1":"product","2":"type-product","3":"status-publish","4":"has-post-thumbnail","6":"product_cat-makeup-bag","7":"product_tag-large-capacity","8":"product_tag-makeup-bag","10":"first","11":"instock","12":"shipping-taxable","13":"product-type-simple","14":"swiper-slide"},"acf":[],"_links":{"self":[{"href":"https:\/\/www.sellersunionagent.com\/pt\/wp-json\/wp\/v2\/product\/8075","targetHints":{"allow":["GET"]}}],"collection":[{"href":"https:\/\/www.sellersunionagent.com\/pt\/wp-json\/wp\/v2\/product"}],"about":[{"href":"https:\/\/www.sellersunionagent.com\/pt\/wp-json\/wp\/v2\/types\/product"}],"replies":[{"embeddable":true,"href":"https:\/\/www.sellersunionagent.com\/pt\/wp-json\/wp\/v2\/comments?post=8075"}],"wp:featuredmedia":[{"embeddable":true,"href":"https:\/\/www.sellersunionagent.com\/pt\/wp-json\/wp\/v2\/media\/8076"}],"wp:attachment":[{"href":"https:\/\/www.sellersunionagent.com\/pt\/wp-json\/wp\/v2\/media?parent=8075"}],"wp:term":[{"taxonomy":"product_brand","embeddable":true,"href":"https:\/\/www.sellersunionagent.com\/pt\/wp-json\/wp\/v2\/product_brand?post=8075"},{"taxonomy":"product_cat","embeddable":true,"href":"https:\/\/www.sellersunionagent.com\/pt\/wp-json\/wp\/v2\/product_cat?post=8075"},{"taxonomy":"product_tag","embeddable":true,"href":"https:\/\/www.sellersunionagent.com\/pt\/wp-json\/wp\/v2\/product_tag?post=8075"}],"curies":[{"name":"wp","href":"https:\/\/api.w.org\/{rel}","templated":true}]}}