{"id":8069,"date":"2022-06-29T06:41:32","date_gmt":"2022-06-28T22:41:32","guid":{"rendered":"https:\/\/sellersunionagent.com\/?post_type=product&#038;p=8069"},"modified":"2022-07-13T15:09:03","modified_gmt":"2022-07-13T07:09:03","slug":"bolsa-de-maquiagem-para-viagembolsa-de-cosmeticos-bolsa-de-higiene-para-viagem-para-mulheresorganizador-de-viagem-de-maquiagem-a-prova-dagua-translucido","status":"publish","type":"product","link":"https:\/\/www.sellersunionagent.com\/pt\/travel-makeup-bagcosmetic-bag%ef%bc%8ctravel-toiletry-bag-for-womentranslucent-waterproof-makeup-cosmetic-bag-travel-organizer\/","title":{"rendered":"Bolsa de maquiagem de viagem personalizada, bolsa de cosm\u00e9ticos, bolsa de toucador de viagem para mulheres, bolsa de maquiagem \u00e0 prova d'\u00e1gua transl\u00facida, organizador de viagem"},"content":{"rendered":"<h2 id=\"title\" class=\"a-size-large a-spacing-none\"><span id=\"productTitle\" class=\"a-size-large product-title-word-break\">Bolsa de maquiagem de viagem personalizada, bolsa de cosm\u00e9ticos, bolsa de toucador de viagem para mulheres, bolsa de maquiagem \u00e0 prova d'\u00e1gua transl\u00facida, organizador de viagem<\/span><\/h2>\n<p>&nbsp;<\/p>\n<p>&nbsp;<\/p>\n<p>Nosso armazenamento suspenso \u00e9 feito de tecido Oxford de alta qualidade, muito mais resistente do que os tecidos n\u00e3o tecidos e os bolsos de PVC. Com uma bolsa de malha de dupla face, ele economiza espa\u00e7o e \u00e9 dur\u00e1vel. Ele pode ser colocado no campo de vis\u00e3o e colocado separadamente.<\/p>\n<p>&nbsp;<\/p>\n<p>&nbsp;<\/p>\n<p>Gancho forte e resistente, pode ser pendurado em portas, paredes, arm\u00e1rios, quartos, etc. O gancho pode ser facilmente removido e a bolsa de armazenamento pode ser enrolada ou dobrada.<\/p>\n<p>&nbsp;<\/p>\n<p>&nbsp;<\/p>\n<p>As cestas suspensas multifuncionais para organiza\u00e7\u00e3o podem ser penduradas no quarto, no banheiro, na cozinha, no escrit\u00f3rio e podem armazenar todos os controles remotos, \u00f3culos, joias, bast\u00f5es \u00e0 prova de umidade, carregadores, correspond\u00eancias, contas, chaves, pequenos blocos de anota\u00e7\u00f5es, algumas canetas, envelopes etc. \u00c9 um item perdido.<\/p>\n<p>&nbsp;<\/p>\n<p>&nbsp;<\/p>\n<p><img fetchpriority=\"high\" decoding=\"async\" class=\"aligncenter wp-image-8074\" src=\"https:\/\/www.sellersunionagent.com\/wp-content\/uploads\/2022\/06\/drawer-underwear-organizer-divider-8.jpg\" alt=\"\" width=\"600\" height=\"600\" \/><img decoding=\"async\" class=\"aligncenter wp-image-8070\" src=\"https:\/\/www.sellersunionagent.com\/wp-content\/uploads\/2022\/06\/drawer-underwear-organizer-divider-4.jpg\" alt=\"Distribuidor\" width=\"600\" height=\"600\" \/> <img decoding=\"async\" class=\"aligncenter wp-image-8072\" src=\"https:\/\/www.sellersunionagent.com\/wp-content\/uploads\/2022\/06\/drawer-underwear-organizer-divider-6.jpg\" alt=\"Distribuidor\" width=\"600\" height=\"600\" \/> <img loading=\"lazy\" decoding=\"async\" class=\"aligncenter wp-image-8073\" src=\"https:\/\/www.sellersunionagent.com\/wp-content\/uploads\/2022\/06\/custom-travel-makeup-bag.jpg\" alt=\"Distribuidor\" width=\"600\" height=\"600\" \/> <img loading=\"lazy\" decoding=\"async\" class=\"aligncenter wp-image-8074\" src=\"https:\/\/www.sellersunionagent.com\/wp-content\/uploads\/2022\/06\/drawer-underwear-organizer-divider-8.jpg\" alt=\"Distribuidor\" width=\"600\" height=\"600\" \/><\/p>","protected":false},"excerpt":{"rendered":"<p>Nome: Saco de armazenamento dom\u00e9stico<\/p>\n<p>N\u00ba do item: MYXS-006<\/p>\n<p>Tamanho:&amp;Peso: 24*17*13CM-210g<\/p>","protected":false},"featured_media":8071,"comment_status":"open","ping_status":"closed","template":"","meta":{"_acf_changed":false},"product_brand":[],"product_cat":[33],"product_tag":[62],"class_list":{"0":"post-8069","1":"product","2":"type-product","3":"status-publish","4":"has-post-thumbnail","6":"product_cat-toiletry-bag","7":"product_tag-multifunctionwashing-bagorganizer","9":"first","10":"instock","11":"shipping-taxable","12":"product-type-simple","13":"swiper-slide"},"acf":[],"_links":{"self":[{"href":"https:\/\/www.sellersunionagent.com\/pt\/wp-json\/wp\/v2\/product\/8069","targetHints":{"allow":["GET"]}}],"collection":[{"href":"https:\/\/www.sellersunionagent.com\/pt\/wp-json\/wp\/v2\/product"}],"about":[{"href":"https:\/\/www.sellersunionagent.com\/pt\/wp-json\/wp\/v2\/types\/product"}],"replies":[{"embeddable":true,"href":"https:\/\/www.sellersunionagent.com\/pt\/wp-json\/wp\/v2\/comments?post=8069"}],"wp:featuredmedia":[{"embeddable":true,"href":"https:\/\/www.sellersunionagent.com\/pt\/wp-json\/wp\/v2\/media\/8071"}],"wp:attachment":[{"href":"https:\/\/www.sellersunionagent.com\/pt\/wp-json\/wp\/v2\/media?parent=8069"}],"wp:term":[{"taxonomy":"product_brand","embeddable":true,"href":"https:\/\/www.sellersunionagent.com\/pt\/wp-json\/wp\/v2\/product_brand?post=8069"},{"taxonomy":"product_cat","embeddable":true,"href":"https:\/\/www.sellersunionagent.com\/pt\/wp-json\/wp\/v2\/product_cat?post=8069"},{"taxonomy":"product_tag","embeddable":true,"href":"https:\/\/www.sellersunionagent.com\/pt\/wp-json\/wp\/v2\/product_tag?post=8069"}],"curies":[{"name":"wp","href":"https:\/\/api.w.org\/{rel}","templated":true}]}}