{"id":8047,"date":"2022-06-29T06:23:12","date_gmt":"2022-06-28T22:23:12","guid":{"rendered":"https:\/\/sellersunionagent.com\/?post_type=product&#038;p=8047"},"modified":"2022-08-25T11:46:46","modified_gmt":"2022-08-25T03:46:46","slug":"tecido-de-linho-e-algodao-multifuncional-para-sala-de-estar-quarto-banheiro-arquivo-revista-a-prova-dagua","status":"publish","type":"product","link":"https:\/\/www.sellersunionagent.com\/pt\/linen-cotton-fabric-multi-functional-living-room-bedroom-bathroom-file-magazine-waterproof\/","title":{"rendered":"Tecido de algod\u00e3o de linho Multifuncional para sala de estar, quarto, banheiro, arquivo de revistas \u00e0 prova d'\u00e1gua"},"content":{"rendered":"<h2 id=\"title\" class=\"a-size-large a-spacing-none\"><span id=\"productTitle\" class=\"a-size-large product-title-word-break\">Tecido de algod\u00e3o de linho Multifuncional para sala de estar, quarto, banheiro, arquivo de revistas \u00e0 prova d'\u00e1gua<\/span><\/h2>\n<p>&nbsp;<\/p>\n<p>&nbsp;<\/p>\n<p>Nosso armazenamento suspenso \u00e9 feito de tecido Oxford de alta qualidade, muito mais resistente do que os tecidos n\u00e3o tecidos e os bolsos de PVC. Com uma bolsa de malha de dupla face, ele economiza espa\u00e7o e \u00e9 dur\u00e1vel. Ele pode ser colocado no campo de vis\u00e3o e colocado separadamente.<\/p>\n<p>&nbsp;<\/p>\n<p>&nbsp;<\/p>\n<p>Gancho forte e resistente, pode ser pendurado em portas, paredes, arm\u00e1rios, quartos, etc. O gancho pode ser facilmente removido e a bolsa de armazenamento pode ser enrolada ou dobrada.<\/p>\n<p>&nbsp;<\/p>\n<p>&nbsp;<\/p>\n<p>As cestas suspensas multifuncionais para organiza\u00e7\u00e3o podem ser penduradas no quarto, no banheiro, na cozinha, no escrit\u00f3rio e podem armazenar todos os controles remotos, \u00f3culos, joias, bast\u00f5es \u00e0 prova de umidade, carregadores, correspond\u00eancias, contas, chaves, pequenos blocos de anota\u00e7\u00f5es, algumas canetas, envelopes etc. \u00c9 um item perdido.<\/p>\n<p>&nbsp;<\/p>\n<p>&nbsp;<\/p>\n<p><img fetchpriority=\"high\" decoding=\"async\" class=\"aligncenter wp-image-8051\" src=\"https:\/\/www.sellersunionagent.com\/wp-content\/uploads\/2022\/06\/polyester-hanging-on-wall-home-storage-bag-7.jpg\" alt=\"\" width=\"600\" height=\"600\" \/><img decoding=\"async\" class=\"aligncenter wp-image-8964\" src=\"https:\/\/www.sellersunionagent.com\/wp-content\/uploads\/2022\/06\/\u8be6\u60c5\u9875-2-8.png\" alt=\"Fabrica\u00e7\u00e3o na China\" width=\"600\" height=\"621\" \/> <img decoding=\"async\" class=\"aligncenter wp-image-8963\" src=\"https:\/\/www.sellersunionagent.com\/wp-content\/uploads\/2022\/06\/\u8be6\u60c5\u9875-1-9.png\" alt=\"Fabrica\u00e7\u00e3o na China\" width=\"600\" height=\"580\" \/><img loading=\"lazy\" decoding=\"async\" class=\"aligncenter wp-image-9149\" src=\"https:\/\/www.sellersunionagent.com\/wp-content\/uploads\/2022\/06\/\u8be6\u60c5\u9875-3-9.png\" alt=\"OEM\/ODM\" width=\"600\" height=\"600\" \/> <img loading=\"lazy\" decoding=\"async\" class=\"aligncenter wp-image-9148\" src=\"https:\/\/www.sellersunionagent.com\/wp-content\/uploads\/2022\/06\/O1CN01VVqtso1Bs2kXIrL1S_0-0-cib-1.jpg\" alt=\"OEM\/ODM\" width=\"600\" height=\"601\" \/> <img loading=\"lazy\" decoding=\"async\" class=\"aligncenter wp-image-9147\" src=\"https:\/\/www.sellersunionagent.com\/wp-content\/uploads\/2022\/06\/O1CN01CghZ2c1smZUoKef2g_2153205809-0-cib-1.jpg\" alt=\"OEM\/ODM\" width=\"600\" height=\"600\" \/> <img loading=\"lazy\" decoding=\"async\" class=\"aligncenter wp-image-9146\" src=\"https:\/\/www.sellersunionagent.com\/wp-content\/uploads\/2022\/06\/O1CN01AacpAT1smZUqzTT5g_2153205809-0-cib-1.jpg\" alt=\"OEM\/ODM\" width=\"600\" height=\"600\" \/><\/p>","protected":false},"excerpt":{"rendered":"<p>Nome: Saco de armazenamento dom\u00e9stico<\/p>\n<p>N\u00ba do item:MYSND05<\/p>\n<p>Tamanho e peso: 27*27*27,5cm-250g<\/p>","protected":false},"featured_media":9148,"comment_status":"open","ping_status":"closed","template":"","meta":{"_acf_changed":false},"product_brand":[],"product_cat":[31,186],"product_tag":[73],"class_list":{"0":"post-8047","1":"product","2":"type-product","3":"status-publish","4":"has-post-thumbnail","6":"product_cat-home-storage","7":"product_cat-living-room","8":"product_tag-home-storagewholesaledurable","10":"first","11":"instock","12":"shipping-taxable","13":"product-type-simple","14":"swiper-slide"},"acf":[],"_links":{"self":[{"href":"https:\/\/www.sellersunionagent.com\/pt\/wp-json\/wp\/v2\/product\/8047","targetHints":{"allow":["GET"]}}],"collection":[{"href":"https:\/\/www.sellersunionagent.com\/pt\/wp-json\/wp\/v2\/product"}],"about":[{"href":"https:\/\/www.sellersunionagent.com\/pt\/wp-json\/wp\/v2\/types\/product"}],"replies":[{"embeddable":true,"href":"https:\/\/www.sellersunionagent.com\/pt\/wp-json\/wp\/v2\/comments?post=8047"}],"wp:featuredmedia":[{"embeddable":true,"href":"https:\/\/www.sellersunionagent.com\/pt\/wp-json\/wp\/v2\/media\/9148"}],"wp:attachment":[{"href":"https:\/\/www.sellersunionagent.com\/pt\/wp-json\/wp\/v2\/media?parent=8047"}],"wp:term":[{"taxonomy":"product_brand","embeddable":true,"href":"https:\/\/www.sellersunionagent.com\/pt\/wp-json\/wp\/v2\/product_brand?post=8047"},{"taxonomy":"product_cat","embeddable":true,"href":"https:\/\/www.sellersunionagent.com\/pt\/wp-json\/wp\/v2\/product_cat?post=8047"},{"taxonomy":"product_tag","embeddable":true,"href":"https:\/\/www.sellersunionagent.com\/pt\/wp-json\/wp\/v2\/product_tag?post=8047"}],"curies":[{"name":"wp","href":"https:\/\/api.w.org\/{rel}","templated":true}]}}