{"id":8042,"date":"2022-06-29T06:19:05","date_gmt":"2022-06-28T22:19:05","guid":{"rendered":"https:\/\/sellersunionagent.com\/?post_type=product&#038;p=8042"},"modified":"2022-08-31T14:12:15","modified_gmt":"2022-08-31T06:12:15","slug":"poliester-de-alta-qualidade-pendurado-na-parede-organizador-de-saco-de-armazenamento-domestico-para-lavanderia","status":"publish","type":"product","link":"https:\/\/www.sellersunionagent.com\/pt\/high-quality-polyester-hanging-on-wall-home-storage-bag-organizer-for-laundry\/","title":{"rendered":"Saco\/Organizador de armazenamento dom\u00e9stico de poli\u00e9ster de alta qualidade pendurado na parede para lavanderia"},"content":{"rendered":"<h2>Saco\/Organizador de armazenamento dom\u00e9stico de poli\u00e9ster de alta qualidade pendurado na parede para lavanderia<\/h2>\n<p>&nbsp;<\/p>\n<p>&nbsp;<\/p>\n<p>Nosso armazenamento suspenso \u00e9 feito de tecido Oxford de alta qualidade, muito mais resistente do que os tecidos n\u00e3o tecidos e os bolsos de PVC. Com uma bolsa de malha de dupla face, ele economiza espa\u00e7o e \u00e9 dur\u00e1vel. Ele pode ser colocado no campo de vis\u00e3o e colocado separadamente.<\/p>\n<p>&nbsp;<\/p>\n<p>&nbsp;<\/p>\n<p>Gancho forte e resistente, pode ser pendurado em portas, paredes, arm\u00e1rios, quartos, etc. O gancho pode ser facilmente removido e a bolsa de armazenamento pode ser enrolada ou dobrada.<\/p>\n<p>&nbsp;<\/p>\n<p>&nbsp;<\/p>\n<p>As cestas suspensas multifuncionais para organiza\u00e7\u00e3o podem ser penduradas no quarto, no banheiro, na cozinha, no escrit\u00f3rio e podem armazenar todos os controles remotos, \u00f3culos, joias, bast\u00f5es \u00e0 prova de umidade, carregadores, correspond\u00eancias, contas, chaves, pequenos blocos de anota\u00e7\u00f5es, algumas canetas, envelopes etc. \u00c9 um item perdido.<\/p>\n<p>&nbsp;<\/p>\n<p>&nbsp;<\/p>\n<p><img fetchpriority=\"high\" decoding=\"async\" class=\"aligncenter wp-image-8045\" src=\"https:\/\/www.sellersunionagent.com\/wp-content\/uploads\/2022\/06\/polyester-hanging-on-wall-home-storage-bag-2.jpg\" alt=\"\" width=\"600\" height=\"758\" \/><img decoding=\"async\" class=\"aligncenter wp-image-8947\" src=\"https:\/\/www.sellersunionagent.com\/wp-content\/uploads\/2022\/06\/\u8be6\u60c5\u9875-3-6.png\" alt=\"revendedor\" width=\"600\" height=\"600\" \/> <img decoding=\"async\" class=\"aligncenter wp-image-8946\" src=\"https:\/\/www.sellersunionagent.com\/wp-content\/uploads\/2022\/06\/\u8be6\u60c5\u9875-1-8.png\" alt=\"revendedor\" width=\"600\" height=\"647\" \/><img loading=\"lazy\" decoding=\"async\" class=\"aligncenter wp-image-9155\" src=\"https:\/\/www.sellersunionagent.com\/wp-content\/uploads\/2022\/06\/\u8be6\u60c5\u9875-2-11.png\" alt=\"\" width=\"600\" height=\"599\" \/> <img loading=\"lazy\" decoding=\"async\" class=\"aligncenter wp-image-9154\" src=\"https:\/\/www.sellersunionagent.com\/wp-content\/uploads\/2022\/06\/\u6b63\u65b9\u5f62-5.png\" alt=\"\" width=\"600\" height=\"601\" \/> <img loading=\"lazy\" decoding=\"async\" class=\"aligncenter wp-image-9151\" src=\"https:\/\/www.sellersunionagent.com\/wp-content\/uploads\/2022\/06\/\u6b63\u65b9\u5f62-1-2.png\" alt=\"\" width=\"600\" height=\"600\" \/> <img loading=\"lazy\" decoding=\"async\" class=\"aligncenter wp-image-9152\" src=\"https:\/\/www.sellersunionagent.com\/wp-content\/uploads\/2022\/06\/\u6b63\u65b9\u5f62-2-2.png\" alt=\"\" width=\"600\" height=\"600\" \/><\/p>","protected":false},"excerpt":{"rendered":"<p>Nome: Saco de armazenamento dom\u00e9stico<\/p>\n<p>N\u00ba do item:MYSN0A<\/p>\n<p>Tamanho e peso: 30x30x80CM-1035G<\/p>","protected":false},"featured_media":9153,"comment_status":"open","ping_status":"closed","template":"","meta":{"_acf_changed":false},"product_brand":[],"product_cat":[31,187],"product_tag":[70,72],"class_list":{"0":"post-8042","1":"product","2":"type-product","3":"status-publish","4":"has-post-thumbnail","6":"product_cat-home-storage","7":"product_cat-bedroom","8":"product_tag-home-storage","9":"product_tag-laundry-baskethome-storagefoldable","11":"first","12":"instock","13":"shipping-taxable","14":"product-type-simple","15":"swiper-slide"},"acf":[],"_links":{"self":[{"href":"https:\/\/www.sellersunionagent.com\/pt\/wp-json\/wp\/v2\/product\/8042","targetHints":{"allow":["GET"]}}],"collection":[{"href":"https:\/\/www.sellersunionagent.com\/pt\/wp-json\/wp\/v2\/product"}],"about":[{"href":"https:\/\/www.sellersunionagent.com\/pt\/wp-json\/wp\/v2\/types\/product"}],"replies":[{"embeddable":true,"href":"https:\/\/www.sellersunionagent.com\/pt\/wp-json\/wp\/v2\/comments?post=8042"}],"wp:featuredmedia":[{"embeddable":true,"href":"https:\/\/www.sellersunionagent.com\/pt\/wp-json\/wp\/v2\/media\/9153"}],"wp:attachment":[{"href":"https:\/\/www.sellersunionagent.com\/pt\/wp-json\/wp\/v2\/media?parent=8042"}],"wp:term":[{"taxonomy":"product_brand","embeddable":true,"href":"https:\/\/www.sellersunionagent.com\/pt\/wp-json\/wp\/v2\/product_brand?post=8042"},{"taxonomy":"product_cat","embeddable":true,"href":"https:\/\/www.sellersunionagent.com\/pt\/wp-json\/wp\/v2\/product_cat?post=8042"},{"taxonomy":"product_tag","embeddable":true,"href":"https:\/\/www.sellersunionagent.com\/pt\/wp-json\/wp\/v2\/product_tag?post=8042"}],"curies":[{"name":"wp","href":"https:\/\/api.w.org\/{rel}","templated":true}]}}