{"id":8036,"date":"2022-06-29T06:15:12","date_gmt":"2022-06-28T22:15:12","guid":{"rendered":"https:\/\/sellersunionagent.com\/?post_type=product&#038;p=8036"},"modified":"2022-08-31T14:13:59","modified_gmt":"2022-08-31T06:13:59","slug":"organizador-de-saco-de-armazenamento-domestico-para-colchas-feito-de-tecido-nao-tecido","status":"publish","type":"product","link":"https:\/\/www.sellersunionagent.com\/pt\/quilt-home-storage-bag-organizer-made-of-non-woven-fabrics\/","title":{"rendered":"Bolsa\/Organizador para Armazenamento de Colchas em Casa feita de Tecido N\u00e3o Tecido"},"content":{"rendered":"<h2>Bolsa\/Organizador para Armazenamento de Colchas em Casa feita de Tecido N\u00e3o Tecido<\/h2>\n<p>&nbsp;<\/p>\n<p>&nbsp;<\/p>\n<p>Nosso armazenamento suspenso \u00e9 feito de tecido Oxford de alta qualidade, muito mais resistente do que os tecidos n\u00e3o tecidos e os bolsos de PVC. Com uma bolsa de malha de dupla face, ele economiza espa\u00e7o e \u00e9 dur\u00e1vel. Ele pode ser colocado no campo de vis\u00e3o e colocado separadamente.<\/p>\n<p>&nbsp;<\/p>\n<p>&nbsp;<\/p>\n<p>Gancho forte e resistente, pode ser pendurado em portas, paredes, arm\u00e1rios, quartos, etc. O gancho pode ser facilmente removido e a bolsa de armazenamento pode ser enrolada ou dobrada.<\/p>\n<p>&nbsp;<\/p>\n<p>&nbsp;<\/p>\n<p>As cestas suspensas multifuncionais para organiza\u00e7\u00e3o podem ser penduradas no quarto, no banheiro, na cozinha, no escrit\u00f3rio e podem armazenar todos os controles remotos, \u00f3culos, joias, bast\u00f5es \u00e0 prova de umidade, carregadores, correspond\u00eancias, contas, chaves, pequenos blocos de anota\u00e7\u00f5es, algumas canetas, envelopes etc. \u00c9 um item perdido.<\/p>\n<p>&nbsp;<\/p>\n<p>&nbsp;<\/p>\n<p><img fetchpriority=\"high\" decoding=\"async\" class=\"aligncenter wp-image-8916\" src=\"https:\/\/www.sellersunionagent.com\/wp-content\/uploads\/2022\/06\/quilt-home-storage-bag-11.jpg\" alt=\"Fabrica\u00e7\u00e3o na China\" width=\"600\" height=\"596\" \/> <img decoding=\"async\" class=\"aligncenter wp-image-8917\" src=\"https:\/\/www.sellersunionagent.com\/wp-content\/uploads\/2022\/06\/quilt-home-storage-bag.png\" alt=\"Fabrica\u00e7\u00e3o na China\" width=\"600\" height=\"609\" \/> <img decoding=\"async\" class=\"aligncenter wp-image-8918\" src=\"https:\/\/www.sellersunionagent.com\/wp-content\/uploads\/2022\/06\/\u8be6\u60c5\u9875-3-5.png\" alt=\"Fabrica\u00e7\u00e3o na China\" width=\"600\" height=\"580\" \/><img loading=\"lazy\" decoding=\"async\" class=\"aligncenter wp-image-8038\" src=\"https:\/\/www.sellersunionagent.com\/wp-content\/uploads\/2022\/06\/quilt-home-storage-bag-1.jpg\" alt=\"\" width=\"600\" height=\"600\" \/><\/p>","protected":false},"excerpt":{"rendered":"<p>Nome: Saco de armazenamento dom\u00e9stico<\/p>\n<p>N\u00ba do item: MYMBSN07<\/p>\n<p>Tamanho e peso: 41*33*50CM-300G<\/p>","protected":false},"featured_media":8041,"comment_status":"open","ping_status":"closed","template":"","meta":{"_acf_changed":false},"product_brand":[],"product_cat":[31,186],"product_tag":[70],"class_list":{"0":"post-8036","1":"product","2":"type-product","3":"status-publish","4":"has-post-thumbnail","6":"product_cat-home-storage","7":"product_cat-living-room","8":"product_tag-home-storage","10":"first","11":"instock","12":"shipping-taxable","13":"product-type-simple","14":"swiper-slide"},"acf":[],"_links":{"self":[{"href":"https:\/\/www.sellersunionagent.com\/pt\/wp-json\/wp\/v2\/product\/8036","targetHints":{"allow":["GET"]}}],"collection":[{"href":"https:\/\/www.sellersunionagent.com\/pt\/wp-json\/wp\/v2\/product"}],"about":[{"href":"https:\/\/www.sellersunionagent.com\/pt\/wp-json\/wp\/v2\/types\/product"}],"replies":[{"embeddable":true,"href":"https:\/\/www.sellersunionagent.com\/pt\/wp-json\/wp\/v2\/comments?post=8036"}],"wp:featuredmedia":[{"embeddable":true,"href":"https:\/\/www.sellersunionagent.com\/pt\/wp-json\/wp\/v2\/media\/8041"}],"wp:attachment":[{"href":"https:\/\/www.sellersunionagent.com\/pt\/wp-json\/wp\/v2\/media?parent=8036"}],"wp:term":[{"taxonomy":"product_brand","embeddable":true,"href":"https:\/\/www.sellersunionagent.com\/pt\/wp-json\/wp\/v2\/product_brand?post=8036"},{"taxonomy":"product_cat","embeddable":true,"href":"https:\/\/www.sellersunionagent.com\/pt\/wp-json\/wp\/v2\/product_cat?post=8036"},{"taxonomy":"product_tag","embeddable":true,"href":"https:\/\/www.sellersunionagent.com\/pt\/wp-json\/wp\/v2\/product_tag?post=8036"}],"curies":[{"name":"wp","href":"https:\/\/api.w.org\/{rel}","templated":true}]}}