{"id":8029,"date":"2022-06-29T06:08:47","date_gmt":"2022-06-28T22:08:47","guid":{"rendered":"https:\/\/sellersunionagent.com\/?post_type=product&#038;p=8029"},"modified":"2022-08-31T14:14:07","modified_gmt":"2022-08-31T06:14:07","slug":"armario-suspenso-para-armazenamento-de-bolsobanheiro-dormitorio-organizador-baglinen-algodao-caixa-organizadora-conteineres-para-quarto","status":"publish","type":"product","link":"https:\/\/www.sellersunionagent.com\/pt\/closet-hanging-storage-for-pocketbathroom-dormitory-organizer-baglinen-cotton-organizer-box-containers-for-bedroom\/","title":{"rendered":"Arm\u00e1rio suspenso para armazenamento de bolso, banheiro, saco organizador de dormit\u00f3rio, recipientes de caixa organizadora de algod\u00e3o para quarto"},"content":{"rendered":"<h2 id=\"title\" class=\"a-size-large a-spacing-none\"><span id=\"productTitle\" class=\"a-size-large product-title-word-break\">Arm\u00e1rio suspenso para armazenamento de bolso, banheiro, saco organizador de dormit\u00f3rio, recipientes de caixa organizadora de algod\u00e3o para quarto<\/span><\/h2>\n<p>&nbsp;<\/p>\n<p>&nbsp;<\/p>\n<p>Nosso armazenamento suspenso \u00e9 feito de tecido Oxford de alta qualidade, muito mais resistente do que os tecidos n\u00e3o tecidos e os bolsos de PVC. Com uma bolsa de malha de dupla face, ele economiza espa\u00e7o e \u00e9 dur\u00e1vel. Ele pode ser colocado no campo de vis\u00e3o e colocado separadamente.<\/p>\n<p>&nbsp;<\/p>\n<p>&nbsp;<\/p>\n<p>Gancho forte e resistente, pode ser pendurado em portas, paredes, arm\u00e1rios, quartos, etc. O gancho pode ser facilmente removido e a bolsa de armazenamento pode ser enrolada ou dobrada.<\/p>\n<p>&nbsp;<\/p>\n<p>&nbsp;<\/p>\n<p>As cestas suspensas multifuncionais para organiza\u00e7\u00e3o podem ser penduradas no quarto, no banheiro, na cozinha, no escrit\u00f3rio e podem armazenar todos os controles remotos, \u00f3culos, joias, bast\u00f5es \u00e0 prova de umidade, carregadores, correspond\u00eancias, contas, chaves, pequenos blocos de anota\u00e7\u00f5es, algumas canetas, envelopes etc. \u00c9 um item perdido.<\/p>\n<p>&nbsp;<\/p>\n<p>&nbsp;<\/p>\n<p><img fetchpriority=\"high\" decoding=\"async\" class=\"aligncenter wp-image-8030\" src=\"https:\/\/www.sellersunionagent.com\/wp-content\/uploads\/2022\/06\/closet-hanging-storage-for-pocket.jpg\" alt=\"\" width=\"600\" height=\"600\" \/><\/p>\n<p><img decoding=\"async\" class=\"aligncenter wp-image-8032\" src=\"https:\/\/www.sellersunionagent.com\/wp-content\/uploads\/2022\/06\/closet-hanging-storage-for-pocket-2.jpg\" alt=\"\" width=\"600\" height=\"596\" \/><img decoding=\"async\" class=\"aligncenter wp-image-8910\" src=\"https:\/\/www.sellersunionagent.com\/wp-content\/uploads\/2022\/06\/closet-hanging-storage-for-pocket.png\" alt=\"Fabrica\u00e7\u00e3o na China\" width=\"600\" height=\"604\" \/><img loading=\"lazy\" decoding=\"async\" class=\"aligncenter wp-image-9158\" src=\"https:\/\/www.sellersunionagent.com\/wp-content\/uploads\/2022\/06\/\u767d\u5e95\u56fe-\u6b63\u65b9\u5f622.jpg\" alt=\"\" width=\"600\" height=\"600\" \/><\/p>","protected":false},"excerpt":{"rendered":"<p>Nome: Saco de armazenamento dom\u00e9stico<\/p>\n<p>N\u00ba do item: MYMBSN05<\/p>\n<p>Tamanho e peso: 27*27*27,5cm-250g<\/p>","protected":false},"featured_media":9158,"comment_status":"open","ping_status":"closed","template":"","meta":{"_acf_changed":false},"product_brand":[],"product_cat":[31,187],"product_tag":[70],"class_list":{"0":"post-8029","1":"product","2":"type-product","3":"status-publish","4":"has-post-thumbnail","6":"product_cat-home-storage","7":"product_cat-bedroom","8":"product_tag-home-storage","10":"first","11":"instock","12":"shipping-taxable","13":"product-type-simple","14":"swiper-slide"},"acf":[],"_links":{"self":[{"href":"https:\/\/www.sellersunionagent.com\/pt\/wp-json\/wp\/v2\/product\/8029","targetHints":{"allow":["GET"]}}],"collection":[{"href":"https:\/\/www.sellersunionagent.com\/pt\/wp-json\/wp\/v2\/product"}],"about":[{"href":"https:\/\/www.sellersunionagent.com\/pt\/wp-json\/wp\/v2\/types\/product"}],"replies":[{"embeddable":true,"href":"https:\/\/www.sellersunionagent.com\/pt\/wp-json\/wp\/v2\/comments?post=8029"}],"wp:featuredmedia":[{"embeddable":true,"href":"https:\/\/www.sellersunionagent.com\/pt\/wp-json\/wp\/v2\/media\/9158"}],"wp:attachment":[{"href":"https:\/\/www.sellersunionagent.com\/pt\/wp-json\/wp\/v2\/media?parent=8029"}],"wp:term":[{"taxonomy":"product_brand","embeddable":true,"href":"https:\/\/www.sellersunionagent.com\/pt\/wp-json\/wp\/v2\/product_brand?post=8029"},{"taxonomy":"product_cat","embeddable":true,"href":"https:\/\/www.sellersunionagent.com\/pt\/wp-json\/wp\/v2\/product_cat?post=8029"},{"taxonomy":"product_tag","embeddable":true,"href":"https:\/\/www.sellersunionagent.com\/pt\/wp-json\/wp\/v2\/product_tag?post=8029"}],"curies":[{"name":"wp","href":"https:\/\/api.w.org\/{rel}","templated":true}]}}