{"id":8018,"date":"2022-06-29T05:59:19","date_gmt":"2022-06-28T21:59:19","guid":{"rendered":"https:\/\/sellersunionagent.com\/?post_type=product&#038;p=8018"},"modified":"2022-08-31T14:14:37","modified_gmt":"2022-08-31T06:14:37","slug":"saco-de-armazenamento-para-organizacao-domestica-de-algodao-e-linho-com-3-bolsos-no-saco-de-armazenamento-pendurado-na-parede","status":"publish","type":"product","link":"https:\/\/www.sellersunionagent.com\/pt\/3-pockage-cotton-and-linen-home-organization-storage-bag-on-home-wall-hanging-storage-bag\/","title":{"rendered":"Saco de armazenamento de organiza\u00e7\u00e3o dom\u00e9stica de algod\u00e3o e linho com 3 bolsos no saco de armazenamento suspenso na parede"},"content":{"rendered":"<h2>Saco de armazenamento de organiza\u00e7\u00e3o dom\u00e9stica de algod\u00e3o e linho com 3 bolsos no saco de armazenamento suspenso na parede<\/h2>\n<p>&nbsp;<\/p>\n<p>&nbsp;<\/p>\n<p>Nosso armazenamento suspenso \u00e9 feito de tecido Oxford de alta qualidade, muito mais resistente do que os tecidos n\u00e3o tecidos e os bolsos de PVC. Com uma bolsa de malha de dupla face, ele economiza espa\u00e7o e \u00e9 dur\u00e1vel. Ele pode ser colocado no campo de vis\u00e3o e colocado separadamente.<\/p>\n<p>&nbsp;<\/p>\n<p>&nbsp;<\/p>\n<p>Gancho forte e resistente, pode ser pendurado em portas, paredes, arm\u00e1rios, quartos, etc. O gancho pode ser facilmente removido e a bolsa de armazenamento pode ser enrolada ou dobrada.<\/p>\n<p>&nbsp;<\/p>\n<p>&nbsp;<\/p>\n<p>As cestas suspensas multifuncionais para organiza\u00e7\u00e3o podem ser penduradas no quarto, no banheiro, na cozinha, no escrit\u00f3rio e podem armazenar todos os controles remotos, \u00f3culos, joias, bast\u00f5es \u00e0 prova de umidade, carregadores, correspond\u00eancias, contas, chaves, pequenos blocos de anota\u00e7\u00f5es, algumas canetas, envelopes etc. \u00c9 um item perdido.<\/p>\n<p>&nbsp;<\/p>\n<p>&nbsp;<\/p>\n<p><img fetchpriority=\"high\" decoding=\"async\" class=\"aligncenter wp-image-8023\" src=\"https:\/\/www.sellersunionagent.com\/wp-content\/uploads\/2022\/06\/3-pockage-cotton-and-linen-home-organization-4.jpg\" alt=\"\" width=\"600\" height=\"600\" \/><img decoding=\"async\" class=\"aligncenter wp-image-9175\" src=\"https:\/\/www.sellersunionagent.com\/wp-content\/uploads\/2022\/06\/\u6b63\u65b9\u5f62-2-3.png\" alt=\"OEM\/ODM\" width=\"600\" height=\"569\" \/> <img decoding=\"async\" class=\"aligncenter wp-image-9174\" src=\"https:\/\/www.sellersunionagent.com\/wp-content\/uploads\/2022\/06\/\u6b63\u65b9\u5f62-1-3.png\" alt=\"OEM\/ODM\" width=\"600\" height=\"601\" \/> <img loading=\"lazy\" decoding=\"async\" class=\"aligncenter wp-image-9173\" src=\"https:\/\/www.sellersunionagent.com\/wp-content\/uploads\/2022\/06\/\u767d\u5e95\u56fe-7.jpg\" alt=\"OEM\/ODM\" width=\"600\" height=\"600\" \/><\/p>\n<p>&nbsp;<\/p>","protected":false},"excerpt":{"rendered":"<p>Nome: Saco de armazenamento dom\u00e9stico<\/p>\n<p>N\u00ba do item:MYGD008<\/p>\n<p>Tamanho e peso: 58x20CM-108g<\/p>","protected":false},"featured_media":9173,"comment_status":"open","ping_status":"closed","template":"","meta":{"_acf_changed":false},"product_brand":[],"product_cat":[31,186],"product_tag":[70],"class_list":{"0":"post-8018","1":"product","2":"type-product","3":"status-publish","4":"has-post-thumbnail","6":"product_cat-home-storage","7":"product_cat-living-room","8":"product_tag-home-storage","10":"first","11":"instock","12":"shipping-taxable","13":"product-type-simple","14":"swiper-slide"},"acf":[],"_links":{"self":[{"href":"https:\/\/www.sellersunionagent.com\/pt\/wp-json\/wp\/v2\/product\/8018","targetHints":{"allow":["GET"]}}],"collection":[{"href":"https:\/\/www.sellersunionagent.com\/pt\/wp-json\/wp\/v2\/product"}],"about":[{"href":"https:\/\/www.sellersunionagent.com\/pt\/wp-json\/wp\/v2\/types\/product"}],"replies":[{"embeddable":true,"href":"https:\/\/www.sellersunionagent.com\/pt\/wp-json\/wp\/v2\/comments?post=8018"}],"wp:featuredmedia":[{"embeddable":true,"href":"https:\/\/www.sellersunionagent.com\/pt\/wp-json\/wp\/v2\/media\/9173"}],"wp:attachment":[{"href":"https:\/\/www.sellersunionagent.com\/pt\/wp-json\/wp\/v2\/media?parent=8018"}],"wp:term":[{"taxonomy":"product_brand","embeddable":true,"href":"https:\/\/www.sellersunionagent.com\/pt\/wp-json\/wp\/v2\/product_brand?post=8018"},{"taxonomy":"product_cat","embeddable":true,"href":"https:\/\/www.sellersunionagent.com\/pt\/wp-json\/wp\/v2\/product_cat?post=8018"},{"taxonomy":"product_tag","embeddable":true,"href":"https:\/\/www.sellersunionagent.com\/pt\/wp-json\/wp\/v2\/product_tag?post=8018"}],"curies":[{"name":"wp","href":"https:\/\/api.w.org\/{rel}","templated":true}]}}