{"id":7997,"date":"2022-06-28T18:00:47","date_gmt":"2022-06-28T10:00:47","guid":{"rendered":"https:\/\/sellersunionagent.com\/?post_type=product&#038;p=7997"},"modified":"2022-07-09T15:45:12","modified_gmt":"2022-07-09T07:45:12","slug":"travel-makeup-train-case-makeup-cosmetic-case-organizer-portable-pink","status":"publish","type":"product","link":"https:\/\/www.sellersunionagent.com\/pt\/travel-makeup-train-case-makeup-cosmetic-case-organizer-portable-pink\/","title":{"rendered":"Travel Makeup Train Case Makeup Cosmetic Case Organizer Portable Pink"},"content":{"rendered":"<h2>Travel Makeup Train Case Makeup Cosmetic Case Organizer Portable Pink<\/h2>\n<p>&nbsp;<\/p>\n<p>&nbsp;<\/p>\n<p>Essa bolsa para maquiagem \u00e9 feita de poli\u00e9ster de alta qualidade. \u00c9 dur\u00e1vel e f\u00e1cil de limpar, basta passar um pano \u00famido.<\/p>\n<p>&nbsp;<\/p>\n<p>Dois tamanhos dispon\u00edveis: 28X11X18CM e 23x8X16CM. O peso \u00e9 de 240g e 200g, respectivamente, o que \u00e9 muito leve para carregar.<\/p>\n<p>&nbsp;<\/p>\n<p>&nbsp;<\/p>\n<p>Essa bolsa \u00e9 adequada para estudantes universit\u00e1rios, adolescentes, meninas e mulheres. Pode ser usada na vida cotidiana, em viagens de neg\u00f3cios, viagens e fins de semana.<\/p>\n<p>&nbsp;<\/p>\n<p>&nbsp;<\/p>\n<p><img fetchpriority=\"high\" decoding=\"async\" class=\"aligncenter wp-image-8009\" src=\"https:\/\/www.sellersunionagent.com\/wp-content\/uploads\/2022\/06\/travel-makeup-train-case-makeup-2.jpg\" alt=\"\" width=\"600\" height=\"600\" \/><img decoding=\"async\" class=\"aligncenter wp-image-8872\" src=\"https:\/\/www.sellersunionagent.com\/wp-content\/uploads\/2022\/06\/makeup-bags-supplier-2.png\" alt=\"Fabrica\u00e7\u00e3o na China\" width=\"600\" height=\"323\" \/> <img decoding=\"async\" class=\"aligncenter wp-image-8873\" src=\"https:\/\/www.sellersunionagent.com\/wp-content\/uploads\/2022\/06\/makeup-bags-supplier-1.png\" alt=\"\" width=\"600\" height=\"416\" \/> <img loading=\"lazy\" decoding=\"async\" class=\"aligncenter wp-image-8874\" src=\"https:\/\/www.sellersunionagent.com\/wp-content\/uploads\/2022\/06\/makeup-bags-supplier.png\" alt=\"\" width=\"600\" height=\"442\" \/><\/p>","protected":false},"excerpt":{"rendered":"<p><strong>Tipo<\/strong>: Bolsa de maquiagem<\/p>\n<p><strong>N\u00famero do item:<\/strong>\u00a0MYXS-007<\/p>\n<p><strong>Tamanho e peso do item<\/strong>:<\/p>\n<p>26x9X18CM&#8211;80G<\/p>","protected":false},"featured_media":8007,"comment_status":"open","ping_status":"closed","template":"","meta":{"_acf_changed":false},"product_brand":[],"product_cat":[30],"product_tag":[78,93,64,67],"class_list":{"0":"post-7997","1":"product","2":"type-product","3":"status-publish","4":"has-post-thumbnail","6":"product_cat-makeup-bag","7":"product_tag-makeup-bag","8":"product_tag-storage","9":"product_tag-travel","10":"product_tag-travel-organizer","12":"first","13":"instock","14":"shipping-taxable","15":"product-type-simple","16":"swiper-slide"},"acf":[],"_links":{"self":[{"href":"https:\/\/www.sellersunionagent.com\/pt\/wp-json\/wp\/v2\/product\/7997","targetHints":{"allow":["GET"]}}],"collection":[{"href":"https:\/\/www.sellersunionagent.com\/pt\/wp-json\/wp\/v2\/product"}],"about":[{"href":"https:\/\/www.sellersunionagent.com\/pt\/wp-json\/wp\/v2\/types\/product"}],"replies":[{"embeddable":true,"href":"https:\/\/www.sellersunionagent.com\/pt\/wp-json\/wp\/v2\/comments?post=7997"}],"wp:featuredmedia":[{"embeddable":true,"href":"https:\/\/www.sellersunionagent.com\/pt\/wp-json\/wp\/v2\/media\/8007"}],"wp:attachment":[{"href":"https:\/\/www.sellersunionagent.com\/pt\/wp-json\/wp\/v2\/media?parent=7997"}],"wp:term":[{"taxonomy":"product_brand","embeddable":true,"href":"https:\/\/www.sellersunionagent.com\/pt\/wp-json\/wp\/v2\/product_brand?post=7997"},{"taxonomy":"product_cat","embeddable":true,"href":"https:\/\/www.sellersunionagent.com\/pt\/wp-json\/wp\/v2\/product_cat?post=7997"},{"taxonomy":"product_tag","embeddable":true,"href":"https:\/\/www.sellersunionagent.com\/pt\/wp-json\/wp\/v2\/product_tag?post=7997"}],"curies":[{"name":"wp","href":"https:\/\/api.w.org\/{rel}","templated":true}]}}