{"id":7981,"date":"2022-06-28T17:50:29","date_gmt":"2022-06-28T09:50:29","guid":{"rendered":"https:\/\/sellersunionagent.com\/?post_type=product&#038;p=7981"},"modified":"2026-01-06T14:29:25","modified_gmt":"2026-01-06T06:29:25","slug":"travel-makeup-bag-toiletry-bag-for-women-and-girls","status":"publish","type":"product","link":"https:\/\/www.sellersunionagent.com\/pt\/travel-makeup-bag-toiletry-bag-for-women-and-girls\/","title":{"rendered":"Bolsa de maquiagem para viagem Bolsa de toucador para mulheres e meninas"},"content":{"rendered":"<h2>Bolsa de maquiagem para viagem Bolsa de toucador para mulheres e meninas<\/h2>\n<p>&nbsp;<\/p>\n<p>Essa bolsa para maquiagem \u00e9 feita de poli\u00e9ster de alta qualidade. \u00c9 dur\u00e1vel e f\u00e1cil de limpar, basta passar um pano \u00famido.<\/p>\n<p>Dois tamanhos dispon\u00edveis: 28X11X18CM e 23x8X16CM. O peso \u00e9 de 240g e 200g, respectivamente, o que \u00e9 muito leve para carregar.<\/p>\n<p>Essa bolsa \u00e9 adequada para estudantes universit\u00e1rios, adolescentes, meninas e mulheres. Pode ser usada na vida cotidiana, em viagens de neg\u00f3cios, viagens e fins de semana.<\/p>\n<p style=\"text-align: center\">\n<p style=\"text-align: center\"><strong>Tipo<\/strong>: Bolsa de maquiagem<\/p>\n<p style=\"text-align: center\"><strong>N\u00famero do item:<\/strong>\u00a0MYNBA2<\/p>\n<p style=\"text-align: center\"><strong>Tamanho e peso do item<\/strong>:<\/p>\n<p style=\"text-align: center\">24*15*15cm&#8211;450g<\/p>\n<p><img fetchpriority=\"high\" decoding=\"async\" class=\"aligncenter wp-image-7992\" src=\"https:\/\/www.sellersunionagent.com\/wp-content\/uploads\/2022\/06\/travel-makeup-bag-toiletry-bag-2.jpg\" alt=\"\" width=\"600\" height=\"600\" \/><\/p>\n<p><img decoding=\"async\" class=\"aligncenter wp-image-7995\" src=\"https:\/\/www.sellersunionagent.com\/wp-content\/uploads\/2022\/06\/travel-makeup-bag-toiletry-bag-5.jpg\" alt=\"\" width=\"600\" height=\"600\" \/><\/p>\n<p><img decoding=\"async\" class=\"aligncenter wp-image-7996\" src=\"https:\/\/www.sellersunionagent.com\/wp-content\/uploads\/2022\/06\/travel-makeup-bag-toiletry-bag-7.jpg\" alt=\"\" width=\"600\" height=\"600\" \/><\/p>","protected":false},"excerpt":{"rendered":"<p><strong>MOQ<\/strong>:  100 pe\u00e7as<br \/>\n<strong>Amostra gr\u00e1tis<\/strong>:  Com suporte<br \/>\n<strong>Personaliza\u00e7\u00e3o<\/strong>: logotipo \/ cor \/ materiais \/ embalagem etc.<br \/>\n<strong>Desconto<\/strong>:  Primeiros pedidos a partir de 10% de desconto.<br \/>\n<strong>Taxa de entrega no prazo<\/strong>:\u00a0 100%<br \/>\n<strong>Total de remessas<\/strong>: 75500 pe\u00e7as<br \/>\n<strong>Remessa<\/strong>: Suporte expresso - frete mar\u00edtimo - frete terrestre<\/p>","protected":false},"featured_media":7994,"comment_status":"open","ping_status":"closed","template":"","meta":{"_acf_changed":false},"product_brand":[],"product_cat":[30],"product_tag":[171,78,115,93],"class_list":{"0":"post-7981","1":"product","2":"type-product","3":"status-publish","4":"has-post-thumbnail","6":"product_cat-makeup-bag","7":"product_tag-make-up-hot","8":"product_tag-makeup-bag","9":"product_tag-retailer","10":"product_tag-storage","12":"first","13":"instock","14":"shipping-taxable","15":"purchasable","16":"product-type-simple","17":"swiper-slide"},"acf":[],"_links":{"self":[{"href":"https:\/\/www.sellersunionagent.com\/pt\/wp-json\/wp\/v2\/product\/7981","targetHints":{"allow":["GET"]}}],"collection":[{"href":"https:\/\/www.sellersunionagent.com\/pt\/wp-json\/wp\/v2\/product"}],"about":[{"href":"https:\/\/www.sellersunionagent.com\/pt\/wp-json\/wp\/v2\/types\/product"}],"replies":[{"embeddable":true,"href":"https:\/\/www.sellersunionagent.com\/pt\/wp-json\/wp\/v2\/comments?post=7981"}],"wp:featuredmedia":[{"embeddable":true,"href":"https:\/\/www.sellersunionagent.com\/pt\/wp-json\/wp\/v2\/media\/7994"}],"wp:attachment":[{"href":"https:\/\/www.sellersunionagent.com\/pt\/wp-json\/wp\/v2\/media?parent=7981"}],"wp:term":[{"taxonomy":"product_brand","embeddable":true,"href":"https:\/\/www.sellersunionagent.com\/pt\/wp-json\/wp\/v2\/product_brand?post=7981"},{"taxonomy":"product_cat","embeddable":true,"href":"https:\/\/www.sellersunionagent.com\/pt\/wp-json\/wp\/v2\/product_cat?post=7981"},{"taxonomy":"product_tag","embeddable":true,"href":"https:\/\/www.sellersunionagent.com\/pt\/wp-json\/wp\/v2\/product_tag?post=7981"}],"curies":[{"name":"wp","href":"https:\/\/api.w.org\/{rel}","templated":true}]}}