{"id":7980,"date":"2022-06-28T17:49:42","date_gmt":"2022-06-28T09:49:42","guid":{"rendered":"https:\/\/sellersunionagent.com\/?post_type=product&#038;p=7980"},"modified":"2026-01-06T14:29:26","modified_gmt":"2026-01-06T06:29:26","slug":"bolsa-de-cosmeticos-nova-e-estilosa-para-viagem","status":"publish","type":"product","link":"https:\/\/www.sellersunionagent.com\/pt\/wholesale-new-stylr-cosmetic-bag-makeup-bag-for-travel\/","title":{"rendered":"Bolsa de cosm\u00e9ticos com novo estilo no atacado Bolsa de maquiagem para viagem"},"content":{"rendered":"<h2 id=\"title\" class=\"a-size-large a-spacing-none\"><span id=\"productTitle\" class=\"a-size-large product-title-word-break\">Bolsa de cosm\u00e9ticos port\u00e1til para viagem Estojo organizador \u00e0 prova d'\u00e1gua com sacos com z\u00edper<\/span><\/h2>\n<p>&nbsp;<\/p>\n<p>&nbsp;<\/p>\n<ul>\n<li>\u3010BOLSAS DE VIAGEM PERFEITAS PARA MULHERES\u3011- Essas bolsas de maquiagem s\u00e3o port\u00e1teis e leves, com al\u00e7a resistente. O tecido imperme\u00e1vel, resistente a choques e dur\u00e1vel protege seu equipamento contra derramamentos e \u00e9 f\u00e1cil de limpar. Os z\u00edperes duplos confi\u00e1veis tornam a bolsa para cosm\u00e9ticos muito f\u00e1cil de colocar ou retirar itens.<\/li>\n<\/ul>\n<p>&nbsp;<\/p>\n<p>&nbsp;<\/p>\n<ul>\n<li>\u3010\u00d3TIMO PRESENTE\u3011- \u00c9 um bom presente ideal para feriados di\u00e1rios, anivers\u00e1rios, Dia dos Namorados, Natal e outros. Pode ser usada como bolsa de cosm\u00e9ticos, bolsa de maquiagem ou bolsa de higiene pessoal, at\u00e9 mesmo como bolsa para adolescentes ou meninas. Tr\u00eas tamanhos est\u00e3o dispon\u00edveis para diferentes ocasi\u00f5es: escrit\u00f3rio, escola, viagem, academia, acampamento, uso dom\u00e9stico e muito mais.<\/li>\n<\/ul>\n<p>&nbsp;<\/p>\n<p>&nbsp;<\/p>\n<p style=\"text-align: center\"><strong>Tipo<\/strong>: Bolsa de maquiagem<\/p>\n<p style=\"text-align: center\"><strong>N\u00famero do item:<\/strong> QY307<\/p>\n<p style=\"text-align: center\"><strong>Tamanho do item<\/strong>: 25,5*9*16cm<\/p>\n<p style=\"text-align: center\"><strong>Peso do item<\/strong>: 196g<\/p>\n<p style=\"text-align: center\"><strong>Material:<\/strong>Tecidos de poli\u00e9ster<\/p>\n<p><img fetchpriority=\"high\" decoding=\"async\" class=\"aligncenter wp-image-7983\" src=\"https:\/\/www.sellersunionagent.com\/wp-content\/uploads\/2022\/06\/wholesale-new-style-cosmetic-bag-1.jpg\" alt=\"\" width=\"500\" height=\"500\" \/><\/p>\n<p><img decoding=\"async\" class=\"aligncenter wp-image-7985\" src=\"https:\/\/www.sellersunionagent.com\/wp-content\/uploads\/2022\/06\/wholesale-new-style-cosmetic-bag-3.jpg\" alt=\"\" width=\"500\" height=\"500\" \/><\/p>\n<p><img decoding=\"async\" class=\"aligncenter wp-image-7986\" src=\"https:\/\/www.sellersunionagent.com\/wp-content\/uploads\/2022\/06\/wholesale-new-style-cosmetic-bag-4.jpg\" alt=\"\" width=\"500\" height=\"500\" \/><\/p>","protected":false},"excerpt":{"rendered":"<p><strong>MOQ<\/strong>:  100 pe\u00e7as<br \/>\n<strong>Amostra gr\u00e1tis<\/strong>:  Com suporte<br \/>\n<strong>Personaliza\u00e7\u00e3o<\/strong>: logotipo \/ cor \/ materiais \/ embalagem etc.<br \/>\n<strong>Desconto<\/strong>:  Primeiros pedidos a partir de 10% de desconto.<br \/>\n<strong>Taxa de entrega no prazo<\/strong>:\u00a0 100%<br \/>\n<strong>Total de remessas<\/strong>: 75500 pe\u00e7as<br \/>\n<strong>Remessa<\/strong>: Suporte expresso - frete mar\u00edtimo - frete terrestre<\/p>","protected":false},"featured_media":7982,"comment_status":"open","ping_status":"closed","template":"","meta":{"_acf_changed":false},"product_brand":[],"product_cat":[30],"product_tag":[171,78,94,60,53],"class_list":{"0":"post-7980","1":"product","2":"type-product","3":"status-publish","4":"has-post-thumbnail","6":"product_cat-makeup-bag","7":"product_tag-make-up-hot","8":"product_tag-makeup-bag","9":"product_tag-organizer","10":"product_tag-portable","11":"product_tag-professional-supplier","13":"first","14":"instock","15":"shipping-taxable","16":"purchasable","17":"product-type-simple","18":"swiper-slide"},"acf":[],"_links":{"self":[{"href":"https:\/\/www.sellersunionagent.com\/pt\/wp-json\/wp\/v2\/product\/7980","targetHints":{"allow":["GET"]}}],"collection":[{"href":"https:\/\/www.sellersunionagent.com\/pt\/wp-json\/wp\/v2\/product"}],"about":[{"href":"https:\/\/www.sellersunionagent.com\/pt\/wp-json\/wp\/v2\/types\/product"}],"replies":[{"embeddable":true,"href":"https:\/\/www.sellersunionagent.com\/pt\/wp-json\/wp\/v2\/comments?post=7980"}],"wp:featuredmedia":[{"embeddable":true,"href":"https:\/\/www.sellersunionagent.com\/pt\/wp-json\/wp\/v2\/media\/7982"}],"wp:attachment":[{"href":"https:\/\/www.sellersunionagent.com\/pt\/wp-json\/wp\/v2\/media?parent=7980"}],"wp:term":[{"taxonomy":"product_brand","embeddable":true,"href":"https:\/\/www.sellersunionagent.com\/pt\/wp-json\/wp\/v2\/product_brand?post=7980"},{"taxonomy":"product_cat","embeddable":true,"href":"https:\/\/www.sellersunionagent.com\/pt\/wp-json\/wp\/v2\/product_cat?post=7980"},{"taxonomy":"product_tag","embeddable":true,"href":"https:\/\/www.sellersunionagent.com\/pt\/wp-json\/wp\/v2\/product_tag?post=7980"}],"curies":[{"name":"wp","href":"https:\/\/api.w.org\/{rel}","templated":true}]}}