{"id":7962,"date":"2022-06-28T17:44:37","date_gmt":"2022-06-28T09:44:37","guid":{"rendered":"https:\/\/sellersunionagent.com\/?post_type=product&#038;p=7962"},"modified":"2022-07-11T13:42:17","modified_gmt":"2022-07-11T05:42:17","slug":"bolsa-de-maquiagem-portatil-para-estudantes-universitarios-do-fabricante-da-china","status":"publish","type":"product","link":"https:\/\/www.sellersunionagent.com\/pt\/portable-makeup-bag-for-university-students-from-china-manufacturer\/","title":{"rendered":"Bolsa de maquiagem port\u00e1til para estudantes universit\u00e1rios do fabricante chin\u00eas"},"content":{"rendered":"<h2>Bolsa de maquiagem port\u00e1til para estudantes universit\u00e1rios do fabricante chin\u00eas<\/h2>\n<p>&nbsp;<\/p>\n<p>&nbsp;<\/p>\n<p>Essa bolsa para maquiagem \u00e9 feita de poli\u00e9ster de alta qualidade. \u00c9 dur\u00e1vel e f\u00e1cil de limpar, basta passar um pano \u00famido.<\/p>\n<p>&nbsp;<\/p>\n<p>&nbsp;<\/p>\n<p>Dois tamanhos dispon\u00edveis: 28X11X18CM e 23x8X16CM. O peso \u00e9 de 240g e 200g, respectivamente, o que \u00e9 muito leve para carregar.<\/p>\n<p>&nbsp;<\/p>\n<p>&nbsp;<\/p>\n<p>Essa bolsa \u00e9 adequada para estudantes universit\u00e1rios, adolescentes, meninas e mulheres. Pode ser usada na vida cotidiana, em viagens de neg\u00f3cios, viagens e fins de semana.<\/p>\n<p>&nbsp;<\/p>\n<p><img fetchpriority=\"high\" decoding=\"async\" class=\"aligncenter wp-image-7979\" src=\"https:\/\/www.sellersunionagent.com\/wp-content\/uploads\/2022\/06\/portable-makeup-bag-for-university-students-3.jpg\" alt=\"\" width=\"600\" height=\"600\" \/><img decoding=\"async\" class=\"aligncenter wp-image-8857\" src=\"https:\/\/www.sellersunionagent.com\/wp-content\/uploads\/2022\/06\/makeup-bags-supplier-9.jpg\" alt=\"\" width=\"600\" height=\"600\" \/> <img decoding=\"async\" class=\"aligncenter wp-image-8858\" src=\"https:\/\/www.sellersunionagent.com\/wp-content\/uploads\/2022\/06\/makeup-bags-supplier-8.jpg\" alt=\"\" width=\"600\" height=\"600\" \/><img loading=\"lazy\" decoding=\"async\" class=\"aligncenter wp-image-8862\" src=\"https:\/\/www.sellersunionagent.com\/wp-content\/uploads\/2022\/06\/makeup-bags-supplier-4.png\" alt=\"\" width=\"600\" height=\"697\" \/><\/p>","protected":false},"excerpt":{"rendered":"<p><strong>Tipo<\/strong>: Bolsa de maquiagem<\/p>\n<p><strong>N\u00famero do item:<\/strong>\u00a0MYHZB03<\/p>\n<p><strong>Tamanho e peso do item<\/strong>:<\/p>\n<p>Medium-23x8X16CM-200g<\/p>\n<p>Large-28X11X18CM-240g<\/p>","protected":false},"featured_media":8856,"comment_status":"open","ping_status":"closed","template":"","meta":{"_acf_changed":false},"product_brand":[],"product_cat":[30],"product_tag":[78,93,64],"class_list":{"0":"post-7962","1":"product","2":"type-product","3":"status-publish","4":"has-post-thumbnail","6":"product_cat-makeup-bag","7":"product_tag-makeup-bag","8":"product_tag-storage","9":"product_tag-travel","11":"first","12":"instock","13":"shipping-taxable","14":"product-type-simple","15":"swiper-slide"},"acf":[],"_links":{"self":[{"href":"https:\/\/www.sellersunionagent.com\/pt\/wp-json\/wp\/v2\/product\/7962","targetHints":{"allow":["GET"]}}],"collection":[{"href":"https:\/\/www.sellersunionagent.com\/pt\/wp-json\/wp\/v2\/product"}],"about":[{"href":"https:\/\/www.sellersunionagent.com\/pt\/wp-json\/wp\/v2\/types\/product"}],"replies":[{"embeddable":true,"href":"https:\/\/www.sellersunionagent.com\/pt\/wp-json\/wp\/v2\/comments?post=7962"}],"wp:featuredmedia":[{"embeddable":true,"href":"https:\/\/www.sellersunionagent.com\/pt\/wp-json\/wp\/v2\/media\/8856"}],"wp:attachment":[{"href":"https:\/\/www.sellersunionagent.com\/pt\/wp-json\/wp\/v2\/media?parent=7962"}],"wp:term":[{"taxonomy":"product_brand","embeddable":true,"href":"https:\/\/www.sellersunionagent.com\/pt\/wp-json\/wp\/v2\/product_brand?post=7962"},{"taxonomy":"product_cat","embeddable":true,"href":"https:\/\/www.sellersunionagent.com\/pt\/wp-json\/wp\/v2\/product_cat?post=7962"},{"taxonomy":"product_tag","embeddable":true,"href":"https:\/\/www.sellersunionagent.com\/pt\/wp-json\/wp\/v2\/product_tag?post=7962"}],"curies":[{"name":"wp","href":"https:\/\/api.w.org\/{rel}","templated":true}]}}