{"id":7960,"date":"2022-06-28T18:15:00","date_gmt":"2022-06-28T10:15:00","guid":{"rendered":"https:\/\/sellersunionagent.com\/?post_type=product&#038;p=7960"},"modified":"2022-08-31T14:14:48","modified_gmt":"2022-08-31T06:14:48","slug":"organizador-de-bolsas-suspensas-de-venda-quente-suporte-de-armazenamento-para-armario-com-6-bolsos-grandes","status":"publish","type":"product","link":"https:\/\/www.sellersunionagent.com\/pt\/hot-selling-hanging-handbag-organizer-bags-storage-holder-for-closet-with-6-large-pockets\/","title":{"rendered":"Suporte para armazenamento de bolsas suspensas para arm\u00e1rios com 6 bolsos grandes"},"content":{"rendered":"<h2>Suporte para armazenamento de bolsas suspensas para arm\u00e1rios com 6 bolsos grandes<\/h2>\n<p><strong>Tipo<\/strong>: Sacos organizadores suspensos para bolsas de m\u00e3o<\/p>\n<p><strong>N\u00famero do item:<\/strong> GJ006<\/p>\n<p><strong>Tamanho do item<\/strong>: 35*90cm<\/p>\n<p><strong>Cores<\/strong>: Cinza\/preto\/azul\/rosa<\/p>\n<p><strong>Material:<\/strong> PVC+<a class=\"color_pc_blue_text\" data-keyword=\"non-woven fabrics\">Tecidos n\u00e3o tecidos<\/a><\/p>\n<p>&nbsp;<\/p>\n<p>&nbsp;<\/p>\n<ul>\n<li>F\u00e1cil recep\u00e7\u00e3o de armazenamento<\/li>\n<li>Estere\u00f3tipo e classifica\u00e7\u00e3o<\/li>\n<li>Janela transparente, port\u00e1til para encontrar objetos<\/li>\n<li>PVC de qualidade, dur\u00e1vel e inquebr\u00e1vel<\/li>\n<li>Tecido n\u00e3o tecido de alta densidade, resistente \u00e0 sujeira, duro e lav\u00e1vel<\/li>\n<li>Gancho de alta qualidade com pesagem forte<img fetchpriority=\"high\" decoding=\"async\" class=\"aligncenter wp-image-7998\" src=\"https:\/\/www.sellersunionagent.com\/wp-content\/uploads\/2022\/06\/hot-selling-hanging-handbag-organizer-bags.jpg\" alt=\"\" width=\"600\" height=\"600\" \/><img decoding=\"async\" class=\"aligncenter wp-image-7999\" src=\"https:\/\/www.sellersunionagent.com\/wp-content\/uploads\/2022\/06\/hot-selling-hanging-handbag-organizer-bags-1.jpg\" alt=\"\" width=\"600\" height=\"600\" \/><img decoding=\"async\" class=\"aligncenter wp-image-8005\" src=\"https:\/\/www.sellersunionagent.com\/wp-content\/uploads\/2022\/06\/hot-selling-hanging-handbag-organizer-bags-7.jpg\" alt=\"\" width=\"600\" height=\"600\" \/><\/li>\n<li><img loading=\"lazy\" decoding=\"async\" class=\"aligncenter wp-image-8000\" src=\"https:\/\/www.sellersunionagent.com\/wp-content\/uploads\/2022\/06\/hot-selling-hanging-handbag-organizer-bags-2.jpg\" alt=\"\" width=\"600\" height=\"600\" \/><img loading=\"lazy\" decoding=\"async\" class=\"aligncenter wp-image-8003\" src=\"https:\/\/www.sellersunionagent.com\/wp-content\/uploads\/2022\/06\/hot-selling-hanging-handbag-organizer-bags-5.jpg\" alt=\"\" width=\"600\" height=\"600\" \/> <img loading=\"lazy\" decoding=\"async\" class=\"aligncenter wp-image-8004\" src=\"https:\/\/www.sellersunionagent.com\/wp-content\/uploads\/2022\/06\/hot-selling-hanging-handbag-organizer-bags-6.jpg\" alt=\"\" width=\"600\" height=\"435\" \/><br \/>\n<img loading=\"lazy\" decoding=\"async\" class=\"aligncenter wp-image-8006\" src=\"https:\/\/www.sellersunionagent.com\/wp-content\/uploads\/2022\/06\/hot-selling-hanging-handbag-organizer-bags-8.jpg\" alt=\"\" width=\"600\" height=\"600\" \/><\/li>\n<\/ul>","protected":false},"excerpt":{"rendered":"<p><strong>MOQ: <\/strong>50 (flex\u00edvel)<br \/>\n<strong>Amostra gr\u00e1tis:<\/strong> Com suporte<br \/>\n<strong>Personaliza\u00e7\u00e3o:<\/strong> logotipo \/ cor \/ materiais \/ embalagem etc.<br \/>\n<strong>Desconto:<\/strong> Primeiros pedidos com desconto de at\u00e9 10%.<br \/>\n<strong>Taxa de entrega no prazo:<\/strong> 100%<br \/>\n<strong>Total de remessas:<\/strong> 100000PCS<br \/>\n<strong>Envio:<\/strong> Suporte expresso - frete mar\u00edtimo - frete terrestre<\/p>\n<p>&nbsp;<\/p>\n<p>&nbsp;<\/p>\n<p>Como um fornecedor de sacolas de lona de venda quente na China, selecionamos produtos de armazenamento multifuncionais para atender \u00e0s suas diferentes necessidades.<\/p>","protected":false},"featured_media":8002,"comment_status":"open","ping_status":"closed","template":"","meta":{"_acf_changed":false},"product_brand":[],"product_cat":[31,187],"product_tag":[127,174,44],"class_list":{"0":"post-7960","1":"product","2":"type-product","3":"status-publish","4":"has-post-thumbnail","6":"product_cat-home-storage","7":"product_cat-bedroom","8":"product_tag-hanging","9":"product_tag-home-storage-hot","10":"product_tag-hot-selling","12":"first","13":"instock","14":"shipping-taxable","15":"product-type-simple","16":"swiper-slide"},"acf":[],"_links":{"self":[{"href":"https:\/\/www.sellersunionagent.com\/pt\/wp-json\/wp\/v2\/product\/7960","targetHints":{"allow":["GET"]}}],"collection":[{"href":"https:\/\/www.sellersunionagent.com\/pt\/wp-json\/wp\/v2\/product"}],"about":[{"href":"https:\/\/www.sellersunionagent.com\/pt\/wp-json\/wp\/v2\/types\/product"}],"replies":[{"embeddable":true,"href":"https:\/\/www.sellersunionagent.com\/pt\/wp-json\/wp\/v2\/comments?post=7960"}],"wp:featuredmedia":[{"embeddable":true,"href":"https:\/\/www.sellersunionagent.com\/pt\/wp-json\/wp\/v2\/media\/8002"}],"wp:attachment":[{"href":"https:\/\/www.sellersunionagent.com\/pt\/wp-json\/wp\/v2\/media?parent=7960"}],"wp:term":[{"taxonomy":"product_brand","embeddable":true,"href":"https:\/\/www.sellersunionagent.com\/pt\/wp-json\/wp\/v2\/product_brand?post=7960"},{"taxonomy":"product_cat","embeddable":true,"href":"https:\/\/www.sellersunionagent.com\/pt\/wp-json\/wp\/v2\/product_cat?post=7960"},{"taxonomy":"product_tag","embeddable":true,"href":"https:\/\/www.sellersunionagent.com\/pt\/wp-json\/wp\/v2\/product_tag?post=7960"}],"curies":[{"name":"wp","href":"https:\/\/api.w.org\/{rel}","templated":true}]}}