{"id":7954,"date":"2022-06-28T17:26:07","date_gmt":"2022-06-28T09:26:07","guid":{"rendered":"https:\/\/sellersunionagent.com\/?post_type=product&#038;p=7954"},"modified":"2022-08-31T14:15:17","modified_gmt":"2022-08-31T06:15:17","slug":"organizador-de-meias-e-roupas-intimas-para-armazenamento-domestico","status":"publish","type":"product","link":"https:\/\/www.sellersunionagent.com\/pt\/underwear-socks-organizer-for-home-storage\/","title":{"rendered":"Organizador de meias e roupas \u00edntimas para armazenamento dom\u00e9stico"},"content":{"rendered":"<h2>Divisor de gaveta organizador de meias para roupas \u00edntimas, caixa de armazenamento organizador de gaveta de arm\u00e1rio dobr\u00e1vel para meias, roupas \u00edntimas e gravatas<\/h2>\n<p>&nbsp;<\/p>\n<p>&nbsp;<\/p>\n<ul>\n<li>Tamanho do organizador de meias e roupas \u00edntimas: 32*32*10CM. Os compartimentos individuais mant\u00eam as coisas limpas, organizadas e no lugar, permitindo que voc\u00ea encontre rapidamente exatamente o que precisa, quando precisa.<\/li>\n<\/ul>\n<p>&nbsp;<\/p>\n<p>&nbsp;<\/p>\n<ul>\n<li>Organizador para gaveta, c\u00f4moda, arm\u00e1rio, escrivaninha, estante ou qualquer outro lugar da casa, economizando espa\u00e7o no seu arm\u00e1rio. A caixa \u00e9 dobr\u00e1vel para facilitar o armazenamento. Pode ser dobrada para economizar espa\u00e7o quando n\u00e3o estiver em uso. Basta remover o suporte lateral e o organizador de guarda-roupa pode ser dobrado em um tamanho leve e compacto. O design dobr\u00e1vel tamb\u00e9m permite que o organizador seja facilmente transportado.<\/li>\n<\/ul>\n<p>&nbsp;<\/p>\n<p><img fetchpriority=\"high\" decoding=\"async\" class=\"aligncenter wp-image-7957\" src=\"https:\/\/www.sellersunionagent.com\/wp-content\/uploads\/2022\/06\/underwear-storage-divider-boxes-7.jpg\" alt=\"\" width=\"600\" height=\"600\" \/><\/p>\n<p><img decoding=\"async\" class=\"aligncenter wp-image-7958\" src=\"https:\/\/www.sellersunionagent.com\/wp-content\/uploads\/2022\/06\/underwear-storage-divider-boxes-8.jpg\" alt=\"\" width=\"600\" height=\"600\" \/><\/p>\n<p><img decoding=\"async\" class=\"aligncenter wp-image-9114\" src=\"https:\/\/www.sellersunionagent.com\/wp-content\/uploads\/2022\/06\/\u5fae\u4fe1\u56fe\u7247_20220709155554.png\" alt=\"fornecedor atacadista\" width=\"600\" height=\"456\" \/><\/p>","protected":false},"excerpt":{"rendered":"<p><strong>Tipo<\/strong>: Organiza\u00e7\u00e3o da casa<\/p>\n<p><strong>N\u00famero do item:<\/strong> QYSNH08<\/p>\n<p><strong>Tamanho do item<\/strong>: 32*32*10cm<\/p>\n<p><strong>Peso do item<\/strong>: 158g<\/p>\n<p><strong>Material: <\/strong>Tecidos n\u00e3o tecidos<\/p>","protected":false},"featured_media":7956,"comment_status":"open","ping_status":"closed","template":"","meta":{"_acf_changed":false},"product_brand":[],"product_cat":[31,187],"product_tag":[70,80,90,50],"class_list":{"0":"post-7954","1":"product","2":"type-product","3":"status-publish","4":"has-post-thumbnail","6":"product_cat-home-storage","7":"product_cat-bedroom","8":"product_tag-home-storage","9":"product_tag-hot-sales","10":"product_tag-storage-bag","11":"product_tag-wholesale","13":"first","14":"instock","15":"shipping-taxable","16":"product-type-simple","17":"swiper-slide"},"acf":[],"_links":{"self":[{"href":"https:\/\/www.sellersunionagent.com\/pt\/wp-json\/wp\/v2\/product\/7954","targetHints":{"allow":["GET"]}}],"collection":[{"href":"https:\/\/www.sellersunionagent.com\/pt\/wp-json\/wp\/v2\/product"}],"about":[{"href":"https:\/\/www.sellersunionagent.com\/pt\/wp-json\/wp\/v2\/types\/product"}],"replies":[{"embeddable":true,"href":"https:\/\/www.sellersunionagent.com\/pt\/wp-json\/wp\/v2\/comments?post=7954"}],"wp:featuredmedia":[{"embeddable":true,"href":"https:\/\/www.sellersunionagent.com\/pt\/wp-json\/wp\/v2\/media\/7956"}],"wp:attachment":[{"href":"https:\/\/www.sellersunionagent.com\/pt\/wp-json\/wp\/v2\/media?parent=7954"}],"wp:term":[{"taxonomy":"product_brand","embeddable":true,"href":"https:\/\/www.sellersunionagent.com\/pt\/wp-json\/wp\/v2\/product_brand?post=7954"},{"taxonomy":"product_cat","embeddable":true,"href":"https:\/\/www.sellersunionagent.com\/pt\/wp-json\/wp\/v2\/product_cat?post=7954"},{"taxonomy":"product_tag","embeddable":true,"href":"https:\/\/www.sellersunionagent.com\/pt\/wp-json\/wp\/v2\/product_tag?post=7954"}],"curies":[{"name":"wp","href":"https:\/\/api.w.org\/{rel}","templated":true}]}}