{"id":7946,"date":"2022-06-28T17:18:50","date_gmt":"2022-06-28T09:18:50","guid":{"rendered":"https:\/\/sellersunionagent.com\/?post_type=product&#038;p=7946"},"modified":"2022-08-31T14:15:44","modified_gmt":"2022-08-31T06:15:44","slug":"caixas-divisorias-para-armazenamento-de-roupas-intimas-para-armazenamento-domestico","status":"publish","type":"product","link":"https:\/\/www.sellersunionagent.com\/pt\/underwear-storage-divider-boxes-for-home-storage\/","title":{"rendered":"Caixas divis\u00f3rias para armazenamento de roupas \u00edntimas para armazenamento dom\u00e9stico"},"content":{"rendered":"<h2 id=\"title\" class=\"a-size-large a-spacing-none\"><span id=\"productTitle\" class=\"a-size-large product-title-word-break\">Conjunto organizador de gaveta para roupas \u00edntimas - Caixas divis\u00f3rias dobr\u00e1veis para armazenamento de roupas \u00edntimas para armazenamento dom\u00e9stico<\/span><\/h2>\n<p>&nbsp;<\/p>\n<p>&nbsp;<\/p>\n<ul>\n<li><strong>Nylon Material:<\/strong> Nosso conjunto de divis\u00f3rias para gavetas organizadoras de roupas \u00edntimas \u00e9 feito de material de alta qualidade, que \u00e9 dur\u00e1vel e n\u00e3o \u00e9 f\u00e1cil de deformar. Voc\u00ea pode dobr\u00e1-lo e lav\u00e1-lo como quiser, e ele estar\u00e1 dispon\u00edvel para uso por muito tempo.<\/li>\n<\/ul>\n<p>&nbsp;<\/p>\n<p>&nbsp;<\/p>\n<ul>\n<li><strong>Design delicado:<\/strong> Com superf\u00edcie branca fosca e bordas pretas, nossos produtos t\u00eam apar\u00eancia simples e emitem uma sensa\u00e7\u00e3o de luxo. E com diferentes quantidades de compartimentos em tr\u00eas caixas de tamanhos diferentes, voc\u00ea encontrar\u00e1 as coisas mais rapidamente do que antes, de acordo com o tamanho diferente do produto.<\/li>\n<\/ul>\n<p>&nbsp;<\/p>\n<p>&nbsp;<\/p>\n<ul>\n<li><strong>Ampla aplica\u00e7\u00e3o:<\/strong> Com compartimentos individuais, nossas caixas de armazenamento dobr\u00e1veis s\u00e3o convenientes para armazenar roupas \u00edntimas, calcinhas, suti\u00e3s, meias, gravatas, len\u00e7os etc. Al\u00e9m disso, itens triviais de mesa, de banheiro e de cozinha tamb\u00e9m podem ser colocados dentro delas, o que lhe proporcionar\u00e1 uma casa mais limpa e organizada!<\/li>\n<\/ul>\n<p>&nbsp;<\/p>\n<p><img fetchpriority=\"high\" decoding=\"async\" class=\"aligncenter wp-image-7947\" src=\"https:\/\/www.sellersunionagent.com\/wp-content\/uploads\/2022\/06\/underwear-storage-divider-boxes.jpg\" alt=\"\" width=\"600\" height=\"600\" \/><\/p>\n<p><img decoding=\"async\" class=\"aligncenter wp-image-7948\" src=\"https:\/\/www.sellersunionagent.com\/wp-content\/uploads\/2022\/06\/underwear-storage-divider-boxes-1.jpg\" alt=\"\" width=\"600\" height=\"600\" \/> <img decoding=\"async\" class=\"aligncenter wp-image-9206\" src=\"https:\/\/www.sellersunionagent.com\/wp-content\/uploads\/2022\/06\/O1CN011cbD9M1smZSmNmNoK_2153205809-0-cib-1-1024x859.jpg\" alt=\"Organizador de roupas \u00edntimas de gaveta\" width=\"600\" height=\"504\" \/> <img loading=\"lazy\" decoding=\"async\" class=\"aligncenter wp-image-9205\" src=\"https:\/\/www.sellersunionagent.com\/wp-content\/uploads\/2022\/06\/O1CN01qAEXEF1smZTMKexbq_2153205809-0-cib-1.jpg\" alt=\"Organizador de roupas \u00edntimas de gaveta\" width=\"600\" height=\"600\" \/><\/p>\n<p>&nbsp;<\/p>","protected":false},"excerpt":{"rendered":"<p><strong>Tipo<\/strong>: Organiza\u00e7\u00e3o da casa<\/p>\n<p><strong>N\u00famero do item:<\/strong> QYSNH06<\/p>\n<p><strong>Tamanho e peso do item<\/strong>:<\/p>\n<p>6 compartimentos: 32*32*12CM\/68G<br \/>\n7 compartimentos: 32*12*12CM\/65G<br \/>\n11 compartimentos: 32*12*12CM\/50G<\/p>\n<p>&nbsp;<\/p>","protected":false},"featured_media":9206,"comment_status":"open","ping_status":"closed","template":"","meta":{"_acf_changed":false},"product_brand":[],"product_cat":[31,187],"product_tag":[70,48,94,50],"class_list":{"0":"post-7946","1":"product","2":"type-product","3":"status-publish","4":"has-post-thumbnail","6":"product_cat-home-storage","7":"product_cat-bedroom","8":"product_tag-home-storage","9":"product_tag-large-capacity","10":"product_tag-organizer","11":"product_tag-wholesale","13":"first","14":"instock","15":"shipping-taxable","16":"product-type-simple","17":"swiper-slide"},"acf":[],"_links":{"self":[{"href":"https:\/\/www.sellersunionagent.com\/pt\/wp-json\/wp\/v2\/product\/7946","targetHints":{"allow":["GET"]}}],"collection":[{"href":"https:\/\/www.sellersunionagent.com\/pt\/wp-json\/wp\/v2\/product"}],"about":[{"href":"https:\/\/www.sellersunionagent.com\/pt\/wp-json\/wp\/v2\/types\/product"}],"replies":[{"embeddable":true,"href":"https:\/\/www.sellersunionagent.com\/pt\/wp-json\/wp\/v2\/comments?post=7946"}],"wp:featuredmedia":[{"embeddable":true,"href":"https:\/\/www.sellersunionagent.com\/pt\/wp-json\/wp\/v2\/media\/9206"}],"wp:attachment":[{"href":"https:\/\/www.sellersunionagent.com\/pt\/wp-json\/wp\/v2\/media?parent=7946"}],"wp:term":[{"taxonomy":"product_brand","embeddable":true,"href":"https:\/\/www.sellersunionagent.com\/pt\/wp-json\/wp\/v2\/product_brand?post=7946"},{"taxonomy":"product_cat","embeddable":true,"href":"https:\/\/www.sellersunionagent.com\/pt\/wp-json\/wp\/v2\/product_cat?post=7946"},{"taxonomy":"product_tag","embeddable":true,"href":"https:\/\/www.sellersunionagent.com\/pt\/wp-json\/wp\/v2\/product_tag?post=7946"}],"curies":[{"name":"wp","href":"https:\/\/api.w.org\/{rel}","templated":true}]}}