{"id":7928,"date":"2022-06-28T17:11:41","date_gmt":"2022-06-28T09:11:41","guid":{"rendered":"https:\/\/sellersunionagent.com\/?post_type=product&#038;p=7928"},"modified":"2022-08-31T14:15:59","modified_gmt":"2022-08-31T06:15:59","slug":"cestas-de-tecido-nao-tecido-para-armazenamento-domestico-no-atacado-com-alcas-de-corda","status":"publish","type":"product","link":"https:\/\/www.sellersunionagent.com\/pt\/wholesale-home-storage-non-woven-fabrics-baskets-with-rope-handles\/","title":{"rendered":"Cestas de tecido n\u00e3o tecido com al\u00e7as de corda para armazenamento dom\u00e9stico no atacado"},"content":{"rendered":"<h2 id=\"title\" class=\"a-size-large a-spacing-none\"><span id=\"productTitle\" class=\"a-size-large product-title-word-break\">Caixas decorativas para organiza\u00e7\u00e3o dom\u00e9stica, cestas retangulares dobr\u00e1veis de tecido n\u00e3o tecido com al\u00e7as de corda<\/span><\/h2>\n<p>&nbsp;<\/p>\n<p>&nbsp;<\/p>\n<ul>\n<li><strong>Seguro para uso -<\/strong> Sem bordas e cantos afiados, sem arranh\u00f5es na pele. As bordas lisas evitam arranh\u00f5es nos dedos ao mover ou usar essas caixas de armazenamento. Al\u00e9m de proporcionar um ambiente seguro para crian\u00e7as e beb\u00eas.<\/li>\n<\/ul>\n<p>&nbsp;<\/p>\n<p>&nbsp;<\/p>\n<ul>\n<li>\u00a0As excelentes cestas de armazenamento oferecem organiza\u00e7\u00e3o com economia de espa\u00e7o. As cestas retangulares resistentes podem ser usadas para guardar DVDs, revistas, livros, sapatos, roupas, toalhas, cobertores, brinquedos para c\u00e3es e animais de estima\u00e7\u00e3o, cesta de correspond\u00eancia, organizador de armazenamento para materiais de escrit\u00f3rio, presentes, cesto para beb\u00eas. A cesta de armazenamento decorativa \u00e9 ideal para sala de estar, banheiro, salas de servi\u00e7o, ber\u00e7\u00e1rio, artesanato, sala de jogos, dormit\u00f3rios, condom\u00ednios, lavanderia, corredor. A cor neutra combina com qualquer decora\u00e7\u00e3o e mant\u00e9m sua casa organizada.<\/li>\n<\/ul>\n<p>&nbsp;<\/p>\n<p>&nbsp;<\/p>\n<p><img fetchpriority=\"high\" decoding=\"async\" class=\"aligncenter wp-image-9222\" src=\"https:\/\/www.sellersunionagent.com\/wp-content\/uploads\/2022\/06\/O1CN01VXBfCd1smZRCfvPXr_2153205809-0-cib-1.jpg\" alt=\"\" width=\"600\" height=\"608\" \/><img decoding=\"async\" class=\"aligncenter wp-image-9221\" src=\"https:\/\/www.sellersunionagent.com\/wp-content\/uploads\/2022\/06\/O1CN01D3KnMx1smZROwvoQA_2153205809-0-cib-1.jpg\" alt=\"\" width=\"600\" height=\"600\" \/><img decoding=\"async\" class=\"aligncenter wp-image-7940\" src=\"https:\/\/www.sellersunionagent.com\/wp-content\/uploads\/2022\/06\/wholesale-home-storage-non-woven-fabrics-baskets.jpg\" alt=\"\" width=\"600\" height=\"607\" \/><img loading=\"lazy\" decoding=\"async\" class=\"aligncenter wp-image-7942\" src=\"https:\/\/www.sellersunionagent.com\/wp-content\/uploads\/2022\/06\/wholesale-home-storage-non-woven-fabrics-baskets-2.jpg\" alt=\"\" width=\"600\" height=\"600\" \/><\/p>\n<p>&nbsp;<\/p>\n<p>&nbsp;<\/p>\n<p>&nbsp;<\/p>","protected":false},"excerpt":{"rendered":"<p><strong>Tipo<\/strong>: Organiza\u00e7\u00e3o da casa<\/p>\n<p><strong>N\u00famero do item:<\/strong> QYSNH03<\/p>\n<p><strong>Tamanho do item<\/strong>: 50X31X15CM<\/p>\n<p><strong>Material:<\/strong> Tecidos n\u00e3o tecidos<\/p>","protected":false},"featured_media":7941,"comment_status":"open","ping_status":"closed","template":"","meta":{"_acf_changed":false},"product_brand":[],"product_cat":[31,186],"product_tag":[71,49,70,53,50],"class_list":{"0":"post-7928","1":"product","2":"type-product","3":"status-publish","4":"has-post-thumbnail","6":"product_cat-home-storage","7":"product_cat-living-room","8":"product_tag-durable","9":"product_tag-good-quality","10":"product_tag-home-storage","11":"product_tag-professional-supplier","12":"product_tag-wholesale","14":"first","15":"instock","16":"shipping-taxable","17":"product-type-simple","18":"swiper-slide"},"acf":[],"_links":{"self":[{"href":"https:\/\/www.sellersunionagent.com\/pt\/wp-json\/wp\/v2\/product\/7928","targetHints":{"allow":["GET"]}}],"collection":[{"href":"https:\/\/www.sellersunionagent.com\/pt\/wp-json\/wp\/v2\/product"}],"about":[{"href":"https:\/\/www.sellersunionagent.com\/pt\/wp-json\/wp\/v2\/types\/product"}],"replies":[{"embeddable":true,"href":"https:\/\/www.sellersunionagent.com\/pt\/wp-json\/wp\/v2\/comments?post=7928"}],"wp:featuredmedia":[{"embeddable":true,"href":"https:\/\/www.sellersunionagent.com\/pt\/wp-json\/wp\/v2\/media\/7941"}],"wp:attachment":[{"href":"https:\/\/www.sellersunionagent.com\/pt\/wp-json\/wp\/v2\/media?parent=7928"}],"wp:term":[{"taxonomy":"product_brand","embeddable":true,"href":"https:\/\/www.sellersunionagent.com\/pt\/wp-json\/wp\/v2\/product_brand?post=7928"},{"taxonomy":"product_cat","embeddable":true,"href":"https:\/\/www.sellersunionagent.com\/pt\/wp-json\/wp\/v2\/product_cat?post=7928"},{"taxonomy":"product_tag","embeddable":true,"href":"https:\/\/www.sellersunionagent.com\/pt\/wp-json\/wp\/v2\/product_tag?post=7928"}],"curies":[{"name":"wp","href":"https:\/\/api.w.org\/{rel}","templated":true}]}}