{"id":7922,"date":"2022-06-28T16:15:59","date_gmt":"2022-06-28T08:15:59","guid":{"rendered":"https:\/\/sellersunionagent.com\/?post_type=product&#038;p=7922"},"modified":"2022-08-31T14:16:09","modified_gmt":"2022-08-31T06:16:09","slug":"armazenamento-domestico-cesto-de-armazenamento-grande-para-organizacao","status":"publish","type":"product","link":"https:\/\/www.sellersunionagent.com\/pt\/home-storage-large-storage-basket-for-organizing\/","title":{"rendered":"Home Storage Cesta de armazenamento grande para organiza\u00e7\u00e3o"},"content":{"rendered":"<h2>Home Storage Cesta de armazenamento grande para organiza\u00e7\u00e3o, cesta de tecido dobr\u00e1vel para prateleiras, caixa de armazenamento retangular para arm\u00e1rios, lavanderia<\/h2>\n<p>&nbsp;<\/p>\n<p>&nbsp;<\/p>\n<ul>\n<li>\u3010Organizadores multiuso\u3011- \u00d3tima cesta de linho para organizar roupas, sapatos, brinquedos, toalhas, cobertores, presentes, revistas, material de escrit\u00f3rio etc. Cesta decorativa ideal para quarto, sala de estar, sala de brinquedos, closet, arm\u00e1rios, prateleiras, banheiro, lavanderia, quarto de beb\u00ea etc.<\/li>\n<\/ul>\n<p>&nbsp;<\/p>\n<p>&nbsp;<\/p>\n<ul>\n<li>\u3010F\u00e1cil manuten\u00e7\u00e3o\u3011- As cestas de tecido s\u00e3o f\u00e1ceis de limpar, o interior pode ser facilmente limpo com a lavagem das m\u00e3os ou com uma esponja \u00famida. N\u00e3o \u00e9 recomend\u00e1vel lavar na m\u00e1quina.<\/li>\n<\/ul>\n<p>&nbsp;<\/p>\n<p>&nbsp;<\/p>\n<ul>\n<li>\u3010Excelente p\u00f3s-venda\u3011- Qualquer problema de qualidade do produto ou servi\u00e7o, sinta-se \u00e0 vontade para entrar em contato conosco, que responderemos dentro de 24 horas.<\/li>\n<\/ul>\n<p><img fetchpriority=\"high\" decoding=\"async\" class=\"aligncenter wp-image-7923\" src=\"https:\/\/www.sellersunionagent.com\/wp-content\/uploads\/2022\/06\/high-quality-storage-bins-for-home-storage-5.jpg\" alt=\"\" width=\"600\" height=\"600\" \/><\/p>\n<p><img decoding=\"async\" class=\"aligncenter wp-image-7926\" src=\"https:\/\/www.sellersunionagent.com\/wp-content\/uploads\/2022\/06\/high-quality-storage-bins-for-home-storage-8.jpg\" alt=\"\" width=\"600\" height=\"600\" \/><\/p>\n<p><img decoding=\"async\" class=\"aligncenter wp-image-9351\" src=\"https:\/\/www.sellersunionagent.com\/wp-content\/uploads\/2022\/06\/\u5fae\u4fe1\u56fe\u7247_20220711182506.jpg\" alt=\"Armazenamento dom\u00e9stico\" width=\"600\" height=\"433\" \/><\/p>\n<p><img loading=\"lazy\" decoding=\"async\" class=\"aligncenter wp-image-9353\" src=\"https:\/\/www.sellersunionagent.com\/wp-content\/uploads\/2022\/06\/\u5fae\u4fe1\u56fe\u7247_20220711182517.jpg\" alt=\"Armazenamento dom\u00e9stico\" width=\"600\" height=\"380\" \/><img loading=\"lazy\" decoding=\"async\" class=\"aligncenter wp-image-9352\" src=\"https:\/\/www.sellersunionagent.com\/wp-content\/uploads\/2022\/06\/\u5fae\u4fe1\u56fe\u7247_20220711182512.jpg\" alt=\"Armazenamento dom\u00e9stico\" width=\"600\" height=\"379\" \/><\/p>\n<p>&nbsp;<\/p>","protected":false},"excerpt":{"rendered":"<p><strong>Tipo<\/strong>: Organiza\u00e7\u00e3o da casa<\/p>\n<p><strong>N\u00famero do item:<\/strong> QYSNH07<\/p>\n<p><strong>Tamanho e peso do item<\/strong>:<br \/>\nGrande: 36*23*24CM\/430G<br \/>\nPequeno: 25*19*16CM\/200G<\/p>\n<p><strong>Material: <\/strong>Tecidos n\u00e3o tecidos<\/p>","protected":false},"featured_media":7927,"comment_status":"open","ping_status":"closed","template":"","meta":{"_acf_changed":false},"product_brand":[],"product_cat":[31,186],"product_tag":[122,120,70,53],"class_list":{"0":"post-7922","1":"product","2":"type-product","3":"status-publish","4":"has-post-thumbnail","6":"product_cat-home-storage","7":"product_cat-living-room","8":"product_tag-collapsible","9":"product_tag-dirty-clothes-hamper","10":"product_tag-home-storage","11":"product_tag-professional-supplier","13":"first","14":"instock","15":"shipping-taxable","16":"product-type-simple","17":"swiper-slide"},"acf":[],"_links":{"self":[{"href":"https:\/\/www.sellersunionagent.com\/pt\/wp-json\/wp\/v2\/product\/7922","targetHints":{"allow":["GET"]}}],"collection":[{"href":"https:\/\/www.sellersunionagent.com\/pt\/wp-json\/wp\/v2\/product"}],"about":[{"href":"https:\/\/www.sellersunionagent.com\/pt\/wp-json\/wp\/v2\/types\/product"}],"replies":[{"embeddable":true,"href":"https:\/\/www.sellersunionagent.com\/pt\/wp-json\/wp\/v2\/comments?post=7922"}],"wp:featuredmedia":[{"embeddable":true,"href":"https:\/\/www.sellersunionagent.com\/pt\/wp-json\/wp\/v2\/media\/7927"}],"wp:attachment":[{"href":"https:\/\/www.sellersunionagent.com\/pt\/wp-json\/wp\/v2\/media?parent=7922"}],"wp:term":[{"taxonomy":"product_brand","embeddable":true,"href":"https:\/\/www.sellersunionagent.com\/pt\/wp-json\/wp\/v2\/product_brand?post=7922"},{"taxonomy":"product_cat","embeddable":true,"href":"https:\/\/www.sellersunionagent.com\/pt\/wp-json\/wp\/v2\/product_cat?post=7922"},{"taxonomy":"product_tag","embeddable":true,"href":"https:\/\/www.sellersunionagent.com\/pt\/wp-json\/wp\/v2\/product_tag?post=7922"}],"curies":[{"name":"wp","href":"https:\/\/api.w.org\/{rel}","templated":true}]}}