{"id":7908,"date":"2022-06-28T17:17:42","date_gmt":"2022-06-28T09:17:42","guid":{"rendered":"https:\/\/sellersunionagent.com\/?post_type=product&#038;p=7908"},"modified":"2022-08-31T14:15:52","modified_gmt":"2022-08-31T06:15:52","slug":"cartoon-oxford-fabric-clothing-storage-bags-with-handle-and-zipper","status":"publish","type":"product","link":"https:\/\/www.sellersunionagent.com\/pt\/cartoon-oxford-fabric-clothing-storage-bags-with-handle-and-zipper\/","title":{"rendered":"Cartoon Oxford Fabric Clothing Storage Bags with Handle and Zipper"},"content":{"rendered":"<h2>Cartoon Oxford Fabric Clothing Storage Bags with Handle and Zipper<\/h2>\n<p>Practical bag: It&#8217;s very suitable for storing your quilts, blankets, comforters, kid clothes, baby toys or other seasonal clothes.<\/p>\n<p>&nbsp;<\/p>\n<p>Reinforced handle &amp; sturdy zipper: This standard size storage bag equipped with two firmly handles and strong two-way zippers, weight limit up to 88Lb, easily slide along the closure when in use, very convenient to carry heavy duty when moving.<\/p>\n<p>&nbsp;<\/p>\n<p>Moistureproof &amp; durable: It is made of durable double-layer oxford fabric, has a good moistureproof effect, dust-proof and the surface is not easily damaged in use.<\/p>\n<p>&nbsp;<\/p>\n<p>Foldable &amp; machine washable: It can be easily folded into a compact size and stored in a drawer, closet, car or luggage without occupying much space, and it can also be washed directly in the washing machine.<\/p>\n<p>&nbsp;<\/p>\n<p>A variety of styles: Pimple print design, there is always a suitable for you.<\/p>\n<p><img fetchpriority=\"high\" decoding=\"async\" class=\"aligncenter wp-image-7936\" src=\"https:\/\/www.sellersunionagent.com\/wp-content\/uploads\/2022\/06\/cartoon-oxford-fabric-clothing-storage-bags-7.jpg\" alt=\"Clothing Storage Bags\" width=\"600\" height=\"639\" \/><\/p>\n<p><img decoding=\"async\" class=\"aligncenter wp-image-7929\" src=\"https:\/\/www.sellersunionagent.com\/wp-content\/uploads\/2022\/06\/cartoon-oxford-fabric-clothing-storage-bags.jpg\" alt=\"Clothing Storage Bags\" width=\"600\" height=\"600\" \/><\/p>\n<p><img decoding=\"async\" class=\"aligncenter wp-image-7932\" src=\"https:\/\/www.sellersunionagent.com\/wp-content\/uploads\/2022\/06\/cartoon-oxford-fabric-clothing-storage-bags-3.jpg\" alt=\"Clothing Storage Bags\" width=\"600\" height=\"600\" \/><\/p>\n<p><img loading=\"lazy\" decoding=\"async\" class=\"aligncenter wp-image-7930\" src=\"https:\/\/www.sellersunionagent.com\/wp-content\/uploads\/2022\/06\/cartoon-oxford-fabric-clothing-storage-bags-1.jpg\" alt=\"Clothing Storage Bags\" width=\"600\" height=\"600\" \/> <img loading=\"lazy\" decoding=\"async\" class=\"aligncenter wp-image-7938\" src=\"https:\/\/www.sellersunionagent.com\/wp-content\/uploads\/2022\/06\/cartoon-oxford-fabric-clothing-storage-bags-9.jpg\" alt=\"Clothing Storage Bags\" width=\"600\" height=\"600\" \/> <img loading=\"lazy\" decoding=\"async\" class=\"aligncenter wp-image-7937\" src=\"https:\/\/www.sellersunionagent.com\/wp-content\/uploads\/2022\/06\/cartoon-oxford-fabric-clothing-storage-bags-8.jpg\" alt=\"Clothing Storage Bags\" width=\"600\" height=\"600\" \/> <img loading=\"lazy\" decoding=\"async\" class=\"aligncenter wp-image-7935\" src=\"https:\/\/www.sellersunionagent.com\/wp-content\/uploads\/2022\/06\/cartoon-oxford-fabric-clothing-storage-bags-6.jpg\" alt=\"Clothing Storage Bags\" width=\"600\" height=\"828\" \/> \u00a0<img loading=\"lazy\" decoding=\"async\" class=\"aligncenter wp-image-7933\" src=\"https:\/\/www.sellersunionagent.com\/wp-content\/uploads\/2022\/06\/cartoon-oxford-fabric-clothing-storage-bags-4.jpg\" alt=\"Clothing Storage Bags\" width=\"600\" height=\"804\" \/><\/p>","protected":false},"excerpt":{"rendered":"<p><strong>Tipo<\/strong>: Bolsa de viagem<\/p>\n<p><strong>N\u00famero do item:<\/strong> GJ005<\/p>\n<p><strong>Tamanho do item<\/strong>: XXL:72*32*52cm\/ XL: 62*28*52cm\/ L: 60*25*40cm\/ M: 55*20*33cm<\/p>\n<p><strong>Cores<\/strong>: Grey\/ deep blue\/ sky blue\/ pink\/ customization<\/p>\n<p><strong>Material:<\/strong>Tecido Oxford<\/p>\n<p>&nbsp;<\/p>\n<p>Como um fornecedor de sacolas de lona de venda quente na China, temos mais de 20 anos de experi\u00eancia e estamos comprometidos em fornecer produtos de armazenamento de alta qualidade a pre\u00e7os competitivos. Exportamos produtos da moda, de alta qualidade e bom pre\u00e7o, oferecemos suporte \u00e0 personaliza\u00e7\u00e3o OEM e ODM e fornecemos a voc\u00ea um servi\u00e7o profissional completo.<\/p>","protected":false},"featured_media":7945,"comment_status":"open","ping_status":"closed","template":"","meta":{"_acf_changed":false},"product_brand":[],"product_cat":[31,187],"product_tag":[132,131],"class_list":{"0":"post-7908","1":"product","2":"type-product","3":"status-publish","4":"has-post-thumbnail","6":"product_cat-home-storage","7":"product_cat-bedroom","8":"product_tag-clothing-storage-bags","9":"product_tag-oxford-fabric","11":"first","12":"instock","13":"shipping-taxable","14":"product-type-simple","15":"swiper-slide"},"acf":[],"_links":{"self":[{"href":"https:\/\/www.sellersunionagent.com\/pt\/wp-json\/wp\/v2\/product\/7908","targetHints":{"allow":["GET"]}}],"collection":[{"href":"https:\/\/www.sellersunionagent.com\/pt\/wp-json\/wp\/v2\/product"}],"about":[{"href":"https:\/\/www.sellersunionagent.com\/pt\/wp-json\/wp\/v2\/types\/product"}],"replies":[{"embeddable":true,"href":"https:\/\/www.sellersunionagent.com\/pt\/wp-json\/wp\/v2\/comments?post=7908"}],"wp:featuredmedia":[{"embeddable":true,"href":"https:\/\/www.sellersunionagent.com\/pt\/wp-json\/wp\/v2\/media\/7945"}],"wp:attachment":[{"href":"https:\/\/www.sellersunionagent.com\/pt\/wp-json\/wp\/v2\/media?parent=7908"}],"wp:term":[{"taxonomy":"product_brand","embeddable":true,"href":"https:\/\/www.sellersunionagent.com\/pt\/wp-json\/wp\/v2\/product_brand?post=7908"},{"taxonomy":"product_cat","embeddable":true,"href":"https:\/\/www.sellersunionagent.com\/pt\/wp-json\/wp\/v2\/product_cat?post=7908"},{"taxonomy":"product_tag","embeddable":true,"href":"https:\/\/www.sellersunionagent.com\/pt\/wp-json\/wp\/v2\/product_tag?post=7908"}],"curies":[{"name":"wp","href":"https:\/\/api.w.org\/{rel}","templated":true}]}}