{"id":7907,"date":"2022-06-28T15:48:32","date_gmt":"2022-06-28T07:48:32","guid":{"rendered":"https:\/\/sellersunionagent.com\/?post_type=product&#038;p=7907"},"modified":"2022-08-31T14:16:45","modified_gmt":"2022-08-31T06:16:45","slug":"saco-de-armazenamento-com-ziper-para-armario","status":"publish","type":"product","link":"https:\/\/www.sellersunionagent.com\/pt\/new-upgrade-home-szippered-storage-bag-for-closet\/","title":{"rendered":"New Upgrade Home SZippered Storage Bag for Closet (saco de armazenamento com z\u00edper para arm\u00e1rio)\u00a0"},"content":{"rendered":"<h2 id=\"title\" class=\"a-size-large a-spacing-none\">Saco de armazenamento dom\u00e9stico, tecidos n\u00e3o tecidos espessos e \u00e0 prova d'\u00e1gua, organizador para roupas, edredons, cobertores, roupas de cama, com janela transparente<\/h2>\n<p><strong>Tipo<\/strong>: Organiza\u00e7\u00e3o da casa<\/p>\n<p><strong>N\u00famero do item:<\/strong> QYSNB06<\/p>\n<p><strong>Tamanho do item<\/strong>: 60*40*35CM\/ 47*28*50CM<\/p>\n<p><strong>Material: <\/strong>Tecidos n\u00e3o tecidos<\/p>\n<p>&nbsp;<\/p>\n<p>&nbsp;<\/p>\n<ul>\n<li><strong>MATERIAL PREMIUM<\/strong> - Tecido respir\u00e1vel e n\u00e3o tecido que proporciona \u00f3tima ventila\u00e7\u00e3o, mantendo os itens armazenados frescos por mais tempo.<\/li>\n<\/ul>\n<p>&nbsp;<\/p>\n<p>&nbsp;<\/p>\n<ul>\n<li><strong>ECONOMIA DE ESPA\u00c7O<\/strong> - Ideal para roupas, su\u00e9teres, casacos, jaquetas, sapatos, brinquedos, edredons, cobertores, fronhas, jogos de len\u00e7\u00f3is extras e roupas de cama.<\/li>\n<\/ul>\n<p>&nbsp;<\/p>\n<p>&nbsp;<\/p>\n<ul>\n<li><strong>USO M\u00daLTIPLO<\/strong> - Perfeito como presente de inaugura\u00e7\u00e3o de casa ou para estudantes que est\u00e3o se mudando para um dormit\u00f3rio, garagem para armazenar itens dom\u00e9sticos extras, decora\u00e7\u00f5es sazonais ou lembran\u00e7as de fam\u00edlia e muito mais!<\/li>\n<\/ul>\n<p>&nbsp;<\/p>\n<p><img fetchpriority=\"high\" decoding=\"async\" class=\"aligncenter wp-image-9362\" src=\"https:\/\/www.sellersunionagent.com\/wp-content\/uploads\/2022\/06\/\u5fae\u4fe1\u56fe\u7247_20220712171951.jpg\" alt=\"Armazenamento dom\u00e9stico\" width=\"600\" height=\"611\" \/><\/p>\n<p><img decoding=\"async\" class=\"aligncenter wp-image-9361\" src=\"https:\/\/www.sellersunionagent.com\/wp-content\/uploads\/2022\/06\/\u5fae\u4fe1\u56fe\u7247_20220712171948.jpg\" alt=\"Armazenamento dom\u00e9stico\" width=\"600\" height=\"417\" \/><\/p>\n<p><img decoding=\"async\" class=\"aligncenter wp-image-9360\" src=\"https:\/\/www.sellersunionagent.com\/wp-content\/uploads\/2022\/06\/\u5fae\u4fe1\u56fe\u7247_20220712171945.jpg\" alt=\"Armazenamento dom\u00e9stico\" width=\"600\" height=\"376\" \/><\/p>\n<p><img loading=\"lazy\" decoding=\"async\" class=\"aligncenter wp-image-9359\" src=\"https:\/\/www.sellersunionagent.com\/wp-content\/uploads\/2022\/06\/\u5fae\u4fe1\u56fe\u7247_20220712171941.jpg\" alt=\"Armazenamento dom\u00e9stico\" width=\"600\" height=\"294\" \/><\/p>","protected":false},"excerpt":{"rendered":"<p><strong>MOQ: <\/strong>100 (flex\u00edvel)<br \/>\n<strong>Amostra gr\u00e1tis:<\/strong> Com suporte<br \/>\n<strong>Personaliza\u00e7\u00e3o:<\/strong> logotipo \/ cor \/ materiais \/ embalagem etc.<br \/>\n<strong>Desconto:<\/strong> Primeiros pedidos com desconto de at\u00e9 10%.<br \/>\n<strong>Taxa de entrega no prazo:<\/strong> 100%<br \/>\n<strong>Total de remessas:<\/strong> 100000PCS<br \/>\n<strong>Envio:<\/strong> Suporte expresso - frete mar\u00edtimo - frete terrestre<\/p>","protected":false},"featured_media":7914,"comment_status":"open","ping_status":"closed","template":"","meta":{"_acf_changed":false},"product_brand":[],"product_cat":[31,187],"product_tag":[174,73,99,91],"class_list":{"0":"post-7907","1":"product","2":"type-product","3":"status-publish","4":"has-post-thumbnail","6":"product_cat-home-storage","7":"product_cat-bedroom","8":"product_tag-home-storage-hot","9":"product_tag-home-storagewholesaledurable","10":"product_tag-wholesale-maker-from-china","11":"product_tag-wholesaler","13":"first","14":"instock","15":"shipping-taxable","16":"product-type-simple","17":"swiper-slide"},"acf":[],"_links":{"self":[{"href":"https:\/\/www.sellersunionagent.com\/pt\/wp-json\/wp\/v2\/product\/7907","targetHints":{"allow":["GET"]}}],"collection":[{"href":"https:\/\/www.sellersunionagent.com\/pt\/wp-json\/wp\/v2\/product"}],"about":[{"href":"https:\/\/www.sellersunionagent.com\/pt\/wp-json\/wp\/v2\/types\/product"}],"replies":[{"embeddable":true,"href":"https:\/\/www.sellersunionagent.com\/pt\/wp-json\/wp\/v2\/comments?post=7907"}],"wp:featuredmedia":[{"embeddable":true,"href":"https:\/\/www.sellersunionagent.com\/pt\/wp-json\/wp\/v2\/media\/7914"}],"wp:attachment":[{"href":"https:\/\/www.sellersunionagent.com\/pt\/wp-json\/wp\/v2\/media?parent=7907"}],"wp:term":[{"taxonomy":"product_brand","embeddable":true,"href":"https:\/\/www.sellersunionagent.com\/pt\/wp-json\/wp\/v2\/product_brand?post=7907"},{"taxonomy":"product_cat","embeddable":true,"href":"https:\/\/www.sellersunionagent.com\/pt\/wp-json\/wp\/v2\/product_cat?post=7907"},{"taxonomy":"product_tag","embeddable":true,"href":"https:\/\/www.sellersunionagent.com\/pt\/wp-json\/wp\/v2\/product_tag?post=7907"}],"curies":[{"name":"wp","href":"https:\/\/api.w.org\/{rel}","templated":true}]}}