{"id":7901,"date":"2022-06-28T15:38:37","date_gmt":"2022-06-28T07:38:37","guid":{"rendered":"https:\/\/sellersunionagent.com\/?post_type=product&#038;p=7901"},"modified":"2022-08-31T14:17:03","modified_gmt":"2022-08-31T06:17:03","slug":"armario-organizador-suspenso-de-armazenamento-domestico-no-atacado","status":"publish","type":"product","link":"https:\/\/www.sellersunionagent.com\/pt\/wholesale-home-storage-hanging-organizer-closet\/","title":{"rendered":"Arm\u00e1rio organizador suspenso para armazenamento dom\u00e9stico no atacado"},"content":{"rendered":"<h2 id=\"title\" class=\"a-size-large a-spacing-none\">Saco de armazenamento transparente de tecido n\u00e3o tecido Arm\u00e1rio organizador suspenso para armazenamento dom\u00e9stico<\/h2>\n<p>&nbsp;<\/p>\n<p>&nbsp;<\/p>\n<ul>\n<li>Esse design realmente economiza espa\u00e7o e armazena\/tem mais espa\u00e7o. O armazenamento montado na parede pode ser enganchado atr\u00e1s da porta, adequado para quartos, salas de estar, corredores ou arm\u00e1rios de roupa de cama, guarda-roupas, deixando seu espa\u00e7o menos desordenado.<\/li>\n<\/ul>\n<p>&nbsp;<\/p>\n<p>&nbsp;<\/p>\n<ul>\n<li>O gancho facilita a suspens\u00e3o na haste usual, mantendo seu arm\u00e1rio ou guarda-roupa limpo e arrumado. Armazene diferentes itens separadamente, como bolsas, carteiras, sapatos ou at\u00e9 mesmo roupas.<\/li>\n<\/ul>\n<p>&nbsp;<\/p>\n<p><img fetchpriority=\"high\" decoding=\"async\" class=\"wp-image-9365 aligncenter\" src=\"https:\/\/www.sellersunionagent.com\/wp-content\/uploads\/2022\/06\/\u5fae\u4fe1\u56fe\u7247_20220712173335.png\" alt=\"Armazenamento dom\u00e9stico\" width=\"200\" height=\"432\" \/> \u00a0<img decoding=\"async\" class=\"aligncenter wp-image-9367\" src=\"https:\/\/www.sellersunionagent.com\/wp-content\/uploads\/2022\/06\/\u5fae\u4fe1\u56fe\u7247_202207121733351.png\" alt=\"Armazenamento dom\u00e9stico\" width=\"200\" height=\"423\" \/><\/p>\n<p><img decoding=\"async\" class=\"aligncenter wp-image-9366\" src=\"https:\/\/www.sellersunionagent.com\/wp-content\/uploads\/2022\/06\/\u5fae\u4fe1\u56fe\u7247_20220712173336.png\" alt=\"Armazenamento dom\u00e9stico\" width=\"200\" height=\"271\" \/><\/p>\n<p><img loading=\"lazy\" decoding=\"async\" class=\"aligncenter wp-image-9368\" src=\"https:\/\/www.sellersunionagent.com\/wp-content\/uploads\/2022\/06\/\u5fae\u4fe1\u56fe\u7247_202207121733352.png\" alt=\"Armazenamento dom\u00e9stico\" width=\"200\" height=\"266\" \/><\/p>\n<p><img loading=\"lazy\" decoding=\"async\" class=\"aligncenter wp-image-9369\" src=\"https:\/\/www.sellersunionagent.com\/wp-content\/uploads\/2022\/06\/\u5fae\u4fe1\u56fe\u7247_202207121733361.png\" alt=\"Armazenamento dom\u00e9stico\" width=\"200\" height=\"367\" \/><\/p>\n<p><img loading=\"lazy\" decoding=\"async\" class=\"aligncenter wp-image-9370\" src=\"https:\/\/www.sellersunionagent.com\/wp-content\/uploads\/2022\/06\/\u5fae\u4fe1\u56fe\u7247_202207121733362.png\" alt=\"Armazenamento dom\u00e9stico\" width=\"200\" height=\"355\" \/><\/p>\n<p>&nbsp;<\/p>\n<p>&nbsp;<\/p>\n<p>&nbsp;<\/p>","protected":false},"excerpt":{"rendered":"<p><strong>Tipo<\/strong>: Organiza\u00e7\u00e3o da casa<\/p>\n<p><strong>N\u00famero do item:<\/strong> QYGD09<\/p>\n<p><strong>Tamanho e peso do item<\/strong>:<\/p>\n<p>Segunda camada: 68*38*16CM\/287G<br \/>\nTerceira camada: 94*38*16CM\/377G<br \/>\nQuatro camadas: 121*15*38CM\/454G<\/p>\n<p><strong>Material: <\/strong>Tecidos n\u00e3o tecidos<\/p>","protected":false},"featured_media":7903,"comment_status":"open","ping_status":"closed","template":"","meta":{"_acf_changed":false},"product_brand":[],"product_cat":[31,186],"product_tag":[121,71,49,70,47,94],"class_list":{"0":"post-7901","1":"product","2":"type-product","3":"status-publish","4":"has-post-thumbnail","6":"product_cat-home-storage","7":"product_cat-living-room","8":"product_tag-custom","9":"product_tag-durable","10":"product_tag-good-quality","11":"product_tag-home-storage","12":"product_tag-hot-sale","13":"product_tag-organizer","15":"first","16":"instock","17":"shipping-taxable","18":"product-type-simple","19":"swiper-slide"},"acf":[],"_links":{"self":[{"href":"https:\/\/www.sellersunionagent.com\/pt\/wp-json\/wp\/v2\/product\/7901","targetHints":{"allow":["GET"]}}],"collection":[{"href":"https:\/\/www.sellersunionagent.com\/pt\/wp-json\/wp\/v2\/product"}],"about":[{"href":"https:\/\/www.sellersunionagent.com\/pt\/wp-json\/wp\/v2\/types\/product"}],"replies":[{"embeddable":true,"href":"https:\/\/www.sellersunionagent.com\/pt\/wp-json\/wp\/v2\/comments?post=7901"}],"wp:featuredmedia":[{"embeddable":true,"href":"https:\/\/www.sellersunionagent.com\/pt\/wp-json\/wp\/v2\/media\/7903"}],"wp:attachment":[{"href":"https:\/\/www.sellersunionagent.com\/pt\/wp-json\/wp\/v2\/media?parent=7901"}],"wp:term":[{"taxonomy":"product_brand","embeddable":true,"href":"https:\/\/www.sellersunionagent.com\/pt\/wp-json\/wp\/v2\/product_brand?post=7901"},{"taxonomy":"product_cat","embeddable":true,"href":"https:\/\/www.sellersunionagent.com\/pt\/wp-json\/wp\/v2\/product_cat?post=7901"},{"taxonomy":"product_tag","embeddable":true,"href":"https:\/\/www.sellersunionagent.com\/pt\/wp-json\/wp\/v2\/product_tag?post=7901"}],"curies":[{"name":"wp","href":"https:\/\/api.w.org\/{rel}","templated":true}]}}