{"id":7875,"date":"2022-06-28T15:12:44","date_gmt":"2022-06-28T07:12:44","guid":{"rendered":"https:\/\/sellersunionagent.com\/?post_type=product&#038;p=7875"},"modified":"2022-08-31T14:17:22","modified_gmt":"2022-08-31T06:17:22","slug":"sacos-suspensos-a-prova-de-poeira-para-armazenamento-domestico","status":"publish","type":"product","link":"https:\/\/www.sellersunionagent.com\/pt\/hanging-dustproof-bags-for-home-storage\/","title":{"rendered":"Sacos suspensos \u00e0 prova de poeira para armazenamento dom\u00e9stico"},"content":{"rendered":"<h2 id=\"title\" class=\"a-size-large a-spacing-none\"><span id=\"productTitle\" class=\"a-size-large product-title-word-break\">Sacos \u00e0 prova de poeira, capas de sacos de poeira, sacos de armazenamento de tecido n\u00e3o tecido para armazenamento dom\u00e9stico<\/span><\/h2>\n<p>&nbsp;<\/p>\n<p>&nbsp;<\/p>\n<ul>\n<li><strong>Variedade para manter:<\/strong> Nossas bolsas podem organizar e armazenar uma grande variedade de itens, como bolsas de m\u00e3o, bolsas crossbody, mochilas, tootsies, bolsas, cachec\u00f3is, roupas, cobertores, sapatos, itens colecion\u00e1veis, cosm\u00e9ticos, produtos de higiene pessoal e muito mais para manter seus itens em ordem.<\/li>\n<\/ul>\n<p>&nbsp;<\/p>\n<p>&nbsp;<\/p>\n<ul>\n<li><strong>Longa dura\u00e7\u00e3o de uso:<\/strong> A sacola de embalagem reutiliz\u00e1vel \u00e9 feita de tecido n\u00e3o tecido e PVC, com acabamento fino, apar\u00eancia requintada, confi\u00e1vel e leve, pode ser usada como organizador de viagem, dobr\u00e1vel, leve e port\u00e1til, f\u00e1cil de usar e pode servir por muito tempo.<\/li>\n<\/ul>\n<p>&nbsp;<\/p>\n<p>&nbsp;<\/p>\n<ul>\n<li><strong>Identifique rapidamente o conte\u00fado de sua bolsa:<\/strong> Nossos sacos de armazenamento n\u00e3o tecido apresentam um design transparente na parte inferior que permite identificar facilmente o que h\u00e1 neles, economizando seu tempo e facilitando suas viagens e sua vida.<\/li>\n<\/ul>\n<p>&nbsp;<\/p>\n<p>&nbsp;<\/p>\n<ul>\n<li><strong>F\u00e1cil armazenamento:<\/strong> Esses sacos protetores de bolsa s\u00e3o projetados com z\u00edper, f\u00e1ceis de abrir e fechar, para que os itens embutidos na bolsa recebam boa prote\u00e7\u00e3o e poeira, prolongando o tempo de uso do seu item.<\/li>\n<\/ul>\n<p>&nbsp;<\/p>\n<p><img fetchpriority=\"high\" decoding=\"async\" class=\"aligncenter wp-image-9380\" src=\"https:\/\/www.sellersunionagent.com\/wp-content\/uploads\/2022\/06\/O1CN01AFqe1h1smZPMiIc8M_2153205809-0-cib-1.jpg\" alt=\"Armazenamento dom\u00e9stico\" width=\"600\" height=\"600\" \/><\/p>\n<p><img decoding=\"async\" class=\"aligncenter wp-image-9381\" src=\"https:\/\/www.sellersunionagent.com\/wp-content\/uploads\/2022\/06\/O1CN01BjEHnn1smZPMyn4bH_2153205809-0-cib-1.jpg\" alt=\"Fornecedor por atacado\" width=\"600\" height=\"596\" \/><\/p>\n<p><img decoding=\"async\" class=\"aligncenter wp-image-9382\" src=\"https:\/\/www.sellersunionagent.com\/wp-content\/uploads\/2022\/06\/O1CN01HceejK1smZPDAGX98_2153205809-0-cib-1.jpg\" alt=\"Fornecedor por atacado\" width=\"600\" height=\"600\" \/><\/p>\n<p><img loading=\"lazy\" decoding=\"async\" class=\"aligncenter wp-image-9383\" src=\"https:\/\/www.sellersunionagent.com\/wp-content\/uploads\/2022\/06\/O1CN01TGlujd1smZPJmHuoc_2153205809-0-cib-1.jpg\" alt=\"Fornecedor por atacado\" width=\"600\" height=\"600\" \/><\/p>\n<p><img loading=\"lazy\" decoding=\"async\" class=\"aligncenter wp-image-9384\" src=\"https:\/\/www.sellersunionagent.com\/wp-content\/uploads\/2022\/06\/O1CN017g4vgV1smZPM3CzeE_2153205809-0-cib-2.jpg\" alt=\"Fornecedor por atacado\" width=\"600\" height=\"600\" \/><\/p>\n<p>&nbsp;<\/p>","protected":false},"excerpt":{"rendered":"<p><strong>Tipo<\/strong>: Organiza\u00e7\u00e3o da casa<\/p>\n<p><strong>N\u00famero do item:<\/strong> QYGD05<\/p>\n<p><strong>Tamanho e peso do item<\/strong>:<\/p>\n<p>34x15X2CM\uff08S)\/95G<br \/>\n41x19x2CM(M)\/160G<br \/>\n41x19x2CM(L)\/150G<br \/>\n48x22x2CM(XL)\/215G<br \/>\n52x23x2CM\uff08XXL)\/195G<\/p>\n<p><strong>Material:<\/strong> PVC + n\u00e3o tecido<\/p>","protected":false},"featured_media":7884,"comment_status":"open","ping_status":"closed","template":"","meta":{"_acf_changed":false},"product_brand":[],"product_cat":[31,187],"product_tag":[70,47,68,50],"class_list":{"0":"post-7875","1":"product","2":"type-product","3":"status-publish","4":"has-post-thumbnail","6":"product_cat-home-storage","7":"product_cat-bedroom","8":"product_tag-home-storage","9":"product_tag-hot-sale","10":"product_tag-large","11":"product_tag-wholesale","13":"first","14":"instock","15":"shipping-taxable","16":"product-type-simple","17":"swiper-slide"},"acf":[],"_links":{"self":[{"href":"https:\/\/www.sellersunionagent.com\/pt\/wp-json\/wp\/v2\/product\/7875","targetHints":{"allow":["GET"]}}],"collection":[{"href":"https:\/\/www.sellersunionagent.com\/pt\/wp-json\/wp\/v2\/product"}],"about":[{"href":"https:\/\/www.sellersunionagent.com\/pt\/wp-json\/wp\/v2\/types\/product"}],"replies":[{"embeddable":true,"href":"https:\/\/www.sellersunionagent.com\/pt\/wp-json\/wp\/v2\/comments?post=7875"}],"wp:featuredmedia":[{"embeddable":true,"href":"https:\/\/www.sellersunionagent.com\/pt\/wp-json\/wp\/v2\/media\/7884"}],"wp:attachment":[{"href":"https:\/\/www.sellersunionagent.com\/pt\/wp-json\/wp\/v2\/media?parent=7875"}],"wp:term":[{"taxonomy":"product_brand","embeddable":true,"href":"https:\/\/www.sellersunionagent.com\/pt\/wp-json\/wp\/v2\/product_brand?post=7875"},{"taxonomy":"product_cat","embeddable":true,"href":"https:\/\/www.sellersunionagent.com\/pt\/wp-json\/wp\/v2\/product_cat?post=7875"},{"taxonomy":"product_tag","embeddable":true,"href":"https:\/\/www.sellersunionagent.com\/pt\/wp-json\/wp\/v2\/product_tag?post=7875"}],"curies":[{"name":"wp","href":"https:\/\/api.w.org\/{rel}","templated":true}]}}