{"id":7868,"date":"2022-06-28T15:44:43","date_gmt":"2022-06-28T07:44:43","guid":{"rendered":"https:\/\/sellersunionagent.com\/?post_type=product&#038;p=7868"},"modified":"2022-08-31T14:16:51","modified_gmt":"2022-08-31T06:16:51","slug":"bolsos-de-malha-para-armarios-ampliados-saco-de-armazenamento-suspenso-para-sutias-meias-roupas-intimas-e-cuecas","status":"publish","type":"product","link":"https:\/\/www.sellersunionagent.com\/pt\/enlarged-closet-mesh-pockets-hanging-storage-bag-for-bra-socks-underwear-underpants\/","title":{"rendered":"Bolsa de armazenamento suspensa com bolsos de malha para closets ampliados para suti\u00e3s, meias, roupas \u00edntimas e cuecas"},"content":{"rendered":"<h2>Bolsa de armazenamento suspensa com bolsos de malha para closets ampliados para suti\u00e3s, meias, roupas \u00edntimas e cuecas<\/h2>\n<ul>\n<li>Bolsos laterais duplos ampliados: Aumenta a capacidade e atende \u00e0s suas necessidades de armazenamento. Voc\u00ea pode organizar suti\u00e3s, meias, roupas \u00edntimas e cuecas.<\/li>\n<li>Material dur\u00e1vel: O Organizador de Arm\u00e1rio Suspenso \u00e9 feito de tecido Oxford 600D respir\u00e1vel, o design dos bolsos de malha de n\u00e1ilon ajuda a identificar rapidamente os itens, poupando o seu tempo de procurar \u00e0s cegas.<\/li>\n<li>Economia de espa\u00e7o: o armazenamento em arm\u00e1rios suspensos pode ser pendurado no var\u00e3o do arm\u00e1rio, barra de roupas, rack de lavanderia, quarto, dep\u00f3sito, dormit\u00f3rio, trailer de viagem etc., proporcionando uma apar\u00eancia limpa e organizada \u00e0 sua casa.<\/li>\n<li>Limpeza f\u00e1cil: lavagem \u00e0 m\u00e3o ou na m\u00e1quina e secagem r\u00e1pida sem desbotamento.<img fetchpriority=\"high\" decoding=\"async\" class=\"aligncenter wp-image-7895 size-full\" src=\"https:\/\/www.sellersunionagent.com\/wp-content\/uploads\/2022\/06\/enlarged-closet-mesh-pockets-hanging-storage-bag-9.png\" alt=\"Bolsa de armazenamento suspensa\" width=\"671\" height=\"414\" \/><img decoding=\"async\" class=\"aligncenter wp-image-7894 size-full\" src=\"https:\/\/www.sellersunionagent.com\/wp-content\/uploads\/2022\/06\/enlarged-closet-mesh-pockets-hanging-storage-bag-8.png\" alt=\"Bolsa de armazenamento suspensa\" width=\"631\" height=\"420\" \/> <img decoding=\"async\" class=\"aligncenter wp-image-7887 size-full\" src=\"https:\/\/www.sellersunionagent.com\/wp-content\/uploads\/2022\/06\/enlarged-closet-mesh-pockets-hanging-storage-bag-1.jpg\" alt=\"Bolsa de armazenamento suspensa\" width=\"468\" height=\"412\" \/>\u00a0<img loading=\"lazy\" decoding=\"async\" class=\"aligncenter wp-image-7886 size-full\" src=\"https:\/\/www.sellersunionagent.com\/wp-content\/uploads\/2022\/06\/enlarged-closet-mesh-pockets-hanging-storage-bag.jpg\" alt=\"Bolsa de armazenamento suspensa\" width=\"473\" height=\"416\" \/> \u00a0<img loading=\"lazy\" decoding=\"async\" class=\"aligncenter wp-image-7888\" src=\"https:\/\/www.sellersunionagent.com\/wp-content\/uploads\/2022\/06\/enlarged-closet-mesh-pockets-hanging-storage-bag-2.jpg\" alt=\"Bolsa de armazenamento suspensa\" width=\"473\" height=\"473\" \/> <img loading=\"lazy\" decoding=\"async\" class=\"aligncenter wp-image-7889\" src=\"https:\/\/www.sellersunionagent.com\/wp-content\/uploads\/2022\/06\/enlarged-closet-mesh-pockets-hanging-storage-bag-3.jpg\" alt=\"Bolsa de armazenamento suspensa\" width=\"473\" height=\"473\" \/> \u00a0<img loading=\"lazy\" decoding=\"async\" class=\"aligncenter wp-image-7891\" src=\"https:\/\/www.sellersunionagent.com\/wp-content\/uploads\/2022\/06\/enlarged-closet-mesh-pockets-hanging-storage-bag-5.jpg\" alt=\"Bolsa de armazenamento suspensa\" width=\"473\" height=\"473\" \/> <img loading=\"lazy\" decoding=\"async\" class=\"aligncenter wp-image-7892\" src=\"https:\/\/www.sellersunionagent.com\/wp-content\/uploads\/2022\/06\/enlarged-closet-mesh-pockets-hanging-storage-bag-6.jpg\" alt=\"Bolsa de armazenamento suspensa\" width=\"473\" height=\"473\" \/><\/li>\n<\/ul>","protected":false},"excerpt":{"rendered":"<p><strong>Tipo<\/strong>: Bolsa de armazenamento suspensa<\/p>\n<p><strong>N\u00famero do item:<\/strong> GJ004<\/p>\n<p><strong>Tamanho do item<\/strong>: 40*80cm<\/p>\n<p><strong>Cores<\/strong>: Preto\/branco<\/p>\n<p><strong>Material: <\/strong><a class=\"color_pc_blue_text\" data-keyword=\"non-woven fabrics\">Tecidos n\u00e3o tecidos<\/a><\/p>\n<p>&nbsp;<\/p>\n<p>&nbsp;<\/p>\n<div class=\"elementor-element elementor-element-c17fac7 elementor-widget elementor-widget-woocommerce-product-short-description\" data-id=\"c17fac7\" data-element_type=\"widget\" data-widget_type=\"woocommerce-product-short-description.default\">\n<div class=\"elementor-widget-container\">\n<div class=\"woocommerce-product-details__short-description\">\n<div class=\"elementor-element elementor-element-c17fac7 elementor-widget elementor-widget-woocommerce-product-short-description\" data-id=\"c17fac7\" data-element_type=\"widget\" data-widget_type=\"woocommerce-product-short-description.default\">\n<div class=\"elementor-widget-container\">\n<div class=\"woocommerce-product-details__short-description\">\n<p>Exportamos produtos da moda, de alta qualidade e bom pre\u00e7o, oferecemos suporte \u00e0 personaliza\u00e7\u00e3o de OEM e ODM e fornecemos a voc\u00ea um servi\u00e7o profissional completo.<\/p>\n<\/div>\n<\/div>\n<\/div>\n<\/div>\n<\/div>\n<\/div>","protected":false},"featured_media":7890,"comment_status":"open","ping_status":"closed","template":"","meta":{"_acf_changed":false},"product_brand":[],"product_cat":[31,187],"product_tag":[129,130],"class_list":{"0":"post-7868","1":"product","2":"type-product","3":"status-publish","4":"has-post-thumbnail","6":"product_cat-home-storage","7":"product_cat-bedroom","8":"product_tag-enlarged","9":"product_tag-hanging-storage-bag","11":"first","12":"instock","13":"shipping-taxable","14":"product-type-simple","15":"swiper-slide"},"acf":[],"_links":{"self":[{"href":"https:\/\/www.sellersunionagent.com\/pt\/wp-json\/wp\/v2\/product\/7868","targetHints":{"allow":["GET"]}}],"collection":[{"href":"https:\/\/www.sellersunionagent.com\/pt\/wp-json\/wp\/v2\/product"}],"about":[{"href":"https:\/\/www.sellersunionagent.com\/pt\/wp-json\/wp\/v2\/types\/product"}],"replies":[{"embeddable":true,"href":"https:\/\/www.sellersunionagent.com\/pt\/wp-json\/wp\/v2\/comments?post=7868"}],"wp:featuredmedia":[{"embeddable":true,"href":"https:\/\/www.sellersunionagent.com\/pt\/wp-json\/wp\/v2\/media\/7890"}],"wp:attachment":[{"href":"https:\/\/www.sellersunionagent.com\/pt\/wp-json\/wp\/v2\/media?parent=7868"}],"wp:term":[{"taxonomy":"product_brand","embeddable":true,"href":"https:\/\/www.sellersunionagent.com\/pt\/wp-json\/wp\/v2\/product_brand?post=7868"},{"taxonomy":"product_cat","embeddable":true,"href":"https:\/\/www.sellersunionagent.com\/pt\/wp-json\/wp\/v2\/product_cat?post=7868"},{"taxonomy":"product_tag","embeddable":true,"href":"https:\/\/www.sellersunionagent.com\/pt\/wp-json\/wp\/v2\/product_tag?post=7868"}],"curies":[{"name":"wp","href":"https:\/\/api.w.org\/{rel}","templated":true}]}}