{"id":7851,"date":"2022-06-28T14:43:06","date_gmt":"2022-06-28T06:43:06","guid":{"rendered":"https:\/\/sellersunionagent.com\/?post_type=product&#038;p=7851"},"modified":"2022-08-31T14:18:00","modified_gmt":"2022-08-31T06:18:00","slug":"rack-de-armazenamento-domestico-de-grande-capacidade-com-economia-de-espaco-pendurado","status":"publish","type":"product","link":"https:\/\/www.sellersunionagent.com\/pt\/large-capacity-home-storage-space-saving-storage-rack-hangs\/","title":{"rendered":"Grande capacidade de armazenamento dom\u00e9stico, economia de espa\u00e7o, rack de armazenamento pendurado"},"content":{"rendered":"<h2 id=\"title\" class=\"a-size-large a-spacing-none\"><span id=\"productTitle\" class=\"a-size-large product-title-word-break\">Rack de armazenamento pendurado em arm\u00e1rios para sapatos, t\u00eanis, acess\u00f3rios dom\u00e9sticos e armazenamento dom\u00e9stico<\/span><\/h2>\n<p><strong>Tipo<\/strong>: Organiza\u00e7\u00e3o da casa<\/p>\n<p><strong>N\u00famero do item:<\/strong> QYGD03<\/p>\n<p><strong>Tamanho do item<\/strong>: 96*33*11cm<\/p>\n<p><strong>Peso do item<\/strong>: 540g<\/p>\n<p><strong>Cores<\/strong>: Cinza, caf\u00e9 escuro, bege, preto<\/p>\n<p><strong>Material:<\/strong>N\u00e3o tecido<\/p>\n<p>&nbsp;<\/p>\n<p><strong>MOQ: <\/strong>500 (flex\u00edvel)<br \/>\n<strong>Amostra gr\u00e1tis:<\/strong> Com suporte<br \/>\n<strong>Personaliza\u00e7\u00e3o:<\/strong> logotipo \/ cor \/ materiais \/ embalagem etc.<br \/>\n<strong>Desconto:<\/strong> Primeiros pedidos com desconto de at\u00e9 10%.<br \/>\n<strong>Taxa de entrega no prazo:<\/strong> 100%<br \/>\n<strong>Total de remessas:<\/strong> 100000PCS<br \/>\n<strong>Envio:<\/strong> Suporte expresso - frete mar\u00edtimo - frete terrestre<\/p>\n<ul>\n<li>Constru\u00e7\u00e3o Premium: Feito de tecido de poli\u00e9ster n\u00e3o tecido premium, o organizador inclui 4 ganchos antiderrapantes, fortes e resistentes que se encaixam perfeitamente na maioria das portas para um ajuste perfeito.<\/li>\n<\/ul>\n<p>&nbsp;<\/p>\n<p>&nbsp;<\/p>\n<ul>\n<li>Vers\u00e1til: uma op\u00e7\u00e3o superior para armazenar praticamente qualquer coisa; armazene facilmente materiais de artesanato, itens de despensa, itens de beleza ou materiais de limpeza dom\u00e9stica de maneira altamente organizada e eficiente; o organizador cabe na maioria das portas para que voc\u00ea possa coloc\u00e1-lo facilmente n\u00e3o apenas em arm\u00e1rios, mas tamb\u00e9m em banheiros, garagens e muito mais.<\/li>\n<\/ul>\n<p>&nbsp;<\/p>\n<p>&nbsp;<\/p>\n<ul>\n<li>Sem necessidade de ferragens: leves e f\u00e1ceis de pendurar em praticamente qualquer lugar, pois n\u00e3o requerem ferragens para serem instalados; n\u00e3o h\u00e1 mais caixas de armazenamento grandes que ocupam mais espa\u00e7o; eles tamb\u00e9m s\u00e3o dobr\u00e1veis e simples de dobrar, para que voc\u00ea possa guard\u00e1-los quando n\u00e3o estiverem em uso ou at\u00e9 mesmo lev\u00e1-los em f\u00e9rias fora de casa para ajudar a manter seus pertences organizados; para limpar seu organizador, lave \u00e0 m\u00e3o e deixe secar ao ar.<\/li>\n<\/ul>\n<p>&nbsp;<\/p>\n<p><img fetchpriority=\"high\" decoding=\"async\" class=\"aligncenter wp-image-7863\" src=\"https:\/\/www.sellersunionagent.com\/wp-content\/uploads\/2022\/06\/large-capacity-home-storage-space-saving-storage-rack-hangs-1.jpg\" alt=\"\" width=\"600\" height=\"600\" \/> <img decoding=\"async\" class=\"aligncenter wp-image-7864\" src=\"https:\/\/www.sellersunionagent.com\/wp-content\/uploads\/2022\/06\/large-capacity-home-storage-space-saving-storage-rack-hangs-2.jpg\" alt=\"\" width=\"600\" height=\"600\" \/><\/p>\n<p><img decoding=\"async\" class=\"aligncenter wp-image-9385\" src=\"https:\/\/www.sellersunionagent.com\/wp-content\/uploads\/2022\/06\/\u5fae\u4fe1\u56fe\u7247_20220712181803.png\" alt=\"Fornecedor por atacado\" width=\"600\" height=\"535\" \/><\/p>\n<p><img loading=\"lazy\" decoding=\"async\" class=\"aligncenter wp-image-9386\" src=\"https:\/\/www.sellersunionagent.com\/wp-content\/uploads\/2022\/06\/\u5fae\u4fe1\u56fe\u7247_202207121818031.png\" alt=\"Fabrica\u00e7\u00e3o na China\" width=\"600\" height=\"543\" \/><\/p>","protected":false},"excerpt":{"rendered":"<p><strong>MOQ: <\/strong>50 (flex\u00edvel)<br \/>\n<strong>Amostra gr\u00e1tis:<\/strong> Com suporte<br \/>\n<strong>Personaliza\u00e7\u00e3o:<\/strong> logotipo \/ cor \/ materiais \/ embalagem etc.<br \/>\n<strong>Desconto:<\/strong> Primeiros pedidos com desconto de at\u00e9 10%.<br \/>\n<strong>Taxa de entrega no prazo:<\/strong> 100%<br \/>\n<strong>Total de remessas:<\/strong> 100000PCS<br \/>\n<strong>Envio:<\/strong> Suporte expresso - frete mar\u00edtimo - frete terrestre<\/p>","protected":false},"featured_media":7865,"comment_status":"open","ping_status":"closed","template":"","meta":{"_acf_changed":false},"product_brand":[],"product_cat":[31,186],"product_tag":[174,73,48,93],"class_list":{"0":"post-7851","1":"product","2":"type-product","3":"status-publish","4":"has-post-thumbnail","6":"product_cat-home-storage","7":"product_cat-living-room","8":"product_tag-home-storage-hot","9":"product_tag-home-storagewholesaledurable","10":"product_tag-large-capacity","11":"product_tag-storage","13":"first","14":"instock","15":"shipping-taxable","16":"product-type-simple","17":"swiper-slide"},"acf":[],"_links":{"self":[{"href":"https:\/\/www.sellersunionagent.com\/pt\/wp-json\/wp\/v2\/product\/7851","targetHints":{"allow":["GET"]}}],"collection":[{"href":"https:\/\/www.sellersunionagent.com\/pt\/wp-json\/wp\/v2\/product"}],"about":[{"href":"https:\/\/www.sellersunionagent.com\/pt\/wp-json\/wp\/v2\/types\/product"}],"replies":[{"embeddable":true,"href":"https:\/\/www.sellersunionagent.com\/pt\/wp-json\/wp\/v2\/comments?post=7851"}],"wp:featuredmedia":[{"embeddable":true,"href":"https:\/\/www.sellersunionagent.com\/pt\/wp-json\/wp\/v2\/media\/7865"}],"wp:attachment":[{"href":"https:\/\/www.sellersunionagent.com\/pt\/wp-json\/wp\/v2\/media?parent=7851"}],"wp:term":[{"taxonomy":"product_brand","embeddable":true,"href":"https:\/\/www.sellersunionagent.com\/pt\/wp-json\/wp\/v2\/product_brand?post=7851"},{"taxonomy":"product_cat","embeddable":true,"href":"https:\/\/www.sellersunionagent.com\/pt\/wp-json\/wp\/v2\/product_cat?post=7851"},{"taxonomy":"product_tag","embeddable":true,"href":"https:\/\/www.sellersunionagent.com\/pt\/wp-json\/wp\/v2\/product_tag?post=7851"}],"curies":[{"name":"wp","href":"https:\/\/api.w.org\/{rel}","templated":true}]}}