{"id":7835,"date":"2022-06-28T14:08:16","date_gmt":"2022-06-28T06:08:16","guid":{"rendered":"https:\/\/sellersunionagent.com\/?post_type=product&#038;p=7835"},"modified":"2022-08-31T14:18:20","modified_gmt":"2022-08-31T06:18:20","slug":"cesto-de-roupa-suja-redondo-e-dobravel-personalizado","status":"publish","type":"product","link":"https:\/\/www.sellersunionagent.com\/pt\/personalized-round-collapsible-laundry-basket\/","title":{"rendered":"Cesto de roupa suja dobr\u00e1vel redondo personalizado"},"content":{"rendered":"<h2>Cesto de roupa suja dobr\u00e1vel redondo personalizado<\/h2>\n<p>Capacidade extragrande: Algod\u00e3o e c\u00e2nhamo. O cesto dobr\u00e1vel ocupa pouco espa\u00e7o, mas comporta muita coisa. Voc\u00ea pode manter roupas e brinquedos contidos e fora do ch\u00e3o com facilidade.<\/p>\n<p>&nbsp;<\/p>\n<p>&nbsp;<\/p>\n<p>Design minimalista: Perfeito para uso em quartos, arm\u00e1rios e salas de estar. Esse cesto grande tem acabamento com uma est\u00e9tica limpa, discreta e minimalista. Oferecemos servi\u00e7o personalizado!<\/p>\n<p>&nbsp;<\/p>\n<p>&nbsp;<\/p>\n<p>Al\u00e7a macia e pr\u00e1tica: As al\u00e7as macias d\u00e3o um toque agrad\u00e1vel de sofistica\u00e7\u00e3o ao serem seguradas e carregadas. Al\u00e9m disso, voc\u00ea pode lev\u00e1-la facilmente para outros lugares de sua casa.<\/p>\n<p><img fetchpriority=\"high\" decoding=\"async\" class=\"aligncenter wp-image-7836\" src=\"https:\/\/www.sellersunionagent.com\/wp-content\/uploads\/2022\/06\/personalized-round-collapsible-laundry-basket.jpg\" alt=\"Personalizado\" width=\"600\" height=\"600\" \/> <img decoding=\"async\" class=\"aligncenter wp-image-7838\" src=\"https:\/\/www.sellersunionagent.com\/wp-content\/uploads\/2022\/06\/personalized-round-collapsible-laundry-basket-2.jpg\" alt=\"Personalizado\" width=\"600\" height=\"600\" \/><img decoding=\"async\" class=\"aligncenter wp-image-7841\" src=\"https:\/\/www.sellersunionagent.com\/wp-content\/uploads\/2022\/06\/personalized-round-collapsible-laundry-basket-6.png\" alt=\"Personalizado\" width=\"600\" height=\"600\" \/> <img loading=\"lazy\" decoding=\"async\" class=\"aligncenter wp-image-7839\" src=\"https:\/\/www.sellersunionagent.com\/wp-content\/uploads\/2022\/06\/personalized-round-collapsible-laundry-basket-4.jpg\" alt=\"Personalizado\" width=\"600\" height=\"600\" \/><\/p>\n<p>&nbsp;<\/p>","protected":false},"excerpt":{"rendered":"<p><strong>Tipo<\/strong>: Cesto de roupa suja<\/p>\n<p><strong>N\u00famero do item:<\/strong> GJ002<\/p>\n<p><strong>Tamanho do item<\/strong>: 35*43cm<\/p>\n<p><strong>Cores<\/strong>: Cinza\/ preto\/ branco<\/p>\n<p><strong>Material:\u00a0<\/strong>Algod\u00e3o<\/p>\n<p>&nbsp;<\/p>\n<p><span id=\"w_61\" class=\"\">Todos <\/span><span id=\"w_62\" class=\"\">Nossos produtos <\/span><span id=\"w_64\" class=\"\">pode ser <\/span><span id=\"w_65\" class=\"high-light\">personalizado <\/span><span id=\"w_66\">para <\/span><span id=\"w_67\">o <\/span><span id=\"w_68\">necessidades <\/span><span id=\"w_69\" class=\"\">de <\/span><span id=\"w_70\" class=\"\">o <\/span><span id=\"w_71\" class=\"\">individual<\/span><span id=\"w_72\" class=\"\">.<\/span> Levamos cada etapa a s\u00e9rio, apenas para oferecer a voc\u00ea um produto melhor.<\/p>","protected":false},"featured_media":7840,"comment_status":"open","ping_status":"closed","template":"","meta":{"_acf_changed":false},"product_brand":[],"product_cat":[31,186],"product_tag":[122,126,125],"class_list":{"0":"post-7835","1":"product","2":"type-product","3":"status-publish","4":"has-post-thumbnail","6":"product_cat-home-storage","7":"product_cat-living-room","8":"product_tag-collapsible","9":"product_tag-laundry-basket","10":"product_tag-personalized","12":"first","13":"instock","14":"shipping-taxable","15":"product-type-simple","16":"swiper-slide"},"acf":[],"_links":{"self":[{"href":"https:\/\/www.sellersunionagent.com\/pt\/wp-json\/wp\/v2\/product\/7835","targetHints":{"allow":["GET"]}}],"collection":[{"href":"https:\/\/www.sellersunionagent.com\/pt\/wp-json\/wp\/v2\/product"}],"about":[{"href":"https:\/\/www.sellersunionagent.com\/pt\/wp-json\/wp\/v2\/types\/product"}],"replies":[{"embeddable":true,"href":"https:\/\/www.sellersunionagent.com\/pt\/wp-json\/wp\/v2\/comments?post=7835"}],"wp:featuredmedia":[{"embeddable":true,"href":"https:\/\/www.sellersunionagent.com\/pt\/wp-json\/wp\/v2\/media\/7840"}],"wp:attachment":[{"href":"https:\/\/www.sellersunionagent.com\/pt\/wp-json\/wp\/v2\/media?parent=7835"}],"wp:term":[{"taxonomy":"product_brand","embeddable":true,"href":"https:\/\/www.sellersunionagent.com\/pt\/wp-json\/wp\/v2\/product_brand?post=7835"},{"taxonomy":"product_cat","embeddable":true,"href":"https:\/\/www.sellersunionagent.com\/pt\/wp-json\/wp\/v2\/product_cat?post=7835"},{"taxonomy":"product_tag","embeddable":true,"href":"https:\/\/www.sellersunionagent.com\/pt\/wp-json\/wp\/v2\/product_tag?post=7835"}],"curies":[{"name":"wp","href":"https:\/\/api.w.org\/{rel}","templated":true}]}}