{"id":7820,"date":"2022-06-28T13:39:57","date_gmt":"2022-06-28T05:39:57","guid":{"rendered":"https:\/\/sellersunionagent.com\/?post_type=product&#038;p=7820"},"modified":"2022-08-31T14:18:34","modified_gmt":"2022-08-31T06:18:34","slug":"caixa-de-armazenamento-de-mesa-de-algodao-personalizada","status":"publish","type":"product","link":"https:\/\/www.sellersunionagent.com\/pt\/custom-cotton-desktop-storage-box\/","title":{"rendered":"Caixa de armazenamento de mesa de algod\u00e3o personalizada"},"content":{"rendered":"<h2>Caixa de armazenamento de mesa de algod\u00e3o personalizada<\/h2>\n<ul>\n<li>Design bonito e v\u00edvido e combina\u00e7\u00e3o confort\u00e1vel de cores<\/li>\n<li>Corpo tridimensional em forma de barril, limpo e elegante<\/li>\n<li>Com revestimento interno \u00e0 prova d'\u00e1gua, ele n\u00e3o tem medo de umidade e mant\u00e9m os itens secos<\/li>\n<li>Ambos os lados s\u00e3o equipados com al\u00e7as, que s\u00e3o convenientes para transportar e mover, e f\u00e1ceis de usar<\/li>\n<li>Tecido macio e confort\u00e1vel que se dobra facilmente<\/li>\n<li><img fetchpriority=\"high\" decoding=\"async\" class=\"aligncenter wp-image-7829 size-full\" src=\"https:\/\/www.sellersunionagent.com\/wp-content\/uploads\/2022\/06\/custom-cotton-desktop-storage-box-3.png\" alt=\"personalizado\" width=\"642\" height=\"583\" \/><img decoding=\"async\" class=\"aligncenter wp-image-7822\" src=\"https:\/\/www.sellersunionagent.com\/wp-content\/uploads\/2022\/06\/custom-cotton-desktop-storage-box-9.jpg\" alt=\"personalizado\" width=\"600\" height=\"600\" \/> <img decoding=\"async\" class=\"aligncenter wp-image-7824\" src=\"https:\/\/www.sellersunionagent.com\/wp-content\/uploads\/2022\/06\/custom-cotton-desktop-storage-box-7.jpg\" alt=\"personalizado\" width=\"600\" height=\"600\" \/> <img loading=\"lazy\" decoding=\"async\" class=\"aligncenter wp-image-7825\" src=\"https:\/\/www.sellersunionagent.com\/wp-content\/uploads\/2022\/06\/custom-cotton-desktop-storage-box-6.jpg\" alt=\"personalizado\" width=\"600\" height=\"600\" \/> <img loading=\"lazy\" decoding=\"async\" class=\"aligncenter wp-image-7827\" src=\"https:\/\/www.sellersunionagent.com\/wp-content\/uploads\/2022\/06\/custom-cotton-desktop-storage-box-5.jpg\" alt=\"personalizado\" width=\"600\" height=\"600\" \/> <img loading=\"lazy\" decoding=\"async\" class=\"aligncenter wp-image-7828\" src=\"https:\/\/www.sellersunionagent.com\/wp-content\/uploads\/2022\/06\/custom-cotton-desktop-storage-box-4.jpg\" alt=\"personalizado\" width=\"600\" height=\"600\" \/> <img loading=\"lazy\" decoding=\"async\" class=\"aligncenter wp-image-7830\" src=\"https:\/\/www.sellersunionagent.com\/wp-content\/uploads\/2022\/06\/custom-cotton-desktop-storage-box-2.jpg\" alt=\"personalizado\" width=\"600\" height=\"450\" \/> <img loading=\"lazy\" decoding=\"async\" class=\"aligncenter wp-image-7831\" src=\"https:\/\/www.sellersunionagent.com\/wp-content\/uploads\/2022\/06\/custom-cotton-desktop-storage-box-1.png\" alt=\"personalizado\" width=\"600\" height=\"368\" \/> <img loading=\"lazy\" decoding=\"async\" class=\"aligncenter wp-image-7833\" src=\"https:\/\/www.sellersunionagent.com\/wp-content\/uploads\/2022\/06\/custom-cotton-desktop-storage-box-11.jpg\" alt=\"personalizado\" width=\"600\" height=\"617\" \/><\/li>\n<\/ul>","protected":false},"excerpt":{"rendered":"<p><strong>Tipo<\/strong>: Caixa de armazenamento de mesa<\/p>\n<p><strong>N\u00famero do item:<\/strong> GJ001<\/p>\n<p><strong>Tamanho do item<\/strong>: 20*16*14cm<\/p>\n<p><strong>Cores<\/strong>: Rosa\/azul\/verde<\/p>\n<p><strong>Material: <\/strong>Algod\u00e3o<\/p>\n<p>&nbsp;<\/p>\n<p>Amar a vida, amar <span id=\"w_362\" class=\"\">bonito\u00a0<\/span><span id=\"w_363\" class=\"\">coisas. Design bonito, padr\u00e3o bonito. Mantenha sua \u00e1rea de trabalho limpa e organizada, armazenando pequenas coisas. <span id=\"w_0\" class=\"\">Atenciosamente\u00a0<\/span><span id=\"w_1\" class=\"high-light\">bem-vindo\u00a0<\/span><span id=\"w_2\" class=\"high-light-bg\">seu\u00a0<\/span><span id=\"w_3\" class=\"high-light\">personalizado!<\/span><\/span><\/p>","protected":false},"featured_media":7823,"comment_status":"open","ping_status":"closed","template":"","meta":{"_acf_changed":false},"product_brand":[],"product_cat":[31,187],"product_tag":[121,124],"class_list":{"0":"post-7820","1":"product","2":"type-product","3":"status-publish","4":"has-post-thumbnail","6":"product_cat-home-storage","7":"product_cat-bedroom","8":"product_tag-custom","9":"product_tag-desktop-storage-box","11":"first","12":"instock","13":"shipping-taxable","14":"product-type-simple","15":"swiper-slide"},"acf":[],"_links":{"self":[{"href":"https:\/\/www.sellersunionagent.com\/pt\/wp-json\/wp\/v2\/product\/7820","targetHints":{"allow":["GET"]}}],"collection":[{"href":"https:\/\/www.sellersunionagent.com\/pt\/wp-json\/wp\/v2\/product"}],"about":[{"href":"https:\/\/www.sellersunionagent.com\/pt\/wp-json\/wp\/v2\/types\/product"}],"replies":[{"embeddable":true,"href":"https:\/\/www.sellersunionagent.com\/pt\/wp-json\/wp\/v2\/comments?post=7820"}],"wp:featuredmedia":[{"embeddable":true,"href":"https:\/\/www.sellersunionagent.com\/pt\/wp-json\/wp\/v2\/media\/7823"}],"wp:attachment":[{"href":"https:\/\/www.sellersunionagent.com\/pt\/wp-json\/wp\/v2\/media?parent=7820"}],"wp:term":[{"taxonomy":"product_brand","embeddable":true,"href":"https:\/\/www.sellersunionagent.com\/pt\/wp-json\/wp\/v2\/product_brand?post=7820"},{"taxonomy":"product_cat","embeddable":true,"href":"https:\/\/www.sellersunionagent.com\/pt\/wp-json\/wp\/v2\/product_cat?post=7820"},{"taxonomy":"product_tag","embeddable":true,"href":"https:\/\/www.sellersunionagent.com\/pt\/wp-json\/wp\/v2\/product_tag?post=7820"}],"curies":[{"name":"wp","href":"https:\/\/api.w.org\/{rel}","templated":true}]}}