{"id":7812,"date":"2022-06-28T10:55:05","date_gmt":"2022-06-28T02:55:05","guid":{"rendered":"https:\/\/sellersunionagent.com\/?post_type=product&#038;p=7812"},"modified":"2022-06-28T10:56:43","modified_gmt":"2022-06-28T02:56:43","slug":"hot-selling-zipper-nylon-mesh-cosmetic-bags","status":"publish","type":"product","link":"https:\/\/www.sellersunionagent.com\/pt\/hot-selling-zipper-nylon-mesh-cosmetic-bags\/","title":{"rendered":"Sacos de cosm\u00e9ticos de malha de nylon com z\u00edper para venda quente"},"content":{"rendered":"<h2>Sacos de cosm\u00e9ticos de malha de nylon com z\u00edper para venda quente<\/h2>\n<p>Material: Made of durable nylon mesh, smooth zipper, they are flexible and sturdy, tearproof, see-through, lightweight.<\/p>\n<p>&nbsp;<\/p>\n<p>&nbsp;<\/p>\n<p>Various color: 3 different bright colors for you to choose from, white, green, White. You can use them easily, portable and usefull.<\/p>\n<p>&nbsp;<\/p>\n<p>&nbsp;<\/p>\n<p>Multipurpose: This mesh bag is perfect for organizing small things to keep them handy. It can be used as cosmetic bag, pencil case, coin purse, make up bag travel kit, travel organizer bag, or to keep notes, check, bill and so on.<\/p>\n<p>&nbsp;<\/p>\n<p><img fetchpriority=\"high\" decoding=\"async\" class=\"aligncenter wp-image-7819\" src=\"https:\/\/www.sellersunionagent.com\/wp-content\/uploads\/2022\/06\/hot-selling-zipper-nylon-mesh-cosmetic-bags.jpg\" alt=\"Venda quente\" width=\"600\" height=\"600\" \/><\/p>\n<p><img decoding=\"async\" class=\"aligncenter wp-image-7814\" src=\"https:\/\/www.sellersunionagent.com\/wp-content\/uploads\/2022\/06\/hot-selling-zipper-nylon-mesh-cosmetic-bags-5.jpg\" alt=\"Venda quente\" width=\"600\" height=\"600\" \/> \u00a0\u00a0<img decoding=\"async\" class=\"aligncenter wp-image-7818\" src=\"https:\/\/www.sellersunionagent.com\/wp-content\/uploads\/2022\/06\/hot-selling-zipper-nylon-mesh-cosmetic-bags-1.jpg\" alt=\"Venda quente\" width=\"600\" height=\"586\" \/><img loading=\"lazy\" decoding=\"async\" class=\"aligncenter wp-image-7817\" src=\"https:\/\/www.sellersunionagent.com\/wp-content\/uploads\/2022\/06\/hot-selling-zipper-nylon-mesh-cosmetic-bags-2.jpg\" alt=\"Venda quente\" width=\"600\" height=\"730\" \/><img loading=\"lazy\" decoding=\"async\" class=\"aligncenter wp-image-7815\" src=\"https:\/\/www.sellersunionagent.com\/wp-content\/uploads\/2022\/06\/hot-selling-zipper-nylon-mesh-cosmetic-bags-4.jpg\" alt=\"Venda quente\" width=\"600\" height=\"600\" \/><\/p>","protected":false},"excerpt":{"rendered":"<p><strong>Tipo<\/strong>: Bolsa para cosm\u00e9ticos<\/p>\n<p><strong>N\u00famero do item:<\/strong> GJ011<\/p>\n<p><strong>Tamanho do item<\/strong>: 20*13*6cm (L)\/ 20*6*5cm (M) \/14*9*5cm (S)<\/p>\n<p><strong>Cores<\/strong>: White\/ green\/ pink<\/p>\n<p><strong>Material:<\/strong><a class=\"color_pc_blue_text\" data-keyword=\"oxford cloth\">tecido oxford<\/a><\/p>\n<p>&nbsp;<\/p>\n<p>Welcome to purchase Hot Selling items! Reasons for choosing us:<br \/>\nProdutos certificados por institui\u00e7\u00f5es profissionais, com fornecimento suficiente e est\u00e1vel<br \/>\nMais de vinte anos de experi\u00eancia, com dep\u00f3sitos de tecnologia e qualidade.<br \/>\nPersonaliza\u00e7\u00e3o bem-vinda para atender a diferentes necessidades<br \/>\nProdu\u00e7\u00e3o e envio na velocidade mais r\u00e1pida<br \/>\nServi\u00e7o completo e atencioso, incluindo pr\u00e9-vendas, vendas e p\u00f3s-vendas<\/p>","protected":false},"featured_media":7816,"comment_status":"open","ping_status":"closed","template":"","meta":{"_acf_changed":false},"product_brand":[],"product_cat":[30],"product_tag":[123,44],"class_list":{"0":"post-7812","1":"product","2":"type-product","3":"status-publish","4":"has-post-thumbnail","6":"product_cat-makeup-bag","7":"product_tag-cosmetic-bags","8":"product_tag-hot-selling","10":"first","11":"instock","12":"shipping-taxable","13":"product-type-simple","14":"swiper-slide"},"acf":[],"_links":{"self":[{"href":"https:\/\/www.sellersunionagent.com\/pt\/wp-json\/wp\/v2\/product\/7812","targetHints":{"allow":["GET"]}}],"collection":[{"href":"https:\/\/www.sellersunionagent.com\/pt\/wp-json\/wp\/v2\/product"}],"about":[{"href":"https:\/\/www.sellersunionagent.com\/pt\/wp-json\/wp\/v2\/types\/product"}],"replies":[{"embeddable":true,"href":"https:\/\/www.sellersunionagent.com\/pt\/wp-json\/wp\/v2\/comments?post=7812"}],"wp:featuredmedia":[{"embeddable":true,"href":"https:\/\/www.sellersunionagent.com\/pt\/wp-json\/wp\/v2\/media\/7816"}],"wp:attachment":[{"href":"https:\/\/www.sellersunionagent.com\/pt\/wp-json\/wp\/v2\/media?parent=7812"}],"wp:term":[{"taxonomy":"product_brand","embeddable":true,"href":"https:\/\/www.sellersunionagent.com\/pt\/wp-json\/wp\/v2\/product_brand?post=7812"},{"taxonomy":"product_cat","embeddable":true,"href":"https:\/\/www.sellersunionagent.com\/pt\/wp-json\/wp\/v2\/product_cat?post=7812"},{"taxonomy":"product_tag","embeddable":true,"href":"https:\/\/www.sellersunionagent.com\/pt\/wp-json\/wp\/v2\/product_tag?post=7812"}],"curies":[{"name":"wp","href":"https:\/\/api.w.org\/{rel}","templated":true}]}}