{"id":7795,"date":"2022-06-27T18:58:26","date_gmt":"2022-06-27T10:58:26","guid":{"rendered":"https:\/\/sellersunionagent.com\/?post_type=product&#038;p=7795"},"modified":"2022-08-31T14:18:44","modified_gmt":"2022-08-31T06:18:44","slug":"cesto-de-roupa-suja-dobravel-personalizado","status":"publish","type":"product","link":"https:\/\/www.sellersunionagent.com\/pt\/custom-collapsible-laundry-basket\/","title":{"rendered":"Cesto de roupa suja dobr\u00e1vel personalizado"},"content":{"rendered":"<h2>Cesto de roupa suja dobr\u00e1vel personalizado<\/h2>\n<ul>\n<li>65L de grande capacidade<\/li>\n<li>\u00c0 prova de poeira e lav\u00e1vel \u00e0 m\u00e1quina<\/li>\n<li>Compat\u00edvel e com economia de espa\u00e7o<\/li>\n<li>Material composto de tr\u00eas camadas para uso duradouro<\/li>\n<li>Insira as hastes de fibra de vidro para o sistema aut\u00f4nomo<\/li>\n<li>Al\u00e7a grossa de algod\u00e3o para facilitar o transporte<\/li>\n<li>Pr\u00e1tico e elegante<\/li>\n<li><img fetchpriority=\"high\" decoding=\"async\" class=\"aligncenter wp-image-7803\" src=\"https:\/\/www.sellersunionagent.com\/wp-content\/uploads\/2022\/06\/custom-collapsible-laundry-basket-7.jpg\" alt=\"Personalizado\" width=\"600\" height=\"600\" \/><img decoding=\"async\" class=\"aligncenter wp-image-7797\" src=\"https:\/\/www.sellersunionagent.com\/wp-content\/uploads\/2022\/06\/custom-collapsible-laundry-basket-13.jpg\" alt=\"Personalizado\" width=\"600\" height=\"600\" \/><img decoding=\"async\" class=\"aligncenter wp-image-7799\" src=\"https:\/\/www.sellersunionagent.com\/wp-content\/uploads\/2022\/06\/custom-collapsible-laundry-basket-11.jpg\" alt=\"Personalizado\" width=\"600\" height=\"600\" \/><\/li>\n<li><img loading=\"lazy\" decoding=\"async\" class=\"aligncenter wp-image-7798\" src=\"https:\/\/www.sellersunionagent.com\/wp-content\/uploads\/2022\/06\/custom-collapsible-laundry-basket-12.jpg\" alt=\"Personalizado\" width=\"600\" height=\"600\" \/><img loading=\"lazy\" decoding=\"async\" class=\"aligncenter wp-image-7800\" src=\"https:\/\/www.sellersunionagent.com\/wp-content\/uploads\/2022\/06\/custom-collapsible-laundry-basket-10.jpg\" alt=\"Personalizado\" width=\"600\" height=\"600\" \/> <img loading=\"lazy\" decoding=\"async\" class=\"aligncenter wp-image-7802\" src=\"https:\/\/www.sellersunionagent.com\/wp-content\/uploads\/2022\/06\/custom-collapsible-laundry-basket-8.jpg\" alt=\"Personalizado\" width=\"600\" height=\"600\" \/><img loading=\"lazy\" decoding=\"async\" class=\"aligncenter wp-image-7807\" src=\"https:\/\/www.sellersunionagent.com\/wp-content\/uploads\/2022\/06\/custom-collapsible-laundry-basket-3.jpg\" alt=\"Personalizado\" width=\"600\" height=\"600\" \/> <img loading=\"lazy\" decoding=\"async\" class=\"aligncenter wp-image-7810\" src=\"https:\/\/www.sellersunionagent.com\/wp-content\/uploads\/2022\/06\/custom-collapsible-laundry-basket-1.jpg\" alt=\"Personalizado\" width=\"600\" height=\"600\" \/> <img loading=\"lazy\" decoding=\"async\" class=\"aligncenter wp-image-7811\" src=\"https:\/\/www.sellersunionagent.com\/wp-content\/uploads\/2022\/06\/custom-collapsible-laundry-basket.jpg\" alt=\"Personalizado\" width=\"600\" height=\"600\" \/><\/li>\n<\/ul>","protected":false},"excerpt":{"rendered":"<p><strong>Tipo<\/strong>: Cesto de roupa suja<\/p>\n<p><strong>N\u00famero do item:<\/strong> QYZYL01<\/p>\n<p><strong>Tamanho do item<\/strong>: 42*31*50cm<\/p>\n<p><strong>Cores<\/strong>: Cinza\/preto\/marrom<\/p>\n<p><strong>Material: <\/strong>tecido eva+ tc + bobina de ferro + cabo de corda de algod\u00e3o + suporte de tubo de fibra de vidro<\/p>\n<p>&nbsp;<\/p>\n<p>Levamos cada passo a s\u00e9rio, apenas para oferecer a voc\u00ea um produto melhor. Mantemos uma sensibilidade de mercado extremamente alta para as diversas commodities. Somos especializados em itens de armazenamento no atacado, fazemos OEM e ODM e oferecemos um servi\u00e7o completo de compras em um s\u00f3 lugar. Bem-vindo \u00e0 personaliza\u00e7\u00e3o!<\/p>","protected":false},"featured_media":7796,"comment_status":"open","ping_status":"closed","template":"","meta":{"_acf_changed":false},"product_brand":[],"product_cat":[31,187],"product_tag":[122,121],"class_list":{"0":"post-7795","1":"product","2":"type-product","3":"status-publish","4":"has-post-thumbnail","6":"product_cat-home-storage","7":"product_cat-bedroom","8":"product_tag-collapsible","9":"product_tag-custom","11":"first","12":"instock","13":"shipping-taxable","14":"product-type-simple","15":"swiper-slide"},"acf":[],"_links":{"self":[{"href":"https:\/\/www.sellersunionagent.com\/pt\/wp-json\/wp\/v2\/product\/7795","targetHints":{"allow":["GET"]}}],"collection":[{"href":"https:\/\/www.sellersunionagent.com\/pt\/wp-json\/wp\/v2\/product"}],"about":[{"href":"https:\/\/www.sellersunionagent.com\/pt\/wp-json\/wp\/v2\/types\/product"}],"replies":[{"embeddable":true,"href":"https:\/\/www.sellersunionagent.com\/pt\/wp-json\/wp\/v2\/comments?post=7795"}],"wp:featuredmedia":[{"embeddable":true,"href":"https:\/\/www.sellersunionagent.com\/pt\/wp-json\/wp\/v2\/media\/7796"}],"wp:attachment":[{"href":"https:\/\/www.sellersunionagent.com\/pt\/wp-json\/wp\/v2\/media?parent=7795"}],"wp:term":[{"taxonomy":"product_brand","embeddable":true,"href":"https:\/\/www.sellersunionagent.com\/pt\/wp-json\/wp\/v2\/product_brand?post=7795"},{"taxonomy":"product_cat","embeddable":true,"href":"https:\/\/www.sellersunionagent.com\/pt\/wp-json\/wp\/v2\/product_cat?post=7795"},{"taxonomy":"product_tag","embeddable":true,"href":"https:\/\/www.sellersunionagent.com\/pt\/wp-json\/wp\/v2\/product_tag?post=7795"}],"curies":[{"name":"wp","href":"https:\/\/api.w.org\/{rel}","templated":true}]}}