{"id":7787,"date":"2022-06-27T18:35:13","date_gmt":"2022-06-27T10:35:13","guid":{"rendered":"https:\/\/sellersunionagent.com\/?post_type=product&#038;p=7787"},"modified":"2022-08-31T14:18:54","modified_gmt":"2022-08-31T06:18:54","slug":"cesto-para-roupas-sujas-em-tecido-oxford-grande-com-alca","status":"publish","type":"product","link":"https:\/\/www.sellersunionagent.com\/pt\/large-oxford-cloth-dirty-clothes-hamper-with-handle\/","title":{"rendered":"Cesto para roupas sujas grande de tecido Oxford com al\u00e7a"},"content":{"rendered":"<h2>Cesto para roupas sujas grande de tecido Oxford com al\u00e7a<\/h2>\n<p>Grande capacidade: O cesto dobr\u00e1vel ocupa pouco espa\u00e7o, mas comporta muita coisa. Voc\u00ea pode manter roupas e brinquedos contidos e fora do ch\u00e3o com facilidade.<\/p>\n<p>&nbsp;<\/p>\n<p>Design minimalista: Perfeito para uso em quartos, arm\u00e1rios e salas de estar. Esse cesto grande tem acabamento com uma est\u00e9tica minimalista, limpa e de baixo perfil.<\/p>\n<p>&nbsp;<\/p>\n<p>Al\u00e7a macia e pr\u00e1tica: As al\u00e7as macias d\u00e3o um toque agrad\u00e1vel de sofistica\u00e7\u00e3o ao serem seguradas e carregadas. Al\u00e9m disso, voc\u00ea pode lev\u00e1-la facilmente para outros lugares de sua casa.<\/p>\n<p><img fetchpriority=\"high\" decoding=\"async\" class=\"aligncenter wp-image-7790\" src=\"https:\/\/www.sellersunionagent.com\/wp-content\/uploads\/2022\/06\/large-oxford-cloth-dirty-clothes-hamper-with-handle-4.jpg\" alt=\"Cesto de roupas sujas\" width=\"600\" height=\"600\" \/> \u00a0<img decoding=\"async\" class=\"aligncenter wp-image-7788\" src=\"https:\/\/www.sellersunionagent.com\/wp-content\/uploads\/2022\/06\/large-oxford-cloth-dirty-clothes-hamper-with-handle-6.jpg\" alt=\"\" width=\"600\" height=\"600\" \/><\/p>\n<p><img decoding=\"async\" class=\"aligncenter wp-image-7794\" src=\"https:\/\/www.sellersunionagent.com\/wp-content\/uploads\/2022\/06\/large-oxford-cloth-dirty-clothes-hamper-with-handle.jpg\" alt=\"Cesto de roupas sujas\" width=\"600\" height=\"599\" \/><\/p>","protected":false},"excerpt":{"rendered":"<p><strong>Tipo<\/strong>: Cesto de roupas sujas<\/p>\n<p><strong>N\u00famero do item:<\/strong> QYZYL06<\/p>\n<p><strong>Tamanho do item<\/strong>: 37,5x43cm<\/p>\n<p><strong>Cores<\/strong>: Preto\/branco\/cinza<\/p>\n<p><strong>Material: <\/strong><a class=\"color_pc_blue_text\" data-keyword=\"oxford cloth\">tecido oxford<\/a><\/p>\n<p>&nbsp;<\/p>\n<p>Cesto de roupas sujas de venda quente! Bem-vindo \u00e0 compra. Raz\u00f5es para nos escolher:<br \/>\nProdutos certificados por institui\u00e7\u00f5es profissionais, com fornecimento suficiente e est\u00e1vel<br \/>\nMais de vinte anos de experi\u00eancia, com dep\u00f3sitos de tecnologia e qualidade.<br \/>\nPersonaliza\u00e7\u00e3o bem-vinda para atender a diferentes necessidades<br \/>\nProdu\u00e7\u00e3o e envio na velocidade mais r\u00e1pida<br \/>\nServi\u00e7o completo e atencioso, incluindo pr\u00e9-vendas, vendas e p\u00f3s-vendas<\/p>\n<p>&nbsp;<\/p>","protected":false},"featured_media":7793,"comment_status":"open","ping_status":"closed","template":"","meta":{"_acf_changed":false},"product_brand":[],"product_cat":[31,186],"product_tag":[120,68],"class_list":{"0":"post-7787","1":"product","2":"type-product","3":"status-publish","4":"has-post-thumbnail","6":"product_cat-home-storage","7":"product_cat-living-room","8":"product_tag-dirty-clothes-hamper","9":"product_tag-large","11":"first","12":"instock","13":"shipping-taxable","14":"product-type-simple","15":"swiper-slide"},"acf":[],"_links":{"self":[{"href":"https:\/\/www.sellersunionagent.com\/pt\/wp-json\/wp\/v2\/product\/7787","targetHints":{"allow":["GET"]}}],"collection":[{"href":"https:\/\/www.sellersunionagent.com\/pt\/wp-json\/wp\/v2\/product"}],"about":[{"href":"https:\/\/www.sellersunionagent.com\/pt\/wp-json\/wp\/v2\/types\/product"}],"replies":[{"embeddable":true,"href":"https:\/\/www.sellersunionagent.com\/pt\/wp-json\/wp\/v2\/comments?post=7787"}],"wp:featuredmedia":[{"embeddable":true,"href":"https:\/\/www.sellersunionagent.com\/pt\/wp-json\/wp\/v2\/media\/7793"}],"wp:attachment":[{"href":"https:\/\/www.sellersunionagent.com\/pt\/wp-json\/wp\/v2\/media?parent=7787"}],"wp:term":[{"taxonomy":"product_brand","embeddable":true,"href":"https:\/\/www.sellersunionagent.com\/pt\/wp-json\/wp\/v2\/product_brand?post=7787"},{"taxonomy":"product_cat","embeddable":true,"href":"https:\/\/www.sellersunionagent.com\/pt\/wp-json\/wp\/v2\/product_cat?post=7787"},{"taxonomy":"product_tag","embeddable":true,"href":"https:\/\/www.sellersunionagent.com\/pt\/wp-json\/wp\/v2\/product_tag?post=7787"}],"curies":[{"name":"wp","href":"https:\/\/api.w.org\/{rel}","templated":true}]}}