{"id":7774,"date":"2022-06-27T18:11:12","date_gmt":"2022-06-27T10:11:12","guid":{"rendered":"https:\/\/sellersunionagent.com\/?post_type=product&#038;p=7774"},"modified":"2022-06-27T18:11:13","modified_gmt":"2022-06-27T10:11:13","slug":"sacolas-de-flores-de-venda-quente-usadas-para-piqueniques-trabalho-etc","status":"publish","type":"product","link":"https:\/\/www.sellersunionagent.com\/pt\/hot-selling-flower-lunch-bags-used-for-picnics-work-etc\/","title":{"rendered":"Bolsas de almo\u00e7o florais de venda quente usadas para piqueniques, trabalho, etc."},"content":{"rendered":"<h2>Bolsas de almo\u00e7o florais de venda quente usadas para piqueniques, trabalho, etc.<\/h2>\n<p>Boa qualidade: Material de tecido Oxford espesso, preserva\u00e7\u00e3o do calor e do frescor, \u00e0 prova d'\u00e1gua e de \u00f3leo, f\u00e1cil de transportar. H\u00e1 uma folha de alum\u00ednio de alta qualidade no interior, que pode manter a temperatura dos alimentos muito bem, para que voc\u00ea possa saborear sua comida a qualquer momento.<\/p>\n<p>&nbsp;<\/p>\n<p>Design simples: O design da apar\u00eancia \u00e9 simples e moderno, e o design de cor pura com um padr\u00e3o bonito o torna mais atraente.<\/p>\n<p>&nbsp;<\/p>\n<p>F\u00e1cil de transportar e com boa capacidade: \u00c9 muito f\u00e1cil de transportar. Essa lancheira parece pequena, mas pode facilmente armazenar alimentos para adultos. Voc\u00ea pode colocar a lancheira, as frutas, os legumes, os lanches, o leite e outros itens pequenos at\u00e9 que ela fique cheia.<\/p>\n<p data-wp-editing=\"1\"><img fetchpriority=\"high\" decoding=\"async\" class=\"aligncenter wp-image-7781\" src=\"https:\/\/www.sellersunionagent.com\/wp-content\/uploads\/2022\/06\/hot-selling-flower-lunch-bags-5.jpg\" alt=\"Venda quente\" width=\"600\" height=\"600\" \/> <img decoding=\"async\" class=\"aligncenter wp-image-7780\" src=\"https:\/\/www.sellersunionagent.com\/wp-content\/uploads\/2022\/06\/hot-selling-flower-lunch-bags-6.jpg\" alt=\"Venda quente\" width=\"600\" height=\"600\" \/> <img decoding=\"async\" class=\"aligncenter wp-image-7779\" src=\"https:\/\/www.sellersunionagent.com\/wp-content\/uploads\/2022\/06\/hot-selling-flower-lunch-bags-7.jpg\" alt=\"Venda quente\" width=\"600\" height=\"600\" \/> <img loading=\"lazy\" decoding=\"async\" class=\"aligncenter wp-image-7778\" src=\"https:\/\/www.sellersunionagent.com\/wp-content\/uploads\/2022\/06\/hot-selling-flower-lunch-bags-8.jpg\" alt=\"Venda quente\" width=\"600\" height=\"600\" \/> <img loading=\"lazy\" decoding=\"async\" class=\"aligncenter wp-image-7783\" src=\"https:\/\/www.sellersunionagent.com\/wp-content\/uploads\/2022\/06\/hot-selling-flower-lunch-bags-3.jpg\" alt=\"Venda quente\" width=\"600\" height=\"600\" \/> \u00a0<img loading=\"lazy\" decoding=\"async\" class=\"aligncenter wp-image-7786\" src=\"https:\/\/www.sellersunionagent.com\/wp-content\/uploads\/2022\/06\/hot-selling-flower-lunch-bags.jpg\" alt=\"Venda quente\" width=\"600\" height=\"600\" srcset=\"https:\/\/www.sellersunionagent.com\/wp-content\/uploads\/2022\/06\/hot-selling-flower-lunch-bags.jpg 800w, https:\/\/www.sellersunionagent.com\/wp-content\/uploads\/2022\/06\/hot-selling-flower-lunch-bags-100x100.jpg 100w\" sizes=\"(max-width: 600px) 100vw, 600px\" \/> <img loading=\"lazy\" decoding=\"async\" class=\"aligncenter wp-image-7785\" src=\"https:\/\/www.sellersunionagent.com\/wp-content\/uploads\/2022\/06\/hot-selling-flower-lunch-bags-1.jpg\" alt=\"Venda quente\" width=\"600\" height=\"600\" \/> <img loading=\"lazy\" decoding=\"async\" class=\"aligncenter wp-image-7784\" src=\"https:\/\/www.sellersunionagent.com\/wp-content\/uploads\/2022\/06\/hot-selling-flower-lunch-bags-2.jpg\" alt=\"Venda quente\" width=\"600\" height=\"600\" \/><\/p>","protected":false},"excerpt":{"rendered":"<p><strong>Tipo<\/strong>: Bolsa para cosm\u00e9ticos<\/p>\n<p><strong>N\u00famero do item:<\/strong> QYBWB02<\/p>\n<p><strong>Tamanho do item<\/strong>: 25*16,5*21cm<\/p>\n<p><strong>Cores<\/strong>: Vermelho\/ preto\/ branco<\/p>\n<p><strong>Material:<\/strong><a class=\"color_pc_blue_text\" data-keyword=\"oxford cloth\">tecido oxford<\/a><\/p>\n<p>&nbsp;<\/p>\n<p>Bolsas de almo\u00e7o com flores para venda quente! Bem-vindo \u00e0 compra. Raz\u00f5es para nos escolher:<br \/>\nProdutos certificados por institui\u00e7\u00f5es profissionais, com fornecimento suficiente e est\u00e1vel<br \/>\nMais de vinte anos de experi\u00eancia, com dep\u00f3sitos de tecnologia e qualidade.<br \/>\nPersonaliza\u00e7\u00e3o bem-vinda para atender a diferentes necessidades<br \/>\nProdu\u00e7\u00e3o e envio na velocidade mais r\u00e1pida<br \/>\nServi\u00e7o completo e atencioso, incluindo pr\u00e9-vendas, vendas e p\u00f3s-vendas<\/p>","protected":false},"featured_media":7780,"comment_status":"open","ping_status":"closed","template":"","meta":{"_acf_changed":false},"product_brand":[],"product_cat":[28],"product_tag":[44,85],"class_list":{"0":"post-7774","1":"product","2":"type-product","3":"status-publish","4":"has-post-thumbnail","6":"product_cat-lunch-bag","7":"product_tag-hot-selling","8":"product_tag-lunch-bags","10":"first","11":"instock","12":"shipping-taxable","13":"product-type-simple","14":"swiper-slide"},"acf":[],"_links":{"self":[{"href":"https:\/\/www.sellersunionagent.com\/pt\/wp-json\/wp\/v2\/product\/7774","targetHints":{"allow":["GET"]}}],"collection":[{"href":"https:\/\/www.sellersunionagent.com\/pt\/wp-json\/wp\/v2\/product"}],"about":[{"href":"https:\/\/www.sellersunionagent.com\/pt\/wp-json\/wp\/v2\/types\/product"}],"replies":[{"embeddable":true,"href":"https:\/\/www.sellersunionagent.com\/pt\/wp-json\/wp\/v2\/comments?post=7774"}],"wp:featuredmedia":[{"embeddable":true,"href":"https:\/\/www.sellersunionagent.com\/pt\/wp-json\/wp\/v2\/media\/7780"}],"wp:attachment":[{"href":"https:\/\/www.sellersunionagent.com\/pt\/wp-json\/wp\/v2\/media?parent=7774"}],"wp:term":[{"taxonomy":"product_brand","embeddable":true,"href":"https:\/\/www.sellersunionagent.com\/pt\/wp-json\/wp\/v2\/product_brand?post=7774"},{"taxonomy":"product_cat","embeddable":true,"href":"https:\/\/www.sellersunionagent.com\/pt\/wp-json\/wp\/v2\/product_cat?post=7774"},{"taxonomy":"product_tag","embeddable":true,"href":"https:\/\/www.sellersunionagent.com\/pt\/wp-json\/wp\/v2\/product_tag?post=7774"}],"curies":[{"name":"wp","href":"https:\/\/api.w.org\/{rel}","templated":true}]}}