{"id":7766,"date":"2022-06-27T17:44:15","date_gmt":"2022-06-27T09:44:15","guid":{"rendered":"https:\/\/sellersunionagent.com\/?post_type=product&#038;p=7766"},"modified":"2022-08-31T14:19:02","modified_gmt":"2022-08-31T06:19:02","slug":"wholesale-fabric-closet-dresser-drawers-organizers-dividers-for-underwear-socks-briefs-ties","status":"publish","type":"product","link":"https:\/\/www.sellersunionagent.com\/pt\/wholesale-fabric-closet-dresser-drawers-organizers-dividers-for-underwear-socks-briefs-ties\/","title":{"rendered":"Divis\u00f3rias para gavetas de c\u00f4moda de arm\u00e1rio de tecido no atacado para roupas \u00edntimas, meias, cuecas e gravatas"},"content":{"rendered":"<h2>Fabric Closet Dresser Drawers Organizers Dividers for Underwear, Socks, Briefs, Ties<\/h2>\n<p>Cloth is a sentiment, when the fabric meets the storage, that is like the empty valley orchid, simple and unadorned temperament, perfect to show the warmth of the family, creating a simple style of home. Life should be like this, as simple, natural, fresh and pure as Cloth\u3002<\/p>\n<p>&nbsp;<\/p>\n<p>Make Your Life Easier: Good for organizing your underwear, bras, lingerie, panties, briefs, socks, ties, scarves,belts etc. Solid mesh lining, transparent and visible. Easy to find which one you want to wear and never need to ransack all of your clothes, reduce time for dressing.<\/p>\n<p>&nbsp;<\/p>\n<ul>\n<li>Individually designed packaging, easy to store, mold and moisture resistant<\/li>\n<li>Bottom zipper design, push and pull smoothly<\/li>\n<li>Can be folded and put away when idle<\/li>\n<li>Highly elastic ionic fabric, washable material<\/li>\n<li><img fetchpriority=\"high\" decoding=\"async\" class=\"aligncenter wp-image-7767\" src=\"https:\/\/www.sellersunionagent.com\/wp-content\/uploads\/2022\/06\/fabric-closet-dresser-drawers-organizers-dividers-6.jpg\" alt=\"atacado\" width=\"600\" height=\"600\" \/><img decoding=\"async\" class=\"aligncenter wp-image-7770\" src=\"https:\/\/www.sellersunionagent.com\/wp-content\/uploads\/2022\/06\/fabric-closet-dresser-drawers-organizers-dividers-3.jpg\" alt=\"atacado\" width=\"600\" height=\"600\" \/><img decoding=\"async\" class=\"aligncenter wp-image-7769\" src=\"https:\/\/www.sellersunionagent.com\/wp-content\/uploads\/2022\/06\/fabric-closet-dresser-drawers-organizers-dividers-4.jpg\" alt=\"atacado\" width=\"600\" height=\"600\" \/><img loading=\"lazy\" decoding=\"async\" class=\"aligncenter wp-image-7768\" src=\"https:\/\/www.sellersunionagent.com\/wp-content\/uploads\/2022\/06\/fabric-closet-dresser-drawers-organizers-dividers-5.jpg\" alt=\"atacado\" width=\"600\" height=\"600\" \/><img loading=\"lazy\" decoding=\"async\" class=\"aligncenter wp-image-7772\" src=\"https:\/\/www.sellersunionagent.com\/wp-content\/uploads\/2022\/06\/fabric-closet-dresser-drawers-organizers-dividers-1.jpg\" alt=\"atacado\" width=\"600\" height=\"350\" \/> <img loading=\"lazy\" decoding=\"async\" class=\"aligncenter wp-image-7773\" src=\"https:\/\/www.sellersunionagent.com\/wp-content\/uploads\/2022\/06\/fabric-closet-dresser-drawers-organizers-dividers.jpg\" alt=\"atacado\" width=\"600\" height=\"261\" \/><\/li>\n<\/ul>","protected":false},"excerpt":{"rendered":"<p><strong>Tipo<\/strong>: <span id=\"productTitle\" class=\"a-size-large product-title-word-break\">Underwear and Bras Drawer Organizers<\/span><\/p>\n<p><strong>N\u00famero do item:<\/strong> MYSNH030<\/p>\n<p><strong>Item Specification<\/strong>: 7 cell\uff1a32*32*10cm, 161g\/ 16 cell\uff1a32*32*10cm, 157g\/ 24 cell\uff1a32*32*10cm, 164g<\/p>\n<p><strong>Cores<\/strong>: White\/ grey<\/p>\n<p><strong>Material:\u00a0<\/strong>Poli\u00e9ster<\/p>\n<p>&nbsp;<\/p>\n<p>Somos um comerciante atacadista da China. Desde 1997, iniciamos nossos neg\u00f3cios. Mantemos uma sensibilidade de mercado extremamente alta para as diversas commodities. Somos especializados em itens de armazenamento no atacado, fazemos OEM, ODM e fornecemos um servi\u00e7o completo de compras em um s\u00f3 lugar. Temos o prazer de lhe oferecer os produtos mais populares para ajud\u00e1-lo a expandir seus neg\u00f3cios.<\/p>","protected":false},"featured_media":7767,"comment_status":"open","ping_status":"closed","template":"","meta":{"_acf_changed":false},"product_brand":[],"product_cat":[31,187],"product_tag":[119,50],"class_list":{"0":"post-7766","1":"product","2":"type-product","3":"status-publish","4":"has-post-thumbnail","6":"product_cat-home-storage","7":"product_cat-bedroom","8":"product_tag-underwear-and-bras-drawer-organizers","9":"product_tag-wholesale","11":"first","12":"instock","13":"shipping-taxable","14":"product-type-simple","15":"swiper-slide"},"acf":[],"_links":{"self":[{"href":"https:\/\/www.sellersunionagent.com\/pt\/wp-json\/wp\/v2\/product\/7766","targetHints":{"allow":["GET"]}}],"collection":[{"href":"https:\/\/www.sellersunionagent.com\/pt\/wp-json\/wp\/v2\/product"}],"about":[{"href":"https:\/\/www.sellersunionagent.com\/pt\/wp-json\/wp\/v2\/types\/product"}],"replies":[{"embeddable":true,"href":"https:\/\/www.sellersunionagent.com\/pt\/wp-json\/wp\/v2\/comments?post=7766"}],"wp:featuredmedia":[{"embeddable":true,"href":"https:\/\/www.sellersunionagent.com\/pt\/wp-json\/wp\/v2\/media\/7767"}],"wp:attachment":[{"href":"https:\/\/www.sellersunionagent.com\/pt\/wp-json\/wp\/v2\/media?parent=7766"}],"wp:term":[{"taxonomy":"product_brand","embeddable":true,"href":"https:\/\/www.sellersunionagent.com\/pt\/wp-json\/wp\/v2\/product_brand?post=7766"},{"taxonomy":"product_cat","embeddable":true,"href":"https:\/\/www.sellersunionagent.com\/pt\/wp-json\/wp\/v2\/product_cat?post=7766"},{"taxonomy":"product_tag","embeddable":true,"href":"https:\/\/www.sellersunionagent.com\/pt\/wp-json\/wp\/v2\/product_tag?post=7766"}],"curies":[{"name":"wp","href":"https:\/\/api.w.org\/{rel}","templated":true}]}}