{"id":7756,"date":"2022-06-27T17:08:40","date_gmt":"2022-06-27T09:08:40","guid":{"rendered":"https:\/\/sellersunionagent.com\/?post_type=product&#038;p=7756"},"modified":"2022-06-27T17:08:40","modified_gmt":"2022-06-27T09:08:40","slug":"bolsa-de-viagem-portatil-para-maquiagem-fabricante-de-bolsa-de-cosmeticos-suspensa","status":"publish","type":"product","link":"https:\/\/www.sellersunionagent.com\/pt\/portable-makeup-travel-bag-hanging-cosmetic-bag-maker\/","title":{"rendered":"Bolsa de maquiagem port\u00e1til para viagem Bolsa de cosm\u00e9ticos suspensa Maker"},"content":{"rendered":"<h2>Bolsa de maquiagem port\u00e1til para viagem Criador de bolsa de cosm\u00e9ticos multifuncional<\/h2>\n<p>Grande capacidade: Essa bolsa de maquiagem tem muito espa\u00e7o para armazenar seus itens de viagem. Ela pode armazenar cosm\u00e9ticos, como batom, pincel de maquiagem, sombra para os olhos, ou necessidades di\u00e1rias, como gel de banho, pasta de dente, chaves, cart\u00f5es de visita e carregadores. Al\u00e9m disso, a parte superior e inferior mais espessas aumentam a capacidade de carga dessa bolsa de cosm\u00e9ticos da moda.<\/p>\n<p>&nbsp;<\/p>\n<p>Design premium e pr\u00e1tico: A apar\u00eancia dessa bolsa de maquiagem colorida apresenta fibra de poli\u00e9ster de alta qualidade, que n\u00e3o apenas protege seus itens contra respingos e arranh\u00f5es, mas tamb\u00e9m \u00e9 f\u00e1cil de limpar. Al\u00e9m disso, a bolsa para cosm\u00e9ticos grande tamb\u00e9m \u00e9 equipada com uma al\u00e7a de m\u00e3o resistente e totalmente livre de arranh\u00f5es, que \u00e9 f\u00e1cil de carregar. Al\u00e9m disso, a parte superior da bolsa grande para cosm\u00e9ticos foi projetada com z\u00edperes duplos de metal que abrem e fecham suavemente. Essa bolsa tamb\u00e9m \u00e9 leve, pode reduzir o peso da bagagem e tornar a viagem mais tranquila e agrad\u00e1vel.<\/p>\n<p>&nbsp;<\/p>\n<p>Presente ideal reutiliz\u00e1vel: h\u00e1 tr\u00eas lindas cores para voc\u00ea escolher: roxo, preto e azul escuro. Tem uma apar\u00eancia brilhante e elegante, material dur\u00e1vel, acabamento requintado e design pr\u00e1tico, por isso \u00e9 a escolha ideal para presentes de anivers\u00e1rio, presentes de formatura, presentes de Dia dos Namorados e v\u00e1rios presentes de feriados.<\/p>\n<p><img fetchpriority=\"high\" decoding=\"async\" class=\"aligncenter wp-image-7758\" src=\"https:\/\/www.sellersunionagent.com\/wp-content\/uploads\/2022\/06\/portable-makeup-travel-bag-hanging-6.jpg\" alt=\"Fabricante de bolsas para cosm\u00e9ticos\" width=\"600\" height=\"600\" \/><\/p>\n<p><img decoding=\"async\" class=\"aligncenter wp-image-7759\" src=\"https:\/\/www.sellersunionagent.com\/wp-content\/uploads\/2022\/06\/portable-makeup-travel-bag-hanging-5.jpg\" alt=\"Fabricante de bolsas para cosm\u00e9ticos\" width=\"600\" height=\"600\" \/> <img decoding=\"async\" class=\"aligncenter wp-image-7757\" src=\"https:\/\/www.sellersunionagent.com\/wp-content\/uploads\/2022\/06\/portable-makeup-travel-bag-hanging-7.jpg\" alt=\"Fabricante de bolsas para cosm\u00e9ticos\" width=\"600\" height=\"600\" \/><img loading=\"lazy\" decoding=\"async\" class=\"aligncenter wp-image-7761\" src=\"https:\/\/www.sellersunionagent.com\/wp-content\/uploads\/2022\/06\/portable-makeup-travel-bag-hanging-3.jpg\" alt=\"Fabricante de bolsas para cosm\u00e9ticos\" width=\"600\" height=\"600\" \/><img loading=\"lazy\" decoding=\"async\" class=\"aligncenter wp-image-7765 size-full\" src=\"https:\/\/www.sellersunionagent.com\/wp-content\/uploads\/2022\/06\/portable-makeup-travel-bag-hanging.jpg\" alt=\"Fabricante de bolsas para cosm\u00e9ticos\" width=\"599\" height=\"587\" \/><\/p>\n<p><img loading=\"lazy\" decoding=\"async\" class=\"aligncenter wp-image-7762\" src=\"https:\/\/www.sellersunionagent.com\/wp-content\/uploads\/2022\/06\/portable-makeup-travel-bag-hanging-2.jpg\" alt=\"Fabricante de bolsas para cosm\u00e9ticos\" width=\"600\" height=\"398\" \/> \u00a0<img loading=\"lazy\" decoding=\"async\" class=\"aligncenter wp-image-7764\" src=\"https:\/\/www.sellersunionagent.com\/wp-content\/uploads\/2022\/06\/portable-makeup-travel-bag-hanging-1.jpg\" alt=\"Fabricante de bolsas para cosm\u00e9ticos\" width=\"600\" height=\"404\" \/><\/p>","protected":false},"excerpt":{"rendered":"<p><strong>Tipo<\/strong>: Bolsa para cosm\u00e9ticos<\/p>\n<p><strong>N\u00famero do item:<\/strong> MYXS-006<\/p>\n<p><strong>Tamanho do item<\/strong>: 24*17*13cm<\/p>\n<p><strong>Cores<\/strong>: Roxo\/preto\/azul escuro<\/p>\n<p><strong>Material:\u00a0<\/strong>Poli\u00e9ster<\/p>\n<p>&nbsp;<\/p>\n<p>Fabricante confi\u00e1vel de bolsas para cosm\u00e9ticos! Raz\u00f5es para nos escolher:<br \/>\nProdutos certificados por institui\u00e7\u00f5es profissionais, com fornecimento suficiente e est\u00e1vel<br \/>\nMais de vinte anos de experi\u00eancia, com dep\u00f3sitos de tecnologia e qualidade.<br \/>\nPersonaliza\u00e7\u00e3o bem-vinda para atender a diferentes necessidades<br \/>\nProdu\u00e7\u00e3o e envio na velocidade mais r\u00e1pida<br \/>\nServi\u00e7o completo e atencioso, incluindo pr\u00e9-vendas, vendas e p\u00f3s-vendas<\/p>","protected":false},"featured_media":7760,"comment_status":"open","ping_status":"closed","template":"","meta":{"_acf_changed":false},"product_brand":[],"product_cat":[30],"product_tag":[117,60,118],"class_list":{"0":"post-7756","1":"product","2":"type-product","3":"status-publish","4":"has-post-thumbnail","6":"product_cat-makeup-bag","7":"product_tag-cosmetic-bag","8":"product_tag-portable","9":"product_tag-practical-design","11":"first","12":"instock","13":"shipping-taxable","14":"product-type-simple","15":"swiper-slide"},"acf":[],"_links":{"self":[{"href":"https:\/\/www.sellersunionagent.com\/pt\/wp-json\/wp\/v2\/product\/7756","targetHints":{"allow":["GET"]}}],"collection":[{"href":"https:\/\/www.sellersunionagent.com\/pt\/wp-json\/wp\/v2\/product"}],"about":[{"href":"https:\/\/www.sellersunionagent.com\/pt\/wp-json\/wp\/v2\/types\/product"}],"replies":[{"embeddable":true,"href":"https:\/\/www.sellersunionagent.com\/pt\/wp-json\/wp\/v2\/comments?post=7756"}],"wp:featuredmedia":[{"embeddable":true,"href":"https:\/\/www.sellersunionagent.com\/pt\/wp-json\/wp\/v2\/media\/7760"}],"wp:attachment":[{"href":"https:\/\/www.sellersunionagent.com\/pt\/wp-json\/wp\/v2\/media?parent=7756"}],"wp:term":[{"taxonomy":"product_brand","embeddable":true,"href":"https:\/\/www.sellersunionagent.com\/pt\/wp-json\/wp\/v2\/product_brand?post=7756"},{"taxonomy":"product_cat","embeddable":true,"href":"https:\/\/www.sellersunionagent.com\/pt\/wp-json\/wp\/v2\/product_cat?post=7756"},{"taxonomy":"product_tag","embeddable":true,"href":"https:\/\/www.sellersunionagent.com\/pt\/wp-json\/wp\/v2\/product_tag?post=7756"}],"curies":[{"name":"wp","href":"https:\/\/api.w.org\/{rel}","templated":true}]}}