{"id":7736,"date":"2022-06-27T10:55:22","date_gmt":"2022-06-27T02:55:22","guid":{"rendered":"https:\/\/sellersunionagent.com\/?post_type=product&#038;p=7736"},"modified":"2022-07-09T15:07:11","modified_gmt":"2022-07-09T07:07:11","slug":"fornecedor-de-fabrica-chinesa-lancheira-de-moda-da-cadeia-de-suprimentos-da-china","status":"publish","type":"product","link":"https:\/\/www.sellersunionagent.com\/pt\/chinese-factory-supplier-fashion-lunch-bag-from-china-supply-chain\/","title":{"rendered":"Fornecedor da f\u00e1brica chinesa Fashion Lunch Bag da cadeia de suprimentos da China"},"content":{"rendered":"<h2>Fornecedor da f\u00e1brica chinesa Fashion Lunch Bag da cadeia de suprimentos da China<\/h2>\n<p>&nbsp;<\/p>\n<p>Essa bolsa para maquiagem \u00e9 feita de poli\u00e9ster de alta qualidade e \u00e9 \u00e0 prova d'\u00e1gua. Possui um fechamento f\u00e1cil com z\u00edper. A al\u00e7a resistente faz com que essa bolsa se adapte a viagens e tamb\u00e9m ao armazenamento dom\u00e9stico. O tamanho da bolsa \u00e9 de 24*10*20cm.<\/p>\n<p>&nbsp;<\/p>\n<p>&nbsp;<\/p>\n<p>Esse \u00e9 um presente perfeito para mulheres e meninas ou para voc\u00ea mesmo. Parece chique e voc\u00ea tamb\u00e9m pode us\u00e1-la como uma bolsa para produtos digitais. \u00c9 uma bolsa multifuncional.<\/p>\n<p>&nbsp;<\/p>\n<p>&nbsp;<\/p>\n<p>Essa bolsa tem quatro cores dispon\u00edveis: vermelho, laranja, cinza e azul. Ela pode embalar bem todos os seus produtos de maquiagem devido \u00e0 sua grande capacidade.<\/p>\n<p>&nbsp;<\/p>\n<p>&nbsp;<\/p>\n<p><img fetchpriority=\"high\" decoding=\"async\" class=\"aligncenter wp-image-7738\" src=\"https:\/\/www.sellersunionagent.com\/wp-content\/uploads\/2022\/06\/fashion-lunch-bag-3.jpg\" alt=\"\" width=\"600\" height=\"600\" \/><\/p>\n<p><img decoding=\"async\" class=\"aligncenter wp-image-7741\" src=\"https:\/\/www.sellersunionagent.com\/wp-content\/uploads\/2022\/06\/fashion-lunch-bag.jpg\" alt=\"\" width=\"600\" height=\"600\" \/><img decoding=\"async\" class=\"aligncenter wp-image-9108\" src=\"https:\/\/www.sellersunionagent.com\/wp-content\/uploads\/2022\/06\/2-6.png\" alt=\"Fabrica\u00e7\u00e3o na China\" width=\"600\" height=\"550\" \/><br \/>\n<img loading=\"lazy\" decoding=\"async\" class=\"aligncenter wp-image-9106\" src=\"https:\/\/www.sellersunionagent.com\/wp-content\/uploads\/2022\/06\/4-5.png\" alt=\"Fabrica\u00e7\u00e3o na China\" width=\"600\" height=\"555\" \/><\/p>","protected":false},"excerpt":{"rendered":"<p>Tipo: Bolsa para lanche<\/p>\n<p>Tamanho: 20*12*6CM<\/p>\n<p>Cor: mostrada conforme a imagem<\/p>\n<p>OEM\/ODM: aceito<\/p>","protected":false},"featured_media":7739,"comment_status":"open","ping_status":"closed","template":"","meta":{"_acf_changed":false},"product_brand":[],"product_cat":[28],"product_tag":[41,94,90],"class_list":{"0":"post-7736","1":"product","2":"type-product","3":"status-publish","4":"has-post-thumbnail","6":"product_cat-lunch-bag","7":"product_tag-lunch-bag","8":"product_tag-organizer","9":"product_tag-storage-bag","11":"first","12":"instock","13":"shipping-taxable","14":"product-type-simple","15":"swiper-slide"},"acf":[],"_links":{"self":[{"href":"https:\/\/www.sellersunionagent.com\/pt\/wp-json\/wp\/v2\/product\/7736","targetHints":{"allow":["GET"]}}],"collection":[{"href":"https:\/\/www.sellersunionagent.com\/pt\/wp-json\/wp\/v2\/product"}],"about":[{"href":"https:\/\/www.sellersunionagent.com\/pt\/wp-json\/wp\/v2\/types\/product"}],"replies":[{"embeddable":true,"href":"https:\/\/www.sellersunionagent.com\/pt\/wp-json\/wp\/v2\/comments?post=7736"}],"wp:featuredmedia":[{"embeddable":true,"href":"https:\/\/www.sellersunionagent.com\/pt\/wp-json\/wp\/v2\/media\/7739"}],"wp:attachment":[{"href":"https:\/\/www.sellersunionagent.com\/pt\/wp-json\/wp\/v2\/media?parent=7736"}],"wp:term":[{"taxonomy":"product_brand","embeddable":true,"href":"https:\/\/www.sellersunionagent.com\/pt\/wp-json\/wp\/v2\/product_brand?post=7736"},{"taxonomy":"product_cat","embeddable":true,"href":"https:\/\/www.sellersunionagent.com\/pt\/wp-json\/wp\/v2\/product_cat?post=7736"},{"taxonomy":"product_tag","embeddable":true,"href":"https:\/\/www.sellersunionagent.com\/pt\/wp-json\/wp\/v2\/product_tag?post=7736"}],"curies":[{"name":"wp","href":"https:\/\/api.w.org\/{rel}","templated":true}]}}