{"id":7735,"date":"2022-06-27T11:09:27","date_gmt":"2022-06-27T03:09:27","guid":{"rendered":"https:\/\/sellersunionagent.com\/?post_type=product&#038;p=7735"},"modified":"2022-08-31T14:19:10","modified_gmt":"2022-08-31T06:19:10","slug":"cesto-de-roupa-suja-suspenso-com-alca-de-transporte-e-rede-de-porta-para-guardar-tecidos-brinquedos-acampamentos-e-uso-em-hoteis","status":"publish","type":"product","link":"https:\/\/www.sellersunionagent.com\/pt\/hanging-laundry-hamper-with-carry-handle-door-net-hampers-for-store-cloth-toy-camping-hotel-use\/","title":{"rendered":"Cesto de roupa suja suspenso com al\u00e7a de transporte Rede de porta Cestos para guardar roupas, brinquedos, acampamento, uso em hot\u00e9is"},"content":{"rendered":"<h2>Cesto de roupa suja suspenso com al\u00e7a de transporte Rede de porta Cestos para guardar roupas, brinquedos, acampamento, uso em hot\u00e9is<\/h2>\n<ul class=\"a-unordered-list a-vertical a-spacing-mini\">\n<li><span class=\"a-list-item\">Quantidade suficiente: voc\u00ea receber\u00e1 3 pe\u00e7as de cesto de roupa suja suspenso, quantidade suficiente para atender \u00e0 frequ\u00eancia di\u00e1ria de troca de roupas da fam\u00edlia. Um \u00fanico cesto de roupa suja suspenso tem o tamanho de 11,8 x 15,74 x 7 pol. \/ 30 x 40 x 18 cm. Depois de dobrado, o tamanho \u00e9 de apenas 7,87 x 7,87 pol. \/ 20 x 20 cm, voc\u00ea pode coloc\u00e1-lo em qualquer gaveta, pois \u00e9 muito f\u00e1cil de guardar.<\/span><\/li>\n<li><span class=\"a-list-item\">Design: Design para pendurar na parede. Quando precisar us\u00e1-lo, desenrole o nosso cesto de roupa suja suspenso e pendure-o na parede ou atr\u00e1s da porta e coloque as roupas sujas ou as roupas que precisam ser trocadas nele. \u00c9 muito grande e pode acomodar de 8 a 10 camisetas, podendo ser facilmente recolhido ap\u00f3s o uso, o que economiza espa\u00e7o.<\/span><\/li>\n<li><span class=\"a-list-item\">limpo :Esse cesto de roupa suja suspenso adota o design de malha. A parte frontal do produto tem um design oco para circula\u00e7\u00e3o de ar. Se suas roupas precisarem ser penduradas por uma noite antes da lavagem, n\u00e3o se preocupe, o design oco pode ajudar a reduzir o cheiro.<\/span><\/li>\n<li><span class=\"a-list-item\">Materiais de qualidade: A estrutura do cesto de roupa suja suspenso tem an\u00e9is e a camada externa \u00e9 envolvida por um pano. O design do cesto de roupa suja suspenso pode suportar mais peso e prolongar a vida \u00fatil de nossos produtos. O design do tecido pode garantir que os an\u00e9is n\u00e3o fiquem para fora durante o uso.<\/span><\/li>\n<li><span class=\"a-list-item\">Op\u00e7\u00f5es ideais para presente: O cesto de roupa suja suspenso \u00e9 adequado para todos, sejam seus pais ou seus amigos, que sempre t\u00eam problemas para guardar suas roupas. Se voc\u00ea o der de presente, eles ficar\u00e3o comovidos. Al\u00e9m disso, esse presente tamb\u00e9m \u00e9 muito adequado para amigos que t\u00eam filhos em casa, pois \u00e9 f\u00e1cil de guardar e pode acomodar muitas coisas<\/span><\/li>\n<li><img fetchpriority=\"high\" decoding=\"async\" class=\"aligncenter wp-image-7743\" src=\"https:\/\/www.sellersunionagent.com\/wp-content\/uploads\/2022\/06\/hanging-laundry-hamper-3.jpg\" alt=\"Cesto de roupa suja suspenso \" width=\"600\" height=\"600\" \/> <img decoding=\"async\" class=\"aligncenter wp-image-7744\" src=\"https:\/\/www.sellersunionagent.com\/wp-content\/uploads\/2022\/06\/hanging-laundry-hamper-2.jpg\" alt=\"Cesto de roupa suja suspenso \" width=\"600\" height=\"600\" \/> <img decoding=\"async\" class=\"aligncenter wp-image-7745\" src=\"https:\/\/www.sellersunionagent.com\/wp-content\/uploads\/2022\/06\/hanging-laundry-hamper-1.jpg\" alt=\"Cesto de roupa suja suspenso \" width=\"600\" height=\"600\" \/> <img loading=\"lazy\" decoding=\"async\" class=\"aligncenter wp-image-7746\" src=\"https:\/\/www.sellersunionagent.com\/wp-content\/uploads\/2022\/06\/hanging-laundry-hamper.jpg\" alt=\"Cesto de roupa suja suspenso \" width=\"600\" height=\"600\" srcset=\"https:\/\/www.sellersunionagent.com\/wp-content\/uploads\/2022\/06\/hanging-laundry-hamper.jpg 800w, https:\/\/www.sellersunionagent.com\/wp-content\/uploads\/2022\/06\/hanging-laundry-hamper-100x100.jpg 100w\" sizes=\"(max-width: 600px) 100vw, 600px\" \/><\/li>\n<\/ul>","protected":false},"excerpt":{"rendered":"<p><strong>Tipo<\/strong>: Cesto de roupa suja suspenso<\/p>\n<p><strong>Tamanho do item<\/strong>: 30*18*40cm<\/p>\n<p><strong>Cores<\/strong>: Cinza\/branco<\/p>\n<p><strong>Material: <\/strong>Poli\u00e9ster<\/p>","protected":false},"featured_media":7745,"comment_status":"open","ping_status":"closed","template":"","meta":{"_acf_changed":false},"product_brand":[],"product_cat":[31,189],"product_tag":[116],"class_list":{"0":"post-7735","1":"product","2":"type-product","3":"status-publish","4":"has-post-thumbnail","6":"product_cat-home-storage","7":"product_cat-bathroom","8":"product_tag-hanging-laundry-hamper","10":"first","11":"instock","12":"shipping-taxable","13":"product-type-simple","14":"swiper-slide"},"acf":[],"_links":{"self":[{"href":"https:\/\/www.sellersunionagent.com\/pt\/wp-json\/wp\/v2\/product\/7735","targetHints":{"allow":["GET"]}}],"collection":[{"href":"https:\/\/www.sellersunionagent.com\/pt\/wp-json\/wp\/v2\/product"}],"about":[{"href":"https:\/\/www.sellersunionagent.com\/pt\/wp-json\/wp\/v2\/types\/product"}],"replies":[{"embeddable":true,"href":"https:\/\/www.sellersunionagent.com\/pt\/wp-json\/wp\/v2\/comments?post=7735"}],"wp:featuredmedia":[{"embeddable":true,"href":"https:\/\/www.sellersunionagent.com\/pt\/wp-json\/wp\/v2\/media\/7745"}],"wp:attachment":[{"href":"https:\/\/www.sellersunionagent.com\/pt\/wp-json\/wp\/v2\/media?parent=7735"}],"wp:term":[{"taxonomy":"product_brand","embeddable":true,"href":"https:\/\/www.sellersunionagent.com\/pt\/wp-json\/wp\/v2\/product_brand?post=7735"},{"taxonomy":"product_cat","embeddable":true,"href":"https:\/\/www.sellersunionagent.com\/pt\/wp-json\/wp\/v2\/product_cat?post=7735"},{"taxonomy":"product_tag","embeddable":true,"href":"https:\/\/www.sellersunionagent.com\/pt\/wp-json\/wp\/v2\/product_tag?post=7735"}],"curies":[{"name":"wp","href":"https:\/\/api.w.org\/{rel}","templated":true}]}}