{"id":7724,"date":"2022-06-27T10:42:09","date_gmt":"2022-06-27T02:42:09","guid":{"rendered":"https:\/\/sellersunionagent.com\/?post_type=product&#038;p=7724"},"modified":"2022-08-31T14:19:19","modified_gmt":"2022-08-31T06:19:19","slug":"organizadores-de-bagagem-de-viagem-leves-e-de-grande-capacidade","status":"publish","type":"product","link":"https:\/\/www.sellersunionagent.com\/pt\/large-capacity-lightweight-travel-luggage-packing-organizers\/","title":{"rendered":"Organizadores de embalagem de bagagem de viagem leves e de grande capacidade"},"content":{"rendered":"<h2>Organizadores de embalagem de bagagem de viagem leves<\/h2>\n<p>\u3010Valorizado e conveniente\u3011 - Painel superior de malha para f\u00e1cil identifica\u00e7\u00e3o do conte\u00fado e ventila\u00e7\u00e3oEsses cubos v\u00e3o longe. N\u00e3o h\u00e1 z\u00edperes quebrados, nem costuras fracas.<br \/>\n\u3010Alta qualidade\u3011 - Tecido repelente de \u00e1gua RipStop que resiste ao desgaste, z\u00edperes de alta qualidade que n\u00e3o quebram. Superleve e dur\u00e1vel.<br \/>\n\u3010F\u00e1cil de armazenar e organizar\u3011 - Permite que voc\u00ea armazene e organize facilmente suas roupas, o que facilita a embalagem e ainda mais a desembalagem. Suas roupas ficar\u00e3o mais livres de rugas e n\u00e3o ser\u00e3o amassadas durante as viagens.<br \/>\n\u3010Poupan\u00e7a de espa\u00e7o\u3011 - O nosso sistema de cubos de embalagem resolve esse problema, embalando perfeitamente todas as suas roupas em nossas malas que economizam espa\u00e7o. Embale mais roupas em um espa\u00e7o pequeno para sua pr\u00f3xima viagem.<br \/>\nAdequado para todas as ocasi\u00f5es\u3011 Ideal para f\u00e9rias em fam\u00edlia, viagens de neg\u00f3cios, acampamentos ao ar livre e armazenamento di\u00e1rio.<\/p>\n<p><img fetchpriority=\"high\" decoding=\"async\" class=\"aligncenter wp-image-7730\" src=\"https:\/\/www.sellersunionagent.com\/wp-content\/uploads\/2022\/06\/large-capacity-lightweight-travel-luggage-packing-organizers-1.jpg\" alt=\"grande capacidade\" width=\"600\" height=\"600\" \/><img decoding=\"async\" class=\"aligncenter wp-image-7725\" src=\"https:\/\/www.sellersunionagent.com\/wp-content\/uploads\/2022\/06\/large-capacity-lightweight-travel-luggage-packing-organizers-6.jpg\" alt=\"grande capacidade\" width=\"600\" height=\"600\" \/> <img decoding=\"async\" class=\"aligncenter wp-image-7726\" src=\"https:\/\/www.sellersunionagent.com\/wp-content\/uploads\/2022\/06\/large-capacity-lightweight-travel-luggage-packing-organizers-5.jpg\" alt=\"grande capacidade\" width=\"600\" height=\"600\" \/> <img loading=\"lazy\" decoding=\"async\" class=\"aligncenter wp-image-7727\" src=\"https:\/\/www.sellersunionagent.com\/wp-content\/uploads\/2022\/06\/large-capacity-lightweight-travel-luggage-packing-organizers-4.jpg\" alt=\"leve\" width=\"600\" height=\"600\" \/> <img loading=\"lazy\" decoding=\"async\" class=\"aligncenter wp-image-7729\" src=\"https:\/\/www.sellersunionagent.com\/wp-content\/uploads\/2022\/06\/large-capacity-lightweight-travel-luggage-packing-organizers-2.jpg\" alt=\"grande capacidade\" width=\"600\" height=\"600\" \/><\/p>","protected":false},"excerpt":{"rendered":"<p><strong>Tipo<\/strong>: Organiza\u00e7\u00e3o da casa<\/p>\n<p><strong>Tamanho do item<\/strong>: 40cm * 35cm * 2cm<\/p>\n<p><strong>Cores<\/strong>: personalizado<\/p>\n<p><strong>Material: <\/strong>Tecido n\u00e3o tecido<\/p>","protected":false},"featured_media":7730,"comment_status":"open","ping_status":"closed","template":"","meta":{"_acf_changed":false},"product_brand":[],"product_cat":[31,186],"product_tag":[48,54],"class_list":{"0":"post-7724","1":"product","2":"type-product","3":"status-publish","4":"has-post-thumbnail","6":"product_cat-home-storage","7":"product_cat-living-room","8":"product_tag-large-capacity","9":"product_tag-lightweight","11":"first","12":"instock","13":"shipping-taxable","14":"product-type-simple","15":"swiper-slide"},"acf":[],"_links":{"self":[{"href":"https:\/\/www.sellersunionagent.com\/pt\/wp-json\/wp\/v2\/product\/7724","targetHints":{"allow":["GET"]}}],"collection":[{"href":"https:\/\/www.sellersunionagent.com\/pt\/wp-json\/wp\/v2\/product"}],"about":[{"href":"https:\/\/www.sellersunionagent.com\/pt\/wp-json\/wp\/v2\/types\/product"}],"replies":[{"embeddable":true,"href":"https:\/\/www.sellersunionagent.com\/pt\/wp-json\/wp\/v2\/comments?post=7724"}],"wp:featuredmedia":[{"embeddable":true,"href":"https:\/\/www.sellersunionagent.com\/pt\/wp-json\/wp\/v2\/media\/7730"}],"wp:attachment":[{"href":"https:\/\/www.sellersunionagent.com\/pt\/wp-json\/wp\/v2\/media?parent=7724"}],"wp:term":[{"taxonomy":"product_brand","embeddable":true,"href":"https:\/\/www.sellersunionagent.com\/pt\/wp-json\/wp\/v2\/product_brand?post=7724"},{"taxonomy":"product_cat","embeddable":true,"href":"https:\/\/www.sellersunionagent.com\/pt\/wp-json\/wp\/v2\/product_cat?post=7724"},{"taxonomy":"product_tag","embeddable":true,"href":"https:\/\/www.sellersunionagent.com\/pt\/wp-json\/wp\/v2\/product_tag?post=7724"}],"curies":[{"name":"wp","href":"https:\/\/api.w.org\/{rel}","templated":true}]}}