{"id":7713,"date":"2022-06-27T10:34:25","date_gmt":"2022-06-27T02:34:25","guid":{"rendered":"https:\/\/sellersunionagent.com\/?post_type=product&#038;p=7713"},"modified":"2022-07-11T09:57:35","modified_gmt":"2022-07-11T01:57:35","slug":"2022-novo-produto-de-lancheira-da-fabrica-chinesa","status":"publish","type":"product","link":"https:\/\/www.sellersunionagent.com\/pt\/2022-new-product-of-lunch-bag-from-chinese-factory\/","title":{"rendered":"2022 Novo produto de bolsa para lanche da f\u00e1brica chinesa"},"content":{"rendered":"<h2>2022 Novo produto de bolsa para lanche da f\u00e1brica chinesa<\/h2>\n<p>&nbsp;<\/p>\n<p>&nbsp;<\/p>\n<p>Essa bolsa para maquiagem \u00e9 feita de poli\u00e9ster de alta qualidade e \u00e9 \u00e0 prova d'\u00e1gua. Possui um fechamento f\u00e1cil com z\u00edper. A al\u00e7a resistente faz com que essa bolsa se adapte a viagens e tamb\u00e9m ao armazenamento dom\u00e9stico. O tamanho da bolsa \u00e9 de 24*10*20cm.<\/p>\n<p>&nbsp;<\/p>\n<p>&nbsp;<\/p>\n<p>Esse \u00e9 um presente perfeito para mulheres e meninas ou para voc\u00ea mesmo. Parece chique e voc\u00ea tamb\u00e9m pode us\u00e1-la como uma bolsa para produtos digitais. \u00c9 uma bolsa multifuncional.<\/p>\n<p>&nbsp;<\/p>\n<p>&nbsp;<\/p>\n<p>Essa bolsa tem quatro cores dispon\u00edveis: vermelho, laranja, cinza e azul. Ela pode embalar bem todos os seus produtos de maquiagem devido \u00e0 sua grande capacidade.<\/p>\n<p>&nbsp;<\/p>\n<p>&nbsp;<\/p>\n<p><img fetchpriority=\"high\" decoding=\"async\" class=\"aligncenter wp-image-7720\" src=\"https:\/\/www.sellersunionagent.com\/wp-content\/uploads\/2022\/06\/new-product-of-lunch-bag-3.jpg\" alt=\"\" width=\"600\" height=\"600\" \/><img decoding=\"async\" class=\"aligncenter wp-image-9130\" src=\"https:\/\/www.sellersunionagent.com\/wp-content\/uploads\/2022\/06\/9.png\" alt=\"Fabrica\u00e7\u00e3o na China\" width=\"600\" height=\"531\" \/> <img decoding=\"async\" class=\"aligncenter wp-image-9129\" src=\"https:\/\/www.sellersunionagent.com\/wp-content\/uploads\/2022\/06\/8-3.png\" alt=\"Fabrica\u00e7\u00e3o na China\" width=\"600\" height=\"525\" \/> <img loading=\"lazy\" decoding=\"async\" class=\"aligncenter wp-image-9128\" src=\"https:\/\/www.sellersunionagent.com\/wp-content\/uploads\/2022\/06\/7-3.png\" alt=\"Fabrica\u00e7\u00e3o na China\" width=\"600\" height=\"570\" \/> <img loading=\"lazy\" decoding=\"async\" class=\"aligncenter wp-image-9127\" src=\"https:\/\/www.sellersunionagent.com\/wp-content\/uploads\/2022\/06\/6-4.png\" alt=\"Fabrica\u00e7\u00e3o na China\" width=\"600\" height=\"576\" \/> <img loading=\"lazy\" decoding=\"async\" class=\"aligncenter wp-image-9126\" src=\"https:\/\/www.sellersunionagent.com\/wp-content\/uploads\/2022\/06\/5-3.png\" alt=\"Fabrica\u00e7\u00e3o na China\" width=\"600\" height=\"550\" \/> <img loading=\"lazy\" decoding=\"async\" class=\"aligncenter wp-image-9125\" src=\"https:\/\/www.sellersunionagent.com\/wp-content\/uploads\/2022\/06\/4-6.png\" alt=\"Fabrica\u00e7\u00e3o na China\" width=\"600\" height=\"438\" \/> <img loading=\"lazy\" decoding=\"async\" class=\"aligncenter wp-image-9124\" src=\"https:\/\/www.sellersunionagent.com\/wp-content\/uploads\/2022\/06\/3-5.png\" alt=\"Fabrica\u00e7\u00e3o na China\" width=\"600\" height=\"515\" \/> <img loading=\"lazy\" decoding=\"async\" class=\"aligncenter wp-image-9123\" src=\"https:\/\/www.sellersunionagent.com\/wp-content\/uploads\/2022\/06\/2-7.png\" alt=\"Fabrica\u00e7\u00e3o na China\" width=\"600\" height=\"535\" \/> <img loading=\"lazy\" decoding=\"async\" class=\"aligncenter wp-image-9122\" src=\"https:\/\/www.sellersunionagent.com\/wp-content\/uploads\/2022\/06\/1-8.png\" alt=\"Fabrica\u00e7\u00e3o na China\" width=\"600\" height=\"565\" \/><\/p>","protected":false},"excerpt":{"rendered":"<p>Tipo: Bolsa para lanche<\/p>\n<p>Tamanho: 20*12*6CM<\/p>\n<p>Cor: mostrada conforme a imagem<\/p>\n<p>OEM\/ODM: aceito<\/p>","protected":false},"featured_media":9120,"comment_status":"open","ping_status":"closed","template":"","meta":{"_acf_changed":false},"product_brand":[],"product_cat":[28],"product_tag":[114,41,92,93,50],"class_list":{"0":"post-7713","1":"product","2":"type-product","3":"status-publish","4":"has-post-thumbnail","6":"product_cat-lunch-bag","7":"product_tag-distributor","8":"product_tag-lunch-bag","9":"product_tag-retail","10":"product_tag-storage","11":"product_tag-wholesale","13":"first","14":"instock","15":"shipping-taxable","16":"product-type-simple","17":"swiper-slide"},"acf":[],"_links":{"self":[{"href":"https:\/\/www.sellersunionagent.com\/pt\/wp-json\/wp\/v2\/product\/7713","targetHints":{"allow":["GET"]}}],"collection":[{"href":"https:\/\/www.sellersunionagent.com\/pt\/wp-json\/wp\/v2\/product"}],"about":[{"href":"https:\/\/www.sellersunionagent.com\/pt\/wp-json\/wp\/v2\/types\/product"}],"replies":[{"embeddable":true,"href":"https:\/\/www.sellersunionagent.com\/pt\/wp-json\/wp\/v2\/comments?post=7713"}],"wp:featuredmedia":[{"embeddable":true,"href":"https:\/\/www.sellersunionagent.com\/pt\/wp-json\/wp\/v2\/media\/9120"}],"wp:attachment":[{"href":"https:\/\/www.sellersunionagent.com\/pt\/wp-json\/wp\/v2\/media?parent=7713"}],"wp:term":[{"taxonomy":"product_brand","embeddable":true,"href":"https:\/\/www.sellersunionagent.com\/pt\/wp-json\/wp\/v2\/product_brand?post=7713"},{"taxonomy":"product_cat","embeddable":true,"href":"https:\/\/www.sellersunionagent.com\/pt\/wp-json\/wp\/v2\/product_cat?post=7713"},{"taxonomy":"product_tag","embeddable":true,"href":"https:\/\/www.sellersunionagent.com\/pt\/wp-json\/wp\/v2\/product_tag?post=7713"}],"curies":[{"name":"wp","href":"https:\/\/api.w.org\/{rel}","templated":true}]}}