{"id":7704,"date":"2022-06-27T09:49:13","date_gmt":"2022-06-27T01:49:13","guid":{"rendered":"https:\/\/sellersunionagent.com\/?post_type=product&#038;p=7704"},"modified":"2022-07-11T18:00:17","modified_gmt":"2022-07-11T10:00:17","slug":"wholesale-distributor-import-from-china-women-and-girl-shopping-bag","status":"publish","type":"product","link":"https:\/\/www.sellersunionagent.com\/pt\/wholesale-distributor-import-from-china-women-and-girl-shopping-bag\/","title":{"rendered":"Distribuidor atacadista importado da China: Bolsa de compras para mulheres e meninas"},"content":{"rendered":"<h2>Wholesale Distributor Import from China: Women and Girls Shopping Bag<\/h2>\n<p>&nbsp;<\/p>\n<p>&nbsp;<\/p>\n<p>Essa bolsa para maquiagem \u00e9 feita de poli\u00e9ster de alta qualidade e \u00e9 \u00e0 prova d'\u00e1gua. Possui um fechamento f\u00e1cil com z\u00edper. A al\u00e7a resistente faz com que essa bolsa se adapte a viagens e tamb\u00e9m ao armazenamento dom\u00e9stico. O tamanho da bolsa \u00e9 de 24*10*20cm.<\/p>\n<p>&nbsp;<\/p>\n<p>&nbsp;<\/p>\n<p>&lt;Stylish and Sophisticated&gt; This is a perfect gift for women and girls or for yourself. It looks chic and you can also use this as a digital product bag. It is multi functional bag.<\/p>\n<p>&nbsp;<\/p>\n<p>&nbsp;<\/p>\n<p>Essa bolsa tem quatro cores dispon\u00edveis: vermelho, laranja, cinza e azul. Ela pode embalar bem todos os seus produtos de maquiagem devido \u00e0 sua grande capacidade.<\/p>\n<p>&nbsp;<\/p>\n<p><img fetchpriority=\"high\" decoding=\"async\" class=\"aligncenter wp-image-7708\" src=\"https:\/\/www.sellersunionagent.com\/wp-content\/uploads\/2022\/06\/women-and-girl-shopping-bag-1.jpg\" alt=\"\" width=\"600\" height=\"600\" \/><\/p>\n<p><img decoding=\"async\" class=\"aligncenter wp-image-7707\" src=\"https:\/\/www.sellersunionagent.com\/wp-content\/uploads\/2022\/06\/women-and-girl-shopping-bag-2.jpg\" alt=\"\" width=\"600\" height=\"600\" \/><\/p>\n<p><img decoding=\"async\" class=\"aligncenter wp-image-9326\" src=\"https:\/\/www.sellersunionagent.com\/wp-content\/uploads\/2022\/06\/4351345826_1759788576-1.jpg\" alt=\"Importa\u00e7\u00e3o de distribuidor atacadista\" width=\"600\" height=\"600\" \/><\/p>\n<p><img loading=\"lazy\" decoding=\"async\" class=\"aligncenter wp-image-9330\" src=\"https:\/\/www.sellersunionagent.com\/wp-content\/uploads\/2022\/06\/2a10b3cd1236c09427381df88d2ff7b.png\" alt=\"Importa\u00e7\u00e3o de distribuidor atacadista\" width=\"600\" height=\"380\" \/><\/p>","protected":false},"excerpt":{"rendered":"<p>Type: Shopping Bag<\/p>\n<p>Size: 40*12*6CM<\/p>\n<p>Cor: mostrada conforme a imagem<\/p>\n<p>OEM\/ODM: aceito<\/p>","protected":false},"featured_media":9329,"comment_status":"open","ping_status":"closed","template":"","meta":{"_acf_changed":false},"product_brand":[],"product_cat":[29],"product_tag":[94,56,93],"class_list":{"0":"post-7704","1":"product","2":"type-product","3":"status-publish","4":"has-post-thumbnail","6":"product_cat-shopping-bag","7":"product_tag-organizer","8":"product_tag-shopping-bag","9":"product_tag-storage","11":"first","12":"instock","13":"shipping-taxable","14":"product-type-simple","15":"swiper-slide"},"acf":[],"_links":{"self":[{"href":"https:\/\/www.sellersunionagent.com\/pt\/wp-json\/wp\/v2\/product\/7704","targetHints":{"allow":["GET"]}}],"collection":[{"href":"https:\/\/www.sellersunionagent.com\/pt\/wp-json\/wp\/v2\/product"}],"about":[{"href":"https:\/\/www.sellersunionagent.com\/pt\/wp-json\/wp\/v2\/types\/product"}],"replies":[{"embeddable":true,"href":"https:\/\/www.sellersunionagent.com\/pt\/wp-json\/wp\/v2\/comments?post=7704"}],"wp:featuredmedia":[{"embeddable":true,"href":"https:\/\/www.sellersunionagent.com\/pt\/wp-json\/wp\/v2\/media\/9329"}],"wp:attachment":[{"href":"https:\/\/www.sellersunionagent.com\/pt\/wp-json\/wp\/v2\/media?parent=7704"}],"wp:term":[{"taxonomy":"product_brand","embeddable":true,"href":"https:\/\/www.sellersunionagent.com\/pt\/wp-json\/wp\/v2\/product_brand?post=7704"},{"taxonomy":"product_cat","embeddable":true,"href":"https:\/\/www.sellersunionagent.com\/pt\/wp-json\/wp\/v2\/product_cat?post=7704"},{"taxonomy":"product_tag","embeddable":true,"href":"https:\/\/www.sellersunionagent.com\/pt\/wp-json\/wp\/v2\/product_tag?post=7704"}],"curies":[{"name":"wp","href":"https:\/\/api.w.org\/{rel}","templated":true}]}}