{"id":7698,"date":"2022-06-27T09:49:22","date_gmt":"2022-06-27T01:49:22","guid":{"rendered":"https:\/\/sellersunionagent.com\/?post_type=product&#038;p=7698"},"modified":"2022-06-27T09:49:22","modified_gmt":"2022-06-27T01:49:22","slug":"lancheira-espessada-com-papel-aluminio-de-boa-qualidade-bolsa-de-mao-com-isolamento-a-prova-dagua","status":"publish","type":"product","link":"https:\/\/www.sellersunionagent.com\/pt\/good-quality-aluminum-foil-thickened-lunch-box-handbag-waterproof-insulation-bag\/","title":{"rendered":"Lancheira engrossada com folha de alum\u00ednio de boa qualidade Bolsa de isolamento \u00e0 prova d'\u00e1gua"},"content":{"rendered":"<h2>Lancheira engrossada com folha de alum\u00ednio de boa qualidade Bolsa de isolamento \u00e0 prova d'\u00e1gua<\/h2>\n<p>Mant\u00e9m os alimentos quentes e frescos: Esse item \u00e9 proveniente de f\u00e1bricas cooperativas estritamente selecionadas conosco. O revestimento interno foi feito de folha de alum\u00ednio para alimentos e acolchoado com espuma EPE de 5 mm para oferecer grande resist\u00eancia t\u00e9rmica e f\u00e1cil limpeza. O revestimento isolado pode manter os alimentos e as bebidas quentes e frescos por horas e evitar que o l\u00edquido saia do recipiente. Tamb\u00e9m \u00e9 \u00f3timo para manter a temperatura de uma bolsa de gelo ou de uma bebida gelada no carro ou na academia.<\/p>\n<p>&nbsp;<\/p>\n<p>&nbsp;<\/p>\n<p>Grande capacidade: A bolsa tem um tamanho conveniente para levar sua comida para a escola, trabalho e viagens. Sua capacidade \u00e9 de 9L, o suficiente para armazenar 9 latas de Coca-Cola (330 ml), 8 garrafas de cerveja ou 3 caixas de refei\u00e7\u00e3o com algumas frutas e lanches.<\/p>\n<p>&nbsp;<\/p>\n<p>&nbsp;<\/p>\n<p>Dobr\u00e1vel e port\u00e1til: Design aberto com z\u00edperes duplos para facilitar o acesso e essa lancheira isolada pode ser transportada t\u00e3o facilmente quanto um livro quando dobrada. Apar\u00eancia cl\u00e1ssica e simples, com uma al\u00e7a acolchoada e uma al\u00e7a de ombro destac\u00e1vel e ajust\u00e1vel que pode ser carregada em dois modos: bolsa de ombro e bolsa de m\u00e3o.<\/p>\n<p><img fetchpriority=\"high\" decoding=\"async\" class=\"aligncenter wp-image-7700\" src=\"https:\/\/www.sellersunionagent.com\/wp-content\/uploads\/2022\/06\/aluminum-foil-thickened-lunch-box-handbag-3.jpg\" alt=\"Boa qualidade\" width=\"600\" height=\"600\" \/><img decoding=\"async\" class=\"aligncenter wp-image-7711 size-full\" src=\"https:\/\/www.sellersunionagent.com\/wp-content\/uploads\/2022\/06\/waterproof-insulation-bag-1.jpg\" alt=\"Boa qualidade\" width=\"726\" height=\"544\" \/> \u00a0<img decoding=\"async\" class=\"aligncenter wp-image-7702 size-full\" src=\"https:\/\/www.sellersunionagent.com\/wp-content\/uploads\/2022\/06\/aluminum-foil-thickened-lunch-box-handbag-1.jpg\" alt=\"Boa qualidade\" width=\"800\" height=\"800\" \/> <img loading=\"lazy\" decoding=\"async\" class=\"aligncenter wp-image-7703 size-full\" src=\"https:\/\/www.sellersunionagent.com\/wp-content\/uploads\/2022\/06\/aluminum-foil-thickened-lunch-box-handbag.jpg\" alt=\"Boa qualidade\" width=\"800\" height=\"800\" \/> <img loading=\"lazy\" decoding=\"async\" class=\"aligncenter wp-image-7710 size-full\" src=\"https:\/\/www.sellersunionagent.com\/wp-content\/uploads\/2022\/06\/waterproof-insulation-bag-2.jpg\" alt=\"Boa qualidade\" width=\"750\" height=\"1124\" \/><\/p>","protected":false},"excerpt":{"rendered":"<p><strong>Tipo<\/strong>: Bolsa para lanche<\/p>\n<p><strong>Tamanho do item<\/strong>: 32*26*7cm(L)\/ 28*22,5*7cm(S)<\/p>\n<p><strong>Cor:<\/strong> Azul escuro\/rosa\/cinza<\/p>\n<p><strong>Capacidade de fornecimento<\/strong>: 50000 pe\u00e7as\/pe\u00e7as por m\u00eas<br \/>\n<strong>MOQ<\/strong>: 100pcs<\/p>\n<p>Fornecemos produtos de boa qualidade, dominando os padr\u00f5es das mercadorias.<\/p>","protected":false},"featured_media":7700,"comment_status":"open","ping_status":"closed","template":"","meta":{"_acf_changed":false},"product_brand":[],"product_cat":[28],"product_tag":[49,113],"class_list":{"0":"post-7698","1":"product","2":"type-product","3":"status-publish","4":"has-post-thumbnail","6":"product_cat-lunch-bag","7":"product_tag-good-quality","8":"product_tag-insulation-bag","10":"first","11":"instock","12":"shipping-taxable","13":"product-type-simple","14":"swiper-slide"},"acf":[],"_links":{"self":[{"href":"https:\/\/www.sellersunionagent.com\/pt\/wp-json\/wp\/v2\/product\/7698","targetHints":{"allow":["GET"]}}],"collection":[{"href":"https:\/\/www.sellersunionagent.com\/pt\/wp-json\/wp\/v2\/product"}],"about":[{"href":"https:\/\/www.sellersunionagent.com\/pt\/wp-json\/wp\/v2\/types\/product"}],"replies":[{"embeddable":true,"href":"https:\/\/www.sellersunionagent.com\/pt\/wp-json\/wp\/v2\/comments?post=7698"}],"wp:featuredmedia":[{"embeddable":true,"href":"https:\/\/www.sellersunionagent.com\/pt\/wp-json\/wp\/v2\/media\/7700"}],"wp:attachment":[{"href":"https:\/\/www.sellersunionagent.com\/pt\/wp-json\/wp\/v2\/media?parent=7698"}],"wp:term":[{"taxonomy":"product_brand","embeddable":true,"href":"https:\/\/www.sellersunionagent.com\/pt\/wp-json\/wp\/v2\/product_brand?post=7698"},{"taxonomy":"product_cat","embeddable":true,"href":"https:\/\/www.sellersunionagent.com\/pt\/wp-json\/wp\/v2\/product_cat?post=7698"},{"taxonomy":"product_tag","embeddable":true,"href":"https:\/\/www.sellersunionagent.com\/pt\/wp-json\/wp\/v2\/product_tag?post=7698"}],"curies":[{"name":"wp","href":"https:\/\/api.w.org\/{rel}","templated":true}]}}