{"id":7686,"date":"2022-06-27T09:23:05","date_gmt":"2022-06-27T01:23:05","guid":{"rendered":"https:\/\/sellersunionagent.com\/?post_type=product&#038;p=7686"},"modified":"2026-01-06T14:29:40","modified_gmt":"2026-01-06T06:29:40","slug":"fornecedor-da-china-projetou-uma-linda-bolsa-de-maquiagem-a-prova-dagua-de-grande-capacidade-para-importacao-do-distribuidor","status":"publish","type":"product","link":"https:\/\/www.sellersunionagent.com\/pt\/china-supplier-designed-cute-waterproof-makeup-bag-big-capacity-for-distributor-import\/","title":{"rendered":"China Supplier Designed Cute Waterproof Makeup Bag Big Capacity for Distributor Import (Bolsa de maquiagem imperme\u00e1vel e fofa de grande capacidade para distribuidor)"},"content":{"rendered":"<h2>China Supplier Designed Cute Waterproof Makeup Bag Big Capacity for Distributor Import (Bolsa de maquiagem imperme\u00e1vel e fofa de grande capacidade para distribuidor)<\/h2>\n<p>&nbsp;<\/p>\n<p>&nbsp;<\/p>\n<p>A pequena bolsa de maquiagem com z\u00edper mede cerca de 21*13*8cm \/20*12*6CM \/18*11*7CM, o tamanho adequado para armazenar alguns cosm\u00e9ticos e produtos de higiene pessoal necess\u00e1rios, como batons, cremes para r\u00edmel, pequenos xampus, perfumes e assim por diante.<\/p>\n<p>&nbsp;<\/p>\n<p>&nbsp;<\/p>\n<p>a bolsa port\u00e1til para maquiagem foi projetada com alguns compartimentos e, portanto, voc\u00ea pode colocar seus itens em diferentes partes, o que pode ajud\u00e1-la a encontr\u00e1-los facilmente, mantendo seus pertences bem organizados.<\/p>\n<p>&nbsp;<\/p>\n<p>&nbsp;<\/p>\n<p>o organizador de maquiagem de viagem de cor s\u00f3lida \u00e9 feito de couro PU, imperme\u00e1vel e lav\u00e1vel, de qualidade e confi\u00e1vel, macio ao toque, suportando o uso a longo prazo n\u00e3o \u00e9 um grande problema.<\/p>\n<p>&nbsp;<\/p>\n<p style=\"text-align: center;\"><strong>Tipo:<\/strong> Bolsa de maquiagem<\/p>\n<p style=\"text-align: center;\"><strong>Tamanho:<\/strong>18*11*7CM<\/p>\n<p style=\"text-align: center;\"><strong>Cor:<\/strong> mostrado conforme a imagem<\/p>\n<p style=\"text-align: center;\"><strong>OEM\/ODM:<\/strong> Aceito<\/p>\n<p><img fetchpriority=\"high\" decoding=\"async\" class=\"aligncenter wp-image-7693\" src=\"https:\/\/www.sellersunionagent.com\/wp-content\/uploads\/2022\/06\/waterproof-makeup-bag-1.jpg\" alt=\"\" width=\"600\" height=\"600\" \/><\/p>\n<p><img decoding=\"async\" class=\"aligncenter wp-image-7694\" src=\"https:\/\/www.sellersunionagent.com\/wp-content\/uploads\/2022\/06\/waterproof-makeup-bag.jpg\" alt=\"\" width=\"600\" height=\"600\" \/><\/p>\n<p><img decoding=\"async\" class=\"aligncenter wp-image-7692\" src=\"https:\/\/www.sellersunionagent.com\/wp-content\/uploads\/2022\/06\/waterproof-makeup-bag-2.jpg\" alt=\"\" width=\"600\" height=\"600\" \/><\/p>\n<p><img loading=\"lazy\" decoding=\"async\" class=\"aligncenter wp-image-7691\" src=\"https:\/\/www.sellersunionagent.com\/wp-content\/uploads\/2022\/06\/waterproof-makeup-bag-3.jpg\" alt=\"\" width=\"600\" height=\"600\" \/><\/p>","protected":false},"excerpt":{"rendered":"<p><strong>MOQ<\/strong>:  100 pe\u00e7as<br \/>\n<strong>Amostra gr\u00e1tis<\/strong>:  Com suporte<br \/>\n<strong>Personaliza\u00e7\u00e3o<\/strong>: logotipo \/ cor \/ materiais \/ embalagem etc.<br \/>\n<strong>Desconto<\/strong>:  Primeiros pedidos a partir de 10% de desconto.<br \/>\n<strong>Taxa de entrega no prazo<\/strong>:\u00a0 100%<br \/>\n<strong>Total de remessas<\/strong>: 65700 pe\u00e7as<br \/>\n<strong>Remessa<\/strong>: Suporte expresso - frete mar\u00edtimo - frete terrestre<\/p>","protected":false},"featured_media":7688,"comment_status":"open","ping_status":"closed","template":"","meta":{"_acf_changed":false},"product_brand":[],"product_cat":[30],"product_tag":[171,78,109,93,105],"class_list":{"0":"post-7686","1":"product","2":"type-product","3":"status-publish","4":"has-post-thumbnail","6":"product_cat-makeup-bag","7":"product_tag-make-up-hot","8":"product_tag-makeup-bag","9":"product_tag-oganizer","10":"product_tag-storage","11":"product_tag-travel-bag","13":"first","14":"instock","15":"shipping-taxable","16":"purchasable","17":"product-type-simple","18":"swiper-slide"},"acf":[],"_links":{"self":[{"href":"https:\/\/www.sellersunionagent.com\/pt\/wp-json\/wp\/v2\/product\/7686","targetHints":{"allow":["GET"]}}],"collection":[{"href":"https:\/\/www.sellersunionagent.com\/pt\/wp-json\/wp\/v2\/product"}],"about":[{"href":"https:\/\/www.sellersunionagent.com\/pt\/wp-json\/wp\/v2\/types\/product"}],"replies":[{"embeddable":true,"href":"https:\/\/www.sellersunionagent.com\/pt\/wp-json\/wp\/v2\/comments?post=7686"}],"wp:featuredmedia":[{"embeddable":true,"href":"https:\/\/www.sellersunionagent.com\/pt\/wp-json\/wp\/v2\/media\/7688"}],"wp:attachment":[{"href":"https:\/\/www.sellersunionagent.com\/pt\/wp-json\/wp\/v2\/media?parent=7686"}],"wp:term":[{"taxonomy":"product_brand","embeddable":true,"href":"https:\/\/www.sellersunionagent.com\/pt\/wp-json\/wp\/v2\/product_brand?post=7686"},{"taxonomy":"product_cat","embeddable":true,"href":"https:\/\/www.sellersunionagent.com\/pt\/wp-json\/wp\/v2\/product_cat?post=7686"},{"taxonomy":"product_tag","embeddable":true,"href":"https:\/\/www.sellersunionagent.com\/pt\/wp-json\/wp\/v2\/product_tag?post=7686"}],"curies":[{"name":"wp","href":"https:\/\/api.w.org\/{rel}","templated":true}]}}