{"id":7676,"date":"2022-06-27T09:18:50","date_gmt":"2022-06-27T01:18:50","guid":{"rendered":"https:\/\/sellersunionagent.com\/?post_type=product&#038;p=7676"},"modified":"2022-06-27T09:18:50","modified_gmt":"2022-06-27T01:18:50","slug":"bolsa-de-maquiagem-de-design-bonito-fabricada-na-china-para-importacao-de-distribuidor","status":"publish","type":"product","link":"https:\/\/www.sellersunionagent.com\/pt\/cute-design-makeup-bag-made-in-china-for-distributor-import\/","title":{"rendered":"Bolsa de maquiagem com design bonito fabricada na China para importa\u00e7\u00e3o pelo distribuidor"},"content":{"rendered":"<h2>Bolsa de maquiagem com design bonito fabricada na China para importa\u00e7\u00e3o pelo distribuidor<\/h2>\n<p>&nbsp;<\/p>\n<p>&nbsp;<\/p>\n<p>A pequena bolsa de maquiagem com z\u00edper mede cerca de 21*13*8cm \/20*12*6CM \/18*11*7CM, o tamanho adequado para armazenar alguns cosm\u00e9ticos e produtos de higiene pessoal necess\u00e1rios, como batons, cremes para r\u00edmel, pequenos xampus, perfumes e assim por diante.<\/p>\n<p>&nbsp;<\/p>\n<p>&nbsp;<\/p>\n<p>a bolsa port\u00e1til para maquiagem foi projetada com alguns compartimentos e, portanto, voc\u00ea pode colocar seus itens em diferentes partes, o que pode ajud\u00e1-la a encontr\u00e1-los facilmente, mantendo seus pertences bem organizados.<\/p>\n<p>&nbsp;<\/p>\n<p>&nbsp;<\/p>\n<p>o organizador de maquiagem de viagem de cor s\u00f3lida \u00e9 feito de couro PU, imperme\u00e1vel e lav\u00e1vel, de qualidade e confi\u00e1vel, macio ao toque, suportando o uso a longo prazo n\u00e3o \u00e9 um grande problema.<\/p>\n<p>&nbsp;<\/p>\n<p>&nbsp;<\/p>\n<p><img fetchpriority=\"high\" decoding=\"async\" class=\"aligncenter wp-image-7677\" src=\"https:\/\/www.sellersunionagent.com\/wp-content\/uploads\/2022\/06\/cute-design-makeup-bag-7.jpg\" alt=\"\" width=\"600\" height=\"600\" \/><\/p>\n<p><img decoding=\"async\" class=\"aligncenter wp-image-7683\" src=\"https:\/\/www.sellersunionagent.com\/wp-content\/uploads\/2022\/06\/cute-design-makeup-bag-1.jpg\" alt=\"\" width=\"600\" height=\"600\" \/><\/p>\n<p><img decoding=\"async\" class=\"aligncenter wp-image-7682\" src=\"https:\/\/www.sellersunionagent.com\/wp-content\/uploads\/2022\/06\/cute-design-makeup-bag-2.jpg\" alt=\"\" width=\"600\" height=\"600\" \/><\/p>\n<p><img loading=\"lazy\" decoding=\"async\" class=\"aligncenter wp-image-7678\" src=\"https:\/\/www.sellersunionagent.com\/wp-content\/uploads\/2022\/06\/cute-design-makeup-bag-6.jpg\" alt=\"\" width=\"600\" height=\"600\" \/><\/p>","protected":false},"excerpt":{"rendered":"<p>Tipo: Bolsa de maquiagem<\/p>\n<p>Tamanho: 18*11*7CM<\/p>\n<p>Cor: mostrada conforme a imagem<\/p>\n<p>OEM\/ODM: aceito<\/p>","protected":false},"featured_media":7684,"comment_status":"open","ping_status":"closed","template":"","meta":{"_acf_changed":false},"product_brand":[],"product_cat":[30],"product_tag":[78,94,93,105],"class_list":{"0":"post-7676","1":"product","2":"type-product","3":"status-publish","4":"has-post-thumbnail","6":"product_cat-makeup-bag","7":"product_tag-makeup-bag","8":"product_tag-organizer","9":"product_tag-storage","10":"product_tag-travel-bag","12":"first","13":"instock","14":"shipping-taxable","15":"product-type-simple","16":"swiper-slide"},"acf":[],"_links":{"self":[{"href":"https:\/\/www.sellersunionagent.com\/pt\/wp-json\/wp\/v2\/product\/7676","targetHints":{"allow":["GET"]}}],"collection":[{"href":"https:\/\/www.sellersunionagent.com\/pt\/wp-json\/wp\/v2\/product"}],"about":[{"href":"https:\/\/www.sellersunionagent.com\/pt\/wp-json\/wp\/v2\/types\/product"}],"replies":[{"embeddable":true,"href":"https:\/\/www.sellersunionagent.com\/pt\/wp-json\/wp\/v2\/comments?post=7676"}],"wp:featuredmedia":[{"embeddable":true,"href":"https:\/\/www.sellersunionagent.com\/pt\/wp-json\/wp\/v2\/media\/7684"}],"wp:attachment":[{"href":"https:\/\/www.sellersunionagent.com\/pt\/wp-json\/wp\/v2\/media?parent=7676"}],"wp:term":[{"taxonomy":"product_brand","embeddable":true,"href":"https:\/\/www.sellersunionagent.com\/pt\/wp-json\/wp\/v2\/product_brand?post=7676"},{"taxonomy":"product_cat","embeddable":true,"href":"https:\/\/www.sellersunionagent.com\/pt\/wp-json\/wp\/v2\/product_cat?post=7676"},{"taxonomy":"product_tag","embeddable":true,"href":"https:\/\/www.sellersunionagent.com\/pt\/wp-json\/wp\/v2\/product_tag?post=7676"}],"curies":[{"name":"wp","href":"https:\/\/api.w.org\/{rel}","templated":true}]}}