{"id":7663,"date":"2022-06-27T09:12:00","date_gmt":"2022-06-27T01:12:00","guid":{"rendered":"https:\/\/sellersunionagent.com\/?post_type=product&#038;p=7663"},"modified":"2022-07-11T14:05:02","modified_gmt":"2022-07-11T06:05:02","slug":"3-set-makeup-bags-designed-for-women-and-girls-from-china-factory","status":"publish","type":"product","link":"https:\/\/www.sellersunionagent.com\/pt\/3-set-makeup-bags-designed-for-women-and-girls-from-china-factory\/","title":{"rendered":"3 conjuntos de bolsas de maquiagem projetadas para mulheres e meninas da f\u00e1brica da China"},"content":{"rendered":"<h2>3 conjuntos de bolsas de maquiagem projetadas para mulheres e meninas da f\u00e1brica da China<\/h2>\n<p>&nbsp;<\/p>\n<p>&lt;Appropriate size&gt; The small makeup bag with a zipper measures around 21*13*8cm , the proper size for you to store some necessary cosmetics and toiletry products, such as lipsticks, mascara creams, small shampoos, perfumes and so on.<\/p>\n<p>&nbsp;<\/p>\n<p>&nbsp;<\/p>\n<p>a bolsa port\u00e1til para maquiagem foi projetada com alguns compartimentos e, portanto, voc\u00ea pode colocar seus itens em diferentes partes, o que pode ajud\u00e1-la a encontr\u00e1-los facilmente, mantendo seus pertences bem organizados.<\/p>\n<p>&nbsp;<\/p>\n<p>&nbsp;<\/p>\n<p>o organizador de maquiagem de viagem de cor s\u00f3lida \u00e9 feito de couro PU, imperme\u00e1vel e lav\u00e1vel, de qualidade e confi\u00e1vel, macio ao toque, suportando o uso a longo prazo n\u00e3o \u00e9 um grande problema.<\/p>\n<p>&nbsp;<\/p>\n<p>&nbsp;<\/p>\n<p><img fetchpriority=\"high\" decoding=\"async\" class=\"aligncenter wp-image-7670\" src=\"https:\/\/www.sellersunionagent.com\/wp-content\/uploads\/2022\/06\/cosmetic-bag-3pcs.jpg\" alt=\"\" width=\"600\" height=\"600\" \/><\/p>\n<p><img decoding=\"async\" class=\"aligncenter wp-image-7672\" src=\"https:\/\/www.sellersunionagent.com\/wp-content\/uploads\/2022\/06\/3-set-makeup-bags-designed-3.jpg\" alt=\"\" width=\"600\" height=\"600\" \/><img decoding=\"async\" class=\"aligncenter wp-image-7673\" src=\"https:\/\/www.sellersunionagent.com\/wp-content\/uploads\/2022\/06\/3-set-makeup-bags-designed.jpg\" alt=\"Fornecedor\" width=\"600\" height=\"600\" \/><\/p>","protected":false},"excerpt":{"rendered":"<p>Tipo: Bolsa de maquiagem<\/p>\n<p>Tamanho: 20*12*6CM<\/p>\n<p>Cor: mostrada conforme a imagem<\/p>\n<p>OEM\/ODM: aceito<\/p>","protected":false},"featured_media":7675,"comment_status":"open","ping_status":"closed","template":"","meta":{"_acf_changed":false},"product_brand":[],"product_cat":[30],"product_tag":[78,94,93,105],"class_list":{"0":"post-7663","1":"product","2":"type-product","3":"status-publish","4":"has-post-thumbnail","6":"product_cat-makeup-bag","7":"product_tag-makeup-bag","8":"product_tag-organizer","9":"product_tag-storage","10":"product_tag-travel-bag","12":"first","13":"instock","14":"shipping-taxable","15":"product-type-simple","16":"swiper-slide"},"acf":[],"_links":{"self":[{"href":"https:\/\/www.sellersunionagent.com\/pt\/wp-json\/wp\/v2\/product\/7663","targetHints":{"allow":["GET"]}}],"collection":[{"href":"https:\/\/www.sellersunionagent.com\/pt\/wp-json\/wp\/v2\/product"}],"about":[{"href":"https:\/\/www.sellersunionagent.com\/pt\/wp-json\/wp\/v2\/types\/product"}],"replies":[{"embeddable":true,"href":"https:\/\/www.sellersunionagent.com\/pt\/wp-json\/wp\/v2\/comments?post=7663"}],"wp:featuredmedia":[{"embeddable":true,"href":"https:\/\/www.sellersunionagent.com\/pt\/wp-json\/wp\/v2\/media\/7675"}],"wp:attachment":[{"href":"https:\/\/www.sellersunionagent.com\/pt\/wp-json\/wp\/v2\/media?parent=7663"}],"wp:term":[{"taxonomy":"product_brand","embeddable":true,"href":"https:\/\/www.sellersunionagent.com\/pt\/wp-json\/wp\/v2\/product_brand?post=7663"},{"taxonomy":"product_cat","embeddable":true,"href":"https:\/\/www.sellersunionagent.com\/pt\/wp-json\/wp\/v2\/product_cat?post=7663"},{"taxonomy":"product_tag","embeddable":true,"href":"https:\/\/www.sellersunionagent.com\/pt\/wp-json\/wp\/v2\/product_tag?post=7663"}],"curies":[{"name":"wp","href":"https:\/\/api.w.org\/{rel}","templated":true}]}}