{"id":7654,"date":"2022-06-27T09:07:36","date_gmt":"2022-06-27T01:07:36","guid":{"rendered":"https:\/\/sellersunionagent.com\/?post_type=product&#038;p=7654"},"modified":"2022-07-08T14:38:20","modified_gmt":"2022-07-08T06:38:20","slug":"bolsa-de-maquiagem-para-mulheres-e-meninas-da-china-fornecedor-chines","status":"publish","type":"product","link":"https:\/\/www.sellersunionagent.com\/pt\/chinese-supplier-makeup-bag-for-women-and-girls-from-china-supply-china\/","title":{"rendered":"Fornecedor chin\u00eas Bolsa de maquiagem para mulheres e meninas da cadeia de suprimentos da China"},"content":{"rendered":"<h2>Fornecedor chin\u00eas Bolsa de maquiagem para mulheres e meninas da China Fornecimento na China<\/h2>\n<p>&nbsp;<\/p>\n<p>&nbsp;<\/p>\n<p>A pequena bolsa de maquiagem com z\u00edper mede cerca de 21*13*8cm \/20*12*6CM \/18*11*7CM, o tamanho adequado para armazenar alguns cosm\u00e9ticos e produtos de higiene pessoal necess\u00e1rios, como batons, cremes para r\u00edmel, pequenos xampus, perfumes e assim por diante.<\/p>\n<p>&nbsp;<\/p>\n<p>&nbsp;<\/p>\n<p>a bolsa port\u00e1til para maquiagem foi projetada com alguns compartimentos e, portanto, voc\u00ea pode colocar seus itens em diferentes partes, o que pode ajud\u00e1-la a encontr\u00e1-los facilmente, mantendo seus pertences bem organizados.<\/p>\n<p>&nbsp;<\/p>\n<p>&nbsp;<\/p>\n<p>o organizador de maquiagem de viagem de cor s\u00f3lida \u00e9 feito de couro PU, imperme\u00e1vel e lav\u00e1vel, de qualidade e confi\u00e1vel, macio ao toque, suportando o uso a longo prazo n\u00e3o \u00e9 um grande problema.<\/p>\n<p>&nbsp;<\/p>\n<p>&nbsp;<\/p>\n<p><img fetchpriority=\"high\" decoding=\"async\" class=\"aligncenter wp-image-7659\" src=\"https:\/\/www.sellersunionagent.com\/wp-content\/uploads\/2022\/06\/cosmetic-bag-4.jpg\" alt=\"\" width=\"600\" height=\"600\" \/><\/p>\n<p><img decoding=\"async\" class=\"aligncenter wp-image-7657\" src=\"https:\/\/www.sellersunionagent.com\/wp-content\/uploads\/2022\/06\/cosmetic-bag-2.jpg\" alt=\"\" width=\"600\" height=\"600\" \/><img decoding=\"async\" class=\"aligncenter wp-image-7662\" src=\"https:\/\/www.sellersunionagent.com\/wp-content\/uploads\/2022\/06\/cosmetic-bag-7.jpg\" alt=\"Fornecedor\" width=\"600\" height=\"600\" \/> <img loading=\"lazy\" decoding=\"async\" class=\"aligncenter wp-image-7660\" src=\"https:\/\/www.sellersunionagent.com\/wp-content\/uploads\/2022\/06\/cosmetic-bag-5.jpg\" alt=\"Fornecedor\" width=\"600\" height=\"600\" \/><\/p>","protected":false},"excerpt":{"rendered":"<p>Tipo: Bolsa de maquiagem<\/p>\n<p>Tamanho: 21*13*8cm<\/p>\n<p>Cor: preto e transparente<\/p>\n<p>OEM\/ODM: aceito<\/p>","protected":false},"featured_media":7661,"comment_status":"open","ping_status":"closed","template":"","meta":{"_acf_changed":false},"product_brand":[],"product_cat":[30],"product_tag":[81,94,105],"class_list":{"0":"post-7654","1":"product","2":"type-product","3":"status-publish","4":"has-post-thumbnail","6":"product_cat-makeup-bag","7":"product_tag-makeup-bags","8":"product_tag-organizer","9":"product_tag-travel-bag","11":"first","12":"instock","13":"shipping-taxable","14":"product-type-simple","15":"swiper-slide"},"acf":[],"_links":{"self":[{"href":"https:\/\/www.sellersunionagent.com\/pt\/wp-json\/wp\/v2\/product\/7654","targetHints":{"allow":["GET"]}}],"collection":[{"href":"https:\/\/www.sellersunionagent.com\/pt\/wp-json\/wp\/v2\/product"}],"about":[{"href":"https:\/\/www.sellersunionagent.com\/pt\/wp-json\/wp\/v2\/types\/product"}],"replies":[{"embeddable":true,"href":"https:\/\/www.sellersunionagent.com\/pt\/wp-json\/wp\/v2\/comments?post=7654"}],"wp:featuredmedia":[{"embeddable":true,"href":"https:\/\/www.sellersunionagent.com\/pt\/wp-json\/wp\/v2\/media\/7661"}],"wp:attachment":[{"href":"https:\/\/www.sellersunionagent.com\/pt\/wp-json\/wp\/v2\/media?parent=7654"}],"wp:term":[{"taxonomy":"product_brand","embeddable":true,"href":"https:\/\/www.sellersunionagent.com\/pt\/wp-json\/wp\/v2\/product_brand?post=7654"},{"taxonomy":"product_cat","embeddable":true,"href":"https:\/\/www.sellersunionagent.com\/pt\/wp-json\/wp\/v2\/product_cat?post=7654"},{"taxonomy":"product_tag","embeddable":true,"href":"https:\/\/www.sellersunionagent.com\/pt\/wp-json\/wp\/v2\/product_tag?post=7654"}],"curies":[{"name":"wp","href":"https:\/\/api.w.org\/{rel}","templated":true}]}}