{"id":7644,"date":"2022-06-27T08:21:05","date_gmt":"2022-06-27T00:21:05","guid":{"rendered":"https:\/\/sellersunionagent.com\/?post_type=product&#038;p=7644"},"modified":"2022-08-31T14:19:34","modified_gmt":"2022-08-31T06:19:34","slug":"saco-organizador-2022-6-pecas-cubos-de-embalagem-de-bagagem-saco-de-armazenamento-de-viagem","status":"publish","type":"product","link":"https:\/\/www.sellersunionagent.com\/pt\/2022-organizer-bag-6-pieces-luggage-packing-cubes-travel-storage-bag\/","title":{"rendered":"Saco organizador 2022 6 pe\u00e7as cubos de embalagem de bagagem saco de armazenamento de viagem"},"content":{"rendered":"<h2>Saco organizador 2022 6 pe\u00e7as cubos de embalagem de bagagem saco de armazenamento de viagem<\/h2>\n<ul class=\"a-unordered-list a-vertical a-spacing-mini\">\n<li><span class=\"a-list-item\">Fechamento com z\u00edper <\/span><\/li>\n<li><span class=\"a-list-item\">TECIDO DE NYLON PREMIUM ATUALIZADO: O tecido de nylon liso protege suas roupas contra rugas e manchas. O recurso de alto desempenho garante que esses cubos de embalagem possam suportar o desgaste de alta densidade durante a viagem. <\/span><\/li>\n<li><span class=\"a-list-item\">LEVE E DUR\u00c1VEL: o tecido de nylon superleve garante que suas roupas fiquem bem guardadas na bagagem sem adicionar peso extra. O z\u00edper de duas vias resistente e macio com cord\u00e3o estendido garante a abertura e o fechamento r\u00e1pidos e f\u00e1ceis dos cubos de embalagem. O painel superior de malha macia e suave n\u00e3o s\u00f3 protege suas roupas delicadas contra rugas e odores, mas tamb\u00e9m ajuda a identificar suas roupas por meio da malha vis\u00edvel para evitar confus\u00f5es dentro de toda a bagagem. <\/span><\/li>\n<li><span class=\"a-list-item\">ORGANIZA\u00c7\u00c3O DA EMBALAGEM E ECONOMIA DE ESPA\u00c7O: Separe suas diferentes roupas com cubos de embalagem de v\u00e1rios tamanhos e op\u00e7\u00f5es de cores vivas dispon\u00edveis. Economize tempo em sua viagem, passeio ou atividades ao ar livre, evitando o extravio de diferentes itens e aproveitando ao m\u00e1ximo o espa\u00e7o em sua bagagem. <\/span><\/li>\n<li><span class=\"a-list-item\">VERS\u00c1TIL e MULTI-FUNCIONAL: cabe como uma luva na maioria das malas de m\u00e3o de companhias a\u00e9reas, sacolas, sacolas de viagem, mochilas, sacolas de viagem, etc., para viagens em fam\u00edlia, viagens de neg\u00f3cios, f\u00e9rias, caminhadas, acampamentos, trailers, viagens, etc. <\/span><\/li>\n<li><span class=\"a-list-item\">GARANTIA DE DEVOLU\u00c7\u00c3O DO DINHEIRO 100%: Oferecer os melhores produtos e atender a todas as suas necessidades sempre foi nossa meta principal. N\u00f3s nos responsabilizamos por todos os nossos produtos BAGAIL e oferecemos uma garantia incondicional de qualidade e habilidade em 12 meses.<\/span><\/li>\n<li><img fetchpriority=\"high\" decoding=\"async\" class=\"aligncenter wp-image-7645 size-full\" src=\"https:\/\/www.sellersunionagent.com\/wp-content\/uploads\/2022\/06\/6-pieces-luggage-packing-cubes-travel-storage-bag-6.jpg\" alt=\"Cubos de embalagem de bagagem com 6 pe\u00e7as\" width=\"800\" height=\"800\" \/><img decoding=\"async\" class=\"aligncenter wp-image-7647 size-full\" src=\"https:\/\/www.sellersunionagent.com\/wp-content\/uploads\/2022\/06\/6-pieces-luggage-packing-cubes-travel-storage-bag-4.jpg\" alt=\"Cubos de embalagem de bagagem com 6 pe\u00e7as\" width=\"800\" height=\"800\" \/><img decoding=\"async\" class=\"aligncenter wp-image-7648 size-full\" src=\"https:\/\/www.sellersunionagent.com\/wp-content\/uploads\/2022\/06\/6-pieces-luggage-packing-cubes-travel-storage-bag-3.jpg\" alt=\"\" width=\"800\" height=\"800\" \/><img loading=\"lazy\" decoding=\"async\" class=\"aligncenter wp-image-7649 size-full\" src=\"https:\/\/www.sellersunionagent.com\/wp-content\/uploads\/2022\/06\/6-pieces-luggage-packing-cubes-travel-storage-bag-2.jpg\" alt=\"\" width=\"800\" height=\"800\" \/><\/li>\n<\/ul>\n<p>&nbsp;<\/p>","protected":false},"excerpt":{"rendered":"<p><strong>Tipo<\/strong>: Organiza\u00e7\u00e3o da casa<\/p>\n<p><strong>Tamanho do item<\/strong>: 25*10*33cm\/25*20cm\/24*14*9cm\/21*29cm\/40*13*27cm\/25*18*10cm\/23*9*15cm<\/p>\n<p><strong>Cores<\/strong>: Azul lagoa\/rosa\/navy\/preto<\/p>\n<p><strong>Material: <\/strong>Poli\u00e9ster<\/p>","protected":false},"featured_media":7651,"comment_status":"open","ping_status":"closed","template":"","meta":{"_acf_changed":false},"product_brand":[],"product_cat":[31,187],"product_tag":[],"class_list":{"0":"post-7644","1":"product","2":"type-product","3":"status-publish","4":"has-post-thumbnail","6":"product_cat-home-storage","7":"product_cat-bedroom","9":"first","10":"instock","11":"shipping-taxable","12":"product-type-simple","13":"swiper-slide"},"acf":[],"_links":{"self":[{"href":"https:\/\/www.sellersunionagent.com\/pt\/wp-json\/wp\/v2\/product\/7644","targetHints":{"allow":["GET"]}}],"collection":[{"href":"https:\/\/www.sellersunionagent.com\/pt\/wp-json\/wp\/v2\/product"}],"about":[{"href":"https:\/\/www.sellersunionagent.com\/pt\/wp-json\/wp\/v2\/types\/product"}],"replies":[{"embeddable":true,"href":"https:\/\/www.sellersunionagent.com\/pt\/wp-json\/wp\/v2\/comments?post=7644"}],"wp:featuredmedia":[{"embeddable":true,"href":"https:\/\/www.sellersunionagent.com\/pt\/wp-json\/wp\/v2\/media\/7651"}],"wp:attachment":[{"href":"https:\/\/www.sellersunionagent.com\/pt\/wp-json\/wp\/v2\/media?parent=7644"}],"wp:term":[{"taxonomy":"product_brand","embeddable":true,"href":"https:\/\/www.sellersunionagent.com\/pt\/wp-json\/wp\/v2\/product_brand?post=7644"},{"taxonomy":"product_cat","embeddable":true,"href":"https:\/\/www.sellersunionagent.com\/pt\/wp-json\/wp\/v2\/product_cat?post=7644"},{"taxonomy":"product_tag","embeddable":true,"href":"https:\/\/www.sellersunionagent.com\/pt\/wp-json\/wp\/v2\/product_tag?post=7644"}],"curies":[{"name":"wp","href":"https:\/\/api.w.org\/{rel}","templated":true}]}}