{"id":7620,"date":"2022-06-27T06:59:29","date_gmt":"2022-06-26T22:59:29","guid":{"rendered":"https:\/\/sellersunionagent.com\/?post_type=product&#038;p=7620"},"modified":"2022-07-08T14:56:21","modified_gmt":"2022-07-08T06:56:21","slug":"beautiful-makeup-bag-in-bulk-order-and-made-in-china-from-china-supply-chain","status":"publish","type":"product","link":"https:\/\/www.sellersunionagent.com\/pt\/beautiful-makeup-bag-in-bulk-order-and-made-in-china-from-china-supply-chain\/","title":{"rendered":"Linda bolsa de maquiagem em pedidos a granel e fabricada na China a partir da cadeia de suprimentos da China"},"content":{"rendered":"<h2>Linda bolsa de maquiagem em pedidos a granel e fabricada na China a partir da cadeia de suprimentos da China<\/h2>\n<p>&nbsp;<\/p>\n<p>&nbsp;<\/p>\n<p>A pequena bolsa de maquiagem com z\u00edper mede cerca de 21*13*8cm \/20*12*6CM \/18*11*7CM, o tamanho adequado para armazenar alguns cosm\u00e9ticos e produtos de higiene pessoal necess\u00e1rios, como batons, cremes para r\u00edmel, pequenos xampus, perfumes e assim por diante.<\/p>\n<p>&nbsp;<\/p>\n<p>&nbsp;<\/p>\n<p>a bolsa port\u00e1til para maquiagem foi projetada com alguns compartimentos e, portanto, voc\u00ea pode colocar seus itens em diferentes partes, o que pode ajud\u00e1-la a encontr\u00e1-los facilmente, mantendo seus pertences bem organizados.<\/p>\n<p>&nbsp;<\/p>\n<p>&nbsp;<\/p>\n<p>o organizador de maquiagem de viagem de cor s\u00f3lida \u00e9 feito de couro PU, imperme\u00e1vel e lav\u00e1vel, de qualidade e confi\u00e1vel, macio ao toque, suportando o uso a longo prazo n\u00e3o \u00e9 um grande problema.<\/p>\n<p>&nbsp;<\/p>\n<p>&nbsp;<\/p>\n<p><img fetchpriority=\"high\" decoding=\"async\" class=\"aligncenter wp-image-7626\" src=\"https:\/\/www.sellersunionagent.com\/wp-content\/uploads\/2022\/06\/beautiful-makeup-bag-in-bulk-order.png\" alt=\"\" width=\"600\" height=\"431\" \/><\/p>\n<p><img decoding=\"async\" class=\"aligncenter wp-image-7623\" src=\"https:\/\/www.sellersunionagent.com\/wp-content\/uploads\/2022\/06\/beautiful-makeup-bag-in-bulk-order-3.jpg\" alt=\"\" width=\"600\" height=\"600\" \/> <img decoding=\"async\" class=\"aligncenter wp-image-7621\" src=\"https:\/\/www.sellersunionagent.com\/wp-content\/uploads\/2022\/06\/beautiful-makeup-bag-in-bulk-order-5.jpg\" alt=\"Distribuidor\" width=\"600\" height=\"600\" \/> <img loading=\"lazy\" decoding=\"async\" class=\"aligncenter wp-image-7622\" src=\"https:\/\/www.sellersunionagent.com\/wp-content\/uploads\/2022\/06\/beautiful-makeup-bag-in-bulk-order-4.jpg\" alt=\"Distribuidor\" width=\"600\" height=\"600\" \/><\/p>","protected":false},"excerpt":{"rendered":"<p>Tipo: Bolsa de maquiagem<\/p>\n<p>Size: 20*12*6CM\/18*11*7CM\/21*13*8cm<\/p>\n<p>Cor: mostrada conforme a imagem<\/p>\n<p>OEM\/ODM: aceito<\/p>","protected":false},"featured_media":7625,"comment_status":"open","ping_status":"closed","template":"","meta":{"_acf_changed":false},"product_brand":[],"product_cat":[30],"product_tag":[78,94,93,105],"class_list":{"0":"post-7620","1":"product","2":"type-product","3":"status-publish","4":"has-post-thumbnail","6":"product_cat-makeup-bag","7":"product_tag-makeup-bag","8":"product_tag-organizer","9":"product_tag-storage","10":"product_tag-travel-bag","12":"first","13":"instock","14":"shipping-taxable","15":"product-type-simple","16":"swiper-slide"},"acf":[],"_links":{"self":[{"href":"https:\/\/www.sellersunionagent.com\/pt\/wp-json\/wp\/v2\/product\/7620","targetHints":{"allow":["GET"]}}],"collection":[{"href":"https:\/\/www.sellersunionagent.com\/pt\/wp-json\/wp\/v2\/product"}],"about":[{"href":"https:\/\/www.sellersunionagent.com\/pt\/wp-json\/wp\/v2\/types\/product"}],"replies":[{"embeddable":true,"href":"https:\/\/www.sellersunionagent.com\/pt\/wp-json\/wp\/v2\/comments?post=7620"}],"wp:featuredmedia":[{"embeddable":true,"href":"https:\/\/www.sellersunionagent.com\/pt\/wp-json\/wp\/v2\/media\/7625"}],"wp:attachment":[{"href":"https:\/\/www.sellersunionagent.com\/pt\/wp-json\/wp\/v2\/media?parent=7620"}],"wp:term":[{"taxonomy":"product_brand","embeddable":true,"href":"https:\/\/www.sellersunionagent.com\/pt\/wp-json\/wp\/v2\/product_brand?post=7620"},{"taxonomy":"product_cat","embeddable":true,"href":"https:\/\/www.sellersunionagent.com\/pt\/wp-json\/wp\/v2\/product_cat?post=7620"},{"taxonomy":"product_tag","embeddable":true,"href":"https:\/\/www.sellersunionagent.com\/pt\/wp-json\/wp\/v2\/product_tag?post=7620"}],"curies":[{"name":"wp","href":"https:\/\/api.w.org\/{rel}","templated":true}]}}