{"id":7613,"date":"2022-06-27T06:47:14","date_gmt":"2022-06-26T22:47:14","guid":{"rendered":"https:\/\/sellersunionagent.com\/?post_type=product&#038;p=7613"},"modified":"2026-01-06T14:29:41","modified_gmt":"2026-01-06T06:29:41","slug":"bolsa-de-maquiagem-chique-colorida-a-laser-fabricada-na-china-com-material-de-pvc-adequada-para-tres-tamanhos-diferentes-pequeno-medio-e-grande","status":"publish","type":"product","link":"https:\/\/www.sellersunionagent.com\/pt\/laser-color-chic-makeup-bag-made-in-china-with-pvc-material-suits-for-three-different-size-small-medium-large\/","title":{"rendered":"Bolsa de maquiagem chique colorida a laser fabricada na China com material de PVC adequada para tr\u00eas tamanhos diferentes: pequeno, m\u00e9dio e grande"},"content":{"rendered":"<h2>Bolsa de maquiagem chique colorida a laser fabricada na China com material de PVC adequada para tr\u00eas tamanhos diferentes: pequeno, m\u00e9dio e grande<\/h2>\n<p>&nbsp;<\/p>\n<p>Essa bolsa de maquiagem \u00e9 bonita e agrad\u00e1vel de se ver para a sua organiza\u00e7\u00e3o di\u00e1ria, mantendo tudo o que voc\u00ea precisa organizado na bolsa.<\/p>\n<p>&nbsp;<\/p>\n<p>Quando precisar fazer sua pr\u00f3pria maquiagem, voc\u00ea poder\u00e1 encontrar rapidamente o que precisa.<\/p>\n<p>&nbsp;<\/p>\n<p>A apar\u00eancia chique e a caracter\u00edstica pr\u00e1tica ser\u00e3o sua primeira op\u00e7\u00e3o para envi\u00e1-lo como presente de festival para sua namorada ou amigas.<\/p>\n<p>&nbsp;<\/p>\n<p style=\"text-align: center\"><strong>Tipo:<\/strong> Bolsa de maquiagem<\/p>\n<p style=\"text-align: center\"><strong>Tamanho:<\/strong> 23*13*8cm\/20*12*7cm\/16*11*7cm<\/p>\n<p style=\"text-align: center\"><strong>Cor:<\/strong> Laser<\/p>\n<p style=\"text-align: center\"><strong>OEM\/ODM:<\/strong> Aceito<\/p>\n<p><img fetchpriority=\"high\" decoding=\"async\" class=\"aligncenter wp-image-7614\" src=\"https:\/\/www.sellersunionagent.com\/wp-content\/uploads\/2022\/06\/laser-color-chic-makeup-bag-5.jpg\" alt=\"\" width=\"600\" height=\"516\" \/><\/p>\n<p><img decoding=\"async\" class=\"aligncenter wp-image-7615\" src=\"https:\/\/www.sellersunionagent.com\/wp-content\/uploads\/2022\/06\/laser-color-chic-makeup-bag-4.jpg\" alt=\"\" width=\"600\" height=\"600\" \/><img decoding=\"async\" class=\"aligncenter wp-image-7617\" src=\"https:\/\/www.sellersunionagent.com\/wp-content\/uploads\/2022\/06\/laser-color-chic-makeup-bag-2.jpg\" alt=\"Distribuidor\" width=\"600\" height=\"600\" \/> <img loading=\"lazy\" decoding=\"async\" class=\"aligncenter wp-image-7618\" src=\"https:\/\/www.sellersunionagent.com\/wp-content\/uploads\/2022\/06\/laser-color-chic-makeup-bag-1.jpg\" alt=\"Distribuidor\" width=\"600\" height=\"600\" \/> <img loading=\"lazy\" decoding=\"async\" class=\"aligncenter wp-image-7616\" src=\"https:\/\/www.sellersunionagent.com\/wp-content\/uploads\/2022\/06\/laser-color-chic-makeup-bag-3.jpg\" alt=\"Distribuidor\" width=\"600\" height=\"600\" \/><\/p>","protected":false},"excerpt":{"rendered":"<p><strong>MOQ<\/strong>:  100 pe\u00e7as<br \/>\n<strong>Amostra gr\u00e1tis<\/strong>:  Com suporte<br \/>\n<strong>Personaliza\u00e7\u00e3o<\/strong>: logotipo \/ cor \/ materiais \/ embalagem etc.<br \/>\n<strong>Desconto<\/strong>:  Primeiros pedidos a partir de 10% de desconto.<br \/>\n<strong>Taxa de entrega no prazo<\/strong>:\u00a0 100%<br \/>\n<strong>Total de remessas<\/strong>: 75500 pe\u00e7as<br \/>\n<strong>Remessa<\/strong>: Suporte expresso - frete mar\u00edtimo - frete terrestre<\/p>","protected":false},"featured_media":7619,"comment_status":"open","ping_status":"closed","template":"","meta":{"_acf_changed":false},"product_brand":[],"product_cat":[30],"product_tag":[171,78,93,105],"class_list":{"0":"post-7613","1":"product","2":"type-product","3":"status-publish","4":"has-post-thumbnail","6":"product_cat-makeup-bag","7":"product_tag-make-up-hot","8":"product_tag-makeup-bag","9":"product_tag-storage","10":"product_tag-travel-bag","12":"first","13":"instock","14":"shipping-taxable","15":"purchasable","16":"product-type-simple","17":"swiper-slide"},"acf":[],"_links":{"self":[{"href":"https:\/\/www.sellersunionagent.com\/pt\/wp-json\/wp\/v2\/product\/7613","targetHints":{"allow":["GET"]}}],"collection":[{"href":"https:\/\/www.sellersunionagent.com\/pt\/wp-json\/wp\/v2\/product"}],"about":[{"href":"https:\/\/www.sellersunionagent.com\/pt\/wp-json\/wp\/v2\/types\/product"}],"replies":[{"embeddable":true,"href":"https:\/\/www.sellersunionagent.com\/pt\/wp-json\/wp\/v2\/comments?post=7613"}],"wp:featuredmedia":[{"embeddable":true,"href":"https:\/\/www.sellersunionagent.com\/pt\/wp-json\/wp\/v2\/media\/7619"}],"wp:attachment":[{"href":"https:\/\/www.sellersunionagent.com\/pt\/wp-json\/wp\/v2\/media?parent=7613"}],"wp:term":[{"taxonomy":"product_brand","embeddable":true,"href":"https:\/\/www.sellersunionagent.com\/pt\/wp-json\/wp\/v2\/product_brand?post=7613"},{"taxonomy":"product_cat","embeddable":true,"href":"https:\/\/www.sellersunionagent.com\/pt\/wp-json\/wp\/v2\/product_cat?post=7613"},{"taxonomy":"product_tag","embeddable":true,"href":"https:\/\/www.sellersunionagent.com\/pt\/wp-json\/wp\/v2\/product_tag?post=7613"}],"curies":[{"name":"wp","href":"https:\/\/api.w.org\/{rel}","templated":true}]}}