{"id":7593,"date":"2022-06-27T06:31:01","date_gmt":"2022-06-26T22:31:01","guid":{"rendered":"https:\/\/sellersunionagent.com\/?post_type=product&#038;p=7593"},"modified":"2026-01-06T14:29:42","modified_gmt":"2026-01-06T06:29:42","slug":"pedido-em-massa-para-varejista-atacadista-2022-bolsas-de-maquiagem-de-grande-capacidade-a-prova-dagua","status":"publish","type":"product","link":"https:\/\/www.sellersunionagent.com\/pt\/bulk-order-for-retailer-wholesaler-2022-waterproof-large-capacity-makeup-bags\/","title":{"rendered":"Pedido a granel para varejista\/atacadista: 2022 bolsas de maquiagem \u00e0 prova d'\u00e1gua de grande capacidade"},"content":{"rendered":"<h2>Pedido a granel para varejista\/atacadista: 2022 bolsas de maquiagem \u00e0 prova d'\u00e1gua de grande capacidade<\/h2>\n<p>&nbsp;<\/p>\n<p>Essa bolsa para maquiagem \u00e9 feita de poli\u00e9ster \u00e0 prova d'\u00e1gua com z\u00edper mental qualificado. \u00c9 muito f\u00e1cil de limpar e tem um bom desempenho para evitar que os itens fiquem sujos e molhados.<\/p>\n<p>&nbsp;<\/p>\n<p>&nbsp;<\/p>\n<p>O tamanho da bolsa \u00e9: 22*12*20cm; o peso \u00e9 de apenas 110g. \u00c9 uma bolsa de maquiagem de pe\u00e7a \u00fanica com grande capacidade. A dimens\u00e3o e a estrutura perfeitas ajudam a armazenar suas maquiagens em casa ou em viagens.<\/p>\n<p>&nbsp;<\/p>\n<p>&nbsp;<\/p>\n<p>A apar\u00eancia chique e a caracter\u00edstica pr\u00e1tica ser\u00e3o sua primeira op\u00e7\u00e3o para envi\u00e1-lo como presente de festival para sua namorada ou amigas.<\/p>\n<p>&nbsp;<\/p>\n<p style=\"text-align: center\"><strong>Tipo:<\/strong> Bolsa de maquiagem<\/p>\n<p style=\"text-align: center\"><strong>Item NO:<\/strong> RH529<\/p>\n<p style=\"text-align: center\"><strong>Tamanho:<\/strong> 22*12*20cm<\/p>\n<p style=\"text-align: center\"><strong>Cor:<\/strong> Preto\/cinza\/azul escuro\/azul claro\/roxo\/vermelho<\/p>\n<p style=\"text-align: center\"><strong>OEM\/ODM:<\/strong> Aceito<\/p>\n<p><img fetchpriority=\"high\" decoding=\"async\" class=\"aligncenter wp-image-7604\" src=\"https:\/\/www.sellersunionagent.com\/wp-content\/uploads\/2022\/06\/2022-waterproof-large-capacity-makeup-bags.jpg\" alt=\"\" width=\"600\" height=\"600\" \/><\/p>\n<p><img decoding=\"async\" class=\"aligncenter wp-image-7598\" src=\"https:\/\/www.sellersunionagent.com\/wp-content\/uploads\/2022\/06\/2022-waterproof-large-capacity-makeup-bags-6.jpg\" alt=\"\" width=\"600\" height=\"400\" \/><\/p>\n<p><img decoding=\"async\" class=\"aligncenter wp-image-7596\" src=\"https:\/\/www.sellersunionagent.com\/wp-content\/uploads\/2022\/06\/2022-waterproof-large-capacity-makeup-bags-8.jpg\" alt=\"\" width=\"600\" height=\"600\" \/><img loading=\"lazy\" decoding=\"async\" class=\"aligncenter wp-image-9223\" src=\"https:\/\/www.sellersunionagent.com\/wp-content\/uploads\/2022\/06\/\u6b63\u65b9\u5f62-3-2.jpg\" alt=\"\" width=\"600\" height=\"600\" \/> <img loading=\"lazy\" decoding=\"async\" class=\"aligncenter wp-image-9225\" src=\"https:\/\/www.sellersunionagent.com\/wp-content\/uploads\/2022\/06\/\u6b63\u65b9\u5f62-1-2.jpg\" alt=\"\" width=\"600\" height=\"600\" \/> <img loading=\"lazy\" decoding=\"async\" class=\"aligncenter wp-image-9226\" src=\"https:\/\/www.sellersunionagent.com\/wp-content\/uploads\/2022\/06\/\u6b63\u65b9\u5f62-2-2.jpg\" alt=\"\" width=\"600\" height=\"600\" \/><\/p>","protected":false},"excerpt":{"rendered":"<p><strong>MOQ<\/strong>:  100 pe\u00e7as<br \/>\n<strong>Amostra gr\u00e1tis<\/strong>:  Com suporte<br \/>\n<strong>Personaliza\u00e7\u00e3o<\/strong>: logotipo \/ cor \/ materiais \/ embalagem etc.<br \/>\n<strong>Desconto<\/strong>:  Primeiros pedidos a partir de 10% de desconto.<br \/>\n<strong>Taxa de entrega no prazo<\/strong>:\u00a0 100%<br \/>\n<strong>Total de remessas<\/strong>: 75500 pe\u00e7as<br \/>\n<strong>Remessa<\/strong>: Suporte expresso - frete mar\u00edtimo - frete terrestre<\/p>","protected":false},"featured_media":9600,"comment_status":"open","ping_status":"closed","template":"","meta":{"_acf_changed":false},"product_brand":[],"product_cat":[30],"product_tag":[171,78,94,105],"class_list":{"0":"post-7593","1":"product","2":"type-product","3":"status-publish","4":"has-post-thumbnail","6":"product_cat-makeup-bag","7":"product_tag-make-up-hot","8":"product_tag-makeup-bag","9":"product_tag-organizer","10":"product_tag-travel-bag","12":"first","13":"instock","14":"shipping-taxable","15":"purchasable","16":"product-type-simple","17":"swiper-slide"},"acf":[],"_links":{"self":[{"href":"https:\/\/www.sellersunionagent.com\/pt\/wp-json\/wp\/v2\/product\/7593","targetHints":{"allow":["GET"]}}],"collection":[{"href":"https:\/\/www.sellersunionagent.com\/pt\/wp-json\/wp\/v2\/product"}],"about":[{"href":"https:\/\/www.sellersunionagent.com\/pt\/wp-json\/wp\/v2\/types\/product"}],"replies":[{"embeddable":true,"href":"https:\/\/www.sellersunionagent.com\/pt\/wp-json\/wp\/v2\/comments?post=7593"}],"wp:featuredmedia":[{"embeddable":true,"href":"https:\/\/www.sellersunionagent.com\/pt\/wp-json\/wp\/v2\/media\/9600"}],"wp:attachment":[{"href":"https:\/\/www.sellersunionagent.com\/pt\/wp-json\/wp\/v2\/media?parent=7593"}],"wp:term":[{"taxonomy":"product_brand","embeddable":true,"href":"https:\/\/www.sellersunionagent.com\/pt\/wp-json\/wp\/v2\/product_brand?post=7593"},{"taxonomy":"product_cat","embeddable":true,"href":"https:\/\/www.sellersunionagent.com\/pt\/wp-json\/wp\/v2\/product_cat?post=7593"},{"taxonomy":"product_tag","embeddable":true,"href":"https:\/\/www.sellersunionagent.com\/pt\/wp-json\/wp\/v2\/product_tag?post=7593"}],"curies":[{"name":"wp","href":"https:\/\/api.w.org\/{rel}","templated":true}]}}