{"id":7583,"date":"2022-06-27T06:19:04","date_gmt":"2022-06-26T22:19:04","guid":{"rendered":"https:\/\/sellersunionagent.com\/?post_type=product&#038;p=7583"},"modified":"2022-07-11T14:02:00","modified_gmt":"2022-07-11T06:02:00","slug":"bolsas-de-maquiagem-a-granel-da-fabrica-da-china-com-o-mais-recente-design-de-moda","status":"publish","type":"product","link":"https:\/\/www.sellersunionagent.com\/pt\/makeup-bags-in-bulk-from-china-factory-with-latest-fashion-design\/","title":{"rendered":"Bolsas de maquiagem a granel da f\u00e1brica da China com o mais recente design de moda"},"content":{"rendered":"<h2>Bolsas de maquiagem a granel da f\u00e1brica da China com o mais recente design de moda<\/h2>\n<p>&nbsp;<\/p>\n<p>&nbsp;<\/p>\n<p>Essa bolsa para maquiagem \u00e9 feita de poli\u00e9ster de alta qualidade e \u00e9 \u00e0 prova d'\u00e1gua. Possui um fechamento f\u00e1cil com z\u00edper. A al\u00e7a resistente faz com que essa bolsa se adapte a viagens e tamb\u00e9m ao armazenamento dom\u00e9stico. O tamanho da bolsa \u00e9 de 24*10*20cm.<\/p>\n<p>&nbsp;<\/p>\n<p>&nbsp;<\/p>\n<p>Esse \u00e9 um presente perfeito para mulheres e meninas ou para voc\u00ea mesmo. Parece chique e voc\u00ea tamb\u00e9m pode us\u00e1-la como uma bolsa para produtos digitais. \u00c9 uma bolsa multifuncional.<\/p>\n<p>&nbsp;<\/p>\n<p>&nbsp;<\/p>\n<p>Essa bolsa tem quatro cores dispon\u00edveis: vermelho, laranja, cinza e azul. Ela pode embalar bem todos os seus produtos de maquiagem devido \u00e0 sua grande capacidade.<\/p>\n<p>&nbsp;<\/p>\n<p><img fetchpriority=\"high\" decoding=\"async\" class=\"aligncenter wp-image-7588\" src=\"https:\/\/www.sellersunionagent.com\/wp-content\/uploads\/2022\/06\/makeup-bags-in-bulk-4.jpg\" alt=\"\" width=\"600\" height=\"600\" \/><\/p>\n<p><img decoding=\"async\" class=\"aligncenter wp-image-7591\" src=\"https:\/\/www.sellersunionagent.com\/wp-content\/uploads\/2022\/06\/makeup-bags-in-bulk-1.jpg\" alt=\"\" width=\"600\" height=\"600\" \/><img decoding=\"async\" class=\"aligncenter wp-image-9060\" src=\"https:\/\/www.sellersunionagent.com\/wp-content\/uploads\/2022\/06\/SKU-01-\u9152\u7ea2\u8272-5.jpg\" alt=\"Fabrica\u00e7\u00e3o na China\" width=\"600\" height=\"600\" \/> <img loading=\"lazy\" decoding=\"async\" class=\"aligncenter wp-image-9061\" src=\"https:\/\/www.sellersunionagent.com\/wp-content\/uploads\/2022\/06\/\u4e3b\u56fe-01-21.jpg\" alt=\"Fabrica\u00e7\u00e3o na China\" width=\"600\" height=\"600\" \/><\/p>","protected":false},"excerpt":{"rendered":"<p>Tipo: Bolsa de maquiagem<\/p>\n<p>Tamanho: 24*10*20cm<\/p>\n<p>Cor: vermelho\/laranja\/cinza\/azul<\/p>\n<p>OEM\/ODM: aceito<\/p>","protected":false},"featured_media":7592,"comment_status":"open","ping_status":"closed","template":"","meta":{"_acf_changed":false},"product_brand":[],"product_cat":[30],"product_tag":[78,94,105],"class_list":{"0":"post-7583","1":"product","2":"type-product","3":"status-publish","4":"has-post-thumbnail","6":"product_cat-makeup-bag","7":"product_tag-makeup-bag","8":"product_tag-organizer","9":"product_tag-travel-bag","11":"first","12":"instock","13":"shipping-taxable","14":"product-type-simple","15":"swiper-slide"},"acf":[],"_links":{"self":[{"href":"https:\/\/www.sellersunionagent.com\/pt\/wp-json\/wp\/v2\/product\/7583","targetHints":{"allow":["GET"]}}],"collection":[{"href":"https:\/\/www.sellersunionagent.com\/pt\/wp-json\/wp\/v2\/product"}],"about":[{"href":"https:\/\/www.sellersunionagent.com\/pt\/wp-json\/wp\/v2\/types\/product"}],"replies":[{"embeddable":true,"href":"https:\/\/www.sellersunionagent.com\/pt\/wp-json\/wp\/v2\/comments?post=7583"}],"wp:featuredmedia":[{"embeddable":true,"href":"https:\/\/www.sellersunionagent.com\/pt\/wp-json\/wp\/v2\/media\/7592"}],"wp:attachment":[{"href":"https:\/\/www.sellersunionagent.com\/pt\/wp-json\/wp\/v2\/media?parent=7583"}],"wp:term":[{"taxonomy":"product_brand","embeddable":true,"href":"https:\/\/www.sellersunionagent.com\/pt\/wp-json\/wp\/v2\/product_brand?post=7583"},{"taxonomy":"product_cat","embeddable":true,"href":"https:\/\/www.sellersunionagent.com\/pt\/wp-json\/wp\/v2\/product_cat?post=7583"},{"taxonomy":"product_tag","embeddable":true,"href":"https:\/\/www.sellersunionagent.com\/pt\/wp-json\/wp\/v2\/product_tag?post=7583"}],"curies":[{"name":"wp","href":"https:\/\/api.w.org\/{rel}","templated":true}]}}