{"id":7575,"date":"2022-06-27T06:07:09","date_gmt":"2022-06-26T22:07:09","guid":{"rendered":"https:\/\/sellersunionagent.com\/?post_type=product&#038;p=7575"},"modified":"2022-08-31T14:20:01","modified_gmt":"2022-08-31T06:20:01","slug":"5-conjuntos-de-embalagem-para-armazenamento-domestico-bolsa-de-viagem-bagagem-organizadores-de-embalagem-acessorios-com-bolsa-para-roupas-intimas-bolsa-para-produtos-digitais-bolsa-para-meias-e","status":"publish","type":"product","link":"https:\/\/www.sellersunionagent.com\/pt\/5-set-packing-home-storage-travel-bag-luggage-packing-organizers-accessories-with-clothes-bag-underwear-bag-digital-product-bag-sock-bag-and-shoes-bag\/","title":{"rendered":"5 conjuntos de bolsas de viagem para armazenamento dom\u00e9stico, organizadores de malas e acess\u00f3rios com bolsa para roupas, bolsa para roupas \u00edntimas, bolsa para produtos digitais, bolsa para meias e bolsa para sapatos"},"content":{"rendered":"<h2>5 conjuntos de bolsas de viagem para armazenamento dom\u00e9stico, organizadores de malas e acess\u00f3rios com bolsa para roupas, bolsa para roupas \u00edntimas, bolsa para produtos digitais, bolsa para meias e bolsa para sapatos<\/h2>\n<p>&nbsp;<\/p>\n<p>&nbsp;<\/p>\n<p>Este conjunto cont\u00e9m 5 bolsas de viagem, incluindo bolsa para roupas, bolsa para roupas \u00edntimas, bolsa para produtos digitais, bolsa para meias e bolsa para sapatos. A al\u00e7a resistente torna a bolsa de viagem f\u00e1cil e confort\u00e1vel de carregar. Essas bolsas tamb\u00e9m podem ser dobradas para economizar espa\u00e7o.<\/p>\n<p>&nbsp;<\/p>\n<p>&nbsp;<\/p>\n<p>A bolsa de armazenamento separada pode distinguir as roupas e outros acess\u00f3rios da sua bagagem bagun\u00e7ada. Voc\u00ea pode embal\u00e1-la com a mala suja ou limpa para proteger suas roupas.<\/p>\n<p>&nbsp;<\/p>\n<p>&nbsp;<\/p>\n<p>Essas bolsas s\u00e3o feitas de poli\u00e9ster de alta qualidade, portanto, s\u00e3o \u00e0 prova d'\u00e1gua. O produto tem z\u00edperes duplos, o que facilita a abertura e o fechamento.<\/p>\n<p>&nbsp;<\/p>\n<p>&nbsp;<\/p>\n<p><img fetchpriority=\"high\" decoding=\"async\" class=\"aligncenter wp-image-7576\" src=\"https:\/\/www.sellersunionagent.com\/wp-content\/uploads\/2022\/06\/5-set-packing-home-storage-travel-bag-6.jpg\" alt=\"\" width=\"600\" height=\"600\" \/><\/p>\n<p><img decoding=\"async\" class=\"aligncenter wp-image-7579\" src=\"https:\/\/www.sellersunionagent.com\/wp-content\/uploads\/2022\/06\/5-set-packing-home-storage-travel-bag-3.jpg\" alt=\"\" width=\"600\" height=\"600\" \/> <img decoding=\"async\" class=\"aligncenter wp-image-7580\" src=\"https:\/\/www.sellersunionagent.com\/wp-content\/uploads\/2022\/06\/5-set-packing-home-storage-travel-bag-2.jpg\" alt=\"Distribuidor\" width=\"600\" height=\"600\" \/> <img loading=\"lazy\" decoding=\"async\" class=\"aligncenter wp-image-7578\" src=\"https:\/\/www.sellersunionagent.com\/wp-content\/uploads\/2022\/06\/5-set-packing-home-storage-travel-bag-4.jpg\" alt=\"Distribuidor\" width=\"600\" height=\"600\" \/> <img loading=\"lazy\" decoding=\"async\" class=\"aligncenter wp-image-7577\" src=\"https:\/\/www.sellersunionagent.com\/wp-content\/uploads\/2022\/06\/5-set-packing-home-storage-travel-bag-5.jpg\" alt=\"Distribuidor\" width=\"600\" height=\"600\" \/> <img loading=\"lazy\" decoding=\"async\" class=\"aligncenter wp-image-7582\" src=\"https:\/\/www.sellersunionagent.com\/wp-content\/uploads\/2022\/06\/5-set-packing-home-storage-travel-bag.jpg\" alt=\"Distribuidor\" width=\"600\" height=\"600\" \/><\/p>","protected":false},"excerpt":{"rendered":"<p>Tipo: Bolsa para armazenamento dom\u00e9stico<\/p>\n<p>Tamanho: 29*18*39cm<\/p>\n<p>Cor: rosa\/verde\/preto\/cinza\/azul<\/p>\n<p>OEM\/ODM: aceito<\/p>","protected":false},"featured_media":9186,"comment_status":"open","ping_status":"closed","template":"","meta":{"_acf_changed":false},"product_brand":[],"product_cat":[31,186],"product_tag":[70,105],"class_list":{"0":"post-7575","1":"product","2":"type-product","3":"status-publish","4":"has-post-thumbnail","6":"product_cat-home-storage","7":"product_cat-living-room","8":"product_tag-home-storage","9":"product_tag-travel-bag","11":"first","12":"instock","13":"shipping-taxable","14":"product-type-simple","15":"swiper-slide"},"acf":[],"_links":{"self":[{"href":"https:\/\/www.sellersunionagent.com\/pt\/wp-json\/wp\/v2\/product\/7575","targetHints":{"allow":["GET"]}}],"collection":[{"href":"https:\/\/www.sellersunionagent.com\/pt\/wp-json\/wp\/v2\/product"}],"about":[{"href":"https:\/\/www.sellersunionagent.com\/pt\/wp-json\/wp\/v2\/types\/product"}],"replies":[{"embeddable":true,"href":"https:\/\/www.sellersunionagent.com\/pt\/wp-json\/wp\/v2\/comments?post=7575"}],"wp:featuredmedia":[{"embeddable":true,"href":"https:\/\/www.sellersunionagent.com\/pt\/wp-json\/wp\/v2\/media\/9186"}],"wp:attachment":[{"href":"https:\/\/www.sellersunionagent.com\/pt\/wp-json\/wp\/v2\/media?parent=7575"}],"wp:term":[{"taxonomy":"product_brand","embeddable":true,"href":"https:\/\/www.sellersunionagent.com\/pt\/wp-json\/wp\/v2\/product_brand?post=7575"},{"taxonomy":"product_cat","embeddable":true,"href":"https:\/\/www.sellersunionagent.com\/pt\/wp-json\/wp\/v2\/product_cat?post=7575"},{"taxonomy":"product_tag","embeddable":true,"href":"https:\/\/www.sellersunionagent.com\/pt\/wp-json\/wp\/v2\/product_tag?post=7575"}],"curies":[{"name":"wp","href":"https:\/\/api.w.org\/{rel}","templated":true}]}}